{"id":2028,"date":"2024-08-06T08:00:50","date_gmt":"2024-08-06T08:00:50","guid":{"rendered":"https:\/\/geersbv.nl\/leuchten\/"},"modified":"2026-02-05T09:46:59","modified_gmt":"2026-02-05T09:46:59","slug":"leuchten","status":"publish","type":"page","link":"https:\/\/geersbv.nl\/de\/leuchten\/","title":{"rendered":"Leuchten"},"content":{"rendered":"\t\t<div data-elementor-type=\"wp-page\" data-elementor-id=\"2028\" class=\"elementor elementor-2028 elementor-43\" data-elementor-post-type=\"page\">\n\t\t\t\t<div class=\"elementor-element elementor-element-cdcdd1e e-con-full e-flex e-con e-parent\" data-id=\"cdcdd1e\" data-element_type=\"container\" data-e-type=\"container\" data-settings=\"{&quot;background_background&quot;:&quot;classic&quot;}\">\n\t\t<div class=\"elementor-element elementor-element-b9e1854 e-con-full e-flex elementor-invisible e-con e-child\" data-id=\"b9e1854\" data-element_type=\"container\" data-e-type=\"container\" data-settings=\"{&quot;animation&quot;:&quot;fadeInLeft&quot;}\">\n\t\t\t\t<div class=\"elementor-element elementor-element-1c7a74d elementor-widget elementor-widget-heading\" data-id=\"1c7a74d\" data-element_type=\"widget\" data-e-type=\"widget\" data-widget_type=\"heading.default\">\n\t\t\t\t\t<h1 class=\"elementor-heading-title elementor-size-default\">Suchen Sie nach geeigneten Leuchten?  <\/h1>\t\t\t\t<\/div>\n\t\t\t\t<div class=\"elementor-element elementor-element-584289f elementor-widget-divider--view-line elementor-widget elementor-widget-divider\" data-id=\"584289f\" data-element_type=\"widget\" data-e-type=\"widget\" data-widget_type=\"divider.default\">\n\t\t\t\t\t\t\t<div class=\"elementor-divider\">\n\t\t\t<span class=\"elementor-divider-separator\">\n\t\t\t\t\t\t<\/span>\n\t\t<\/div>\n\t\t\t\t\t\t<\/div>\n\t\t\t\t<div class=\"elementor-element elementor-element-1751b6a elementor-widget elementor-widget-heading\" data-id=\"1751b6a\" data-element_type=\"widget\" data-e-type=\"widget\" data-widget_type=\"heading.default\">\n\t\t\t\t\t<h2 class=\"elementor-heading-title elementor-size-default\">Geers denkt mit Ihnen.<\/h2>\t\t\t\t<\/div>\n\t\t\t\t<\/div>\n\t\t\t\t<\/div>\n\t\t<div class=\"elementor-element elementor-element-928524f e-flex e-con-boxed e-con e-parent\" data-id=\"928524f\" data-element_type=\"container\" data-e-type=\"container\">\n\t\t\t\t\t<div class=\"e-con-inner\">\n\t\t<div class=\"elementor-element elementor-element-90cec5f e-con-full e-flex elementor-invisible e-con e-child\" data-id=\"90cec5f\" data-element_type=\"container\" data-e-type=\"container\" data-settings=\"{&quot;animation&quot;:&quot;fadeInUp&quot;}\">\n\t\t\t\t<div class=\"elementor-element elementor-element-51c38aa elementor-widget elementor-widget-image\" data-id=\"51c38aa\" data-element_type=\"widget\" data-e-type=\"widget\" data-widget_type=\"image.default\">\n\t\t\t\t\t\t\t\t\t\t\t\t\t\t\t<img fetchpriority=\"high\" decoding=\"async\" width=\"2500\" height=\"1668\" src=\"https:\/\/geersbv.nl\/wp-content\/uploads\/2024\/08\/Armaturen-licht-sierteelt-assimilatiebelichting-groeilicht-geers.jpg\" class=\"attachment-full size-full wp-image-2030\" alt=\"\" srcset=\"https:\/\/geersbv.nl\/wp-content\/uploads\/2024\/08\/Armaturen-licht-sierteelt-assimilatiebelichting-groeilicht-geers.jpg 2500w, https:\/\/geersbv.nl\/wp-content\/uploads\/2024\/08\/Armaturen-licht-sierteelt-assimilatiebelichting-groeilicht-geers-300x200.jpg 300w, https:\/\/geersbv.nl\/wp-content\/uploads\/2024\/08\/Armaturen-licht-sierteelt-assimilatiebelichting-groeilicht-geers-1024x683.jpg 1024w, https:\/\/geersbv.nl\/wp-content\/uploads\/2024\/08\/Armaturen-licht-sierteelt-assimilatiebelichting-groeilicht-geers-768x512.jpg 768w, https:\/\/geersbv.nl\/wp-content\/uploads\/2024\/08\/Armaturen-licht-sierteelt-assimilatiebelichting-groeilicht-geers-1536x1025.jpg 1536w, https:\/\/geersbv.nl\/wp-content\/uploads\/2024\/08\/Armaturen-licht-sierteelt-assimilatiebelichting-groeilicht-geers-2048x1366.jpg 2048w\" sizes=\"(max-width: 2500px) 100vw, 2500px\" \/>\t\t\t\t\t\t\t\t\t\t\t\t\t\t\t<\/div>\n\t\t\t\t<\/div>\n\t\t<div class=\"elementor-element elementor-element-70ad096 e-con-full e-flex elementor-invisible e-con e-child\" data-id=\"70ad096\" data-element_type=\"container\" data-e-type=\"container\" data-settings=\"{&quot;animation&quot;:&quot;fadeInRight&quot;,&quot;animation_delay&quot;:200}\">\n\t\t\t\t<div class=\"elementor-element elementor-element-e62be58 elementor-widget elementor-widget-heading\" data-id=\"e62be58\" data-element_type=\"widget\" data-e-type=\"widget\" data-widget_type=\"heading.default\">\n\t\t\t\t\t<h2 class=\"elementor-heading-title elementor-size-default\">Das richtige Lichtrezept f\u00fcr den h\u00f6chsten Ertrag aus Ihrer Ernte<\/h2>\t\t\t\t<\/div>\n\t\t\t\t<div class=\"elementor-element elementor-element-c31aaea elementor-widget elementor-widget-text-editor\" data-id=\"c31aaea\" data-element_type=\"widget\" data-e-type=\"widget\" data-widget_type=\"text-editor.default\">\n\t\t\t\t\t\t\t\t\t<p class=\"p1\">Wir sind auch Ihr zuverl\u00e4ssiger Partner f\u00fcr die Lieferung von Leuchten. Wir liefern nur Leuchten von A-Marken wie <a href=\"https:\/\/www.signify.com\/nl-nl\">Signify<\/a>, <a href=\"https:\/\/www.agrolux.nl\/\">Agrolux<\/a>, <a href=\"https:\/\/gavita.com\/horti\/nl\/\">Gavita<\/a>, <a href=\"https:\/\/www.hortilux.com\/nl\/\" target=\"_blank\" rel=\"noopener\">Hortilux<\/a>, <a href=\"https:\/\/fluence-led.com\/\">Fluence<\/a>, <a href=\"https:\/\/dli.nl\/nl\/\">DLI<\/a>, <a href=\"https:\/\/www.horti-growlight.com\/nl-nl\/\" target=\"_blank\" rel=\"noopener\">MechaTronix<\/a> und <a href=\"https:\/\/www.oreon-led.com\/nl\/\">Oreon<\/a>. Diese Lieferanten haben sich bew\u00e4hrt und liefern hochwertige Produkte. Wir garantieren Ihnen h\u00f6chste Zuverl\u00e4ssigkeit und beste Qualit\u00e4t.   <\/p><p>Dynamische oder zyklische Beleuchtung? Fernrotes Licht anwenden? Die wachstumsbeleuchtung geht heute \u00fcber das An- und Ausschalten von Lampen hinaus. Wir haben ein einzigartiges und \u00fcberzeugendes Tool entwickelt, um die beste Beleuchtung f\u00fcr Ihren Anbau in Ihrem Gew\u00e4chshaus auszuw\u00e4hlen. Mit unserem fortschrittlichen Berechnungsmodul k\u00f6nnen wir Sie hervorragend und unabh\u00e4ngig beraten, welches Licht die beste Wahl f\u00fcr Sie ist.    <\/p>\t\t\t\t\t\t\t\t<\/div>\n\t\t\t\t<\/div>\n\t\t\t\t\t<\/div>\n\t\t\t\t<\/div>\n\t\t<div class=\"elementor-element elementor-element-6dd37f9 e-flex e-con-boxed e-con e-parent\" data-id=\"6dd37f9\" data-element_type=\"container\" data-e-type=\"container\">\n\t\t\t\t\t<div class=\"e-con-inner\">\n\t\t<div class=\"elementor-element elementor-element-c9e43a7 e-con-full e-flex e-con e-child\" data-id=\"c9e43a7\" data-element_type=\"container\" data-e-type=\"container\">\n\t\t\t\t<div class=\"elementor-element elementor-element-a319320 elementor-widget elementor-widget-text-editor\" data-id=\"a319320\" data-element_type=\"widget\" data-e-type=\"widget\" data-widget_type=\"text-editor.default\">\n\t\t\t\t\t\t\t\t\t<p>Verkabelung und Schaltpaneele<\/p>\t\t\t\t\t\t\t\t<\/div>\n\t\t\t\t<div class=\"elementor-element elementor-element-138fc4f elementor-widget elementor-widget-text-editor\" data-id=\"138fc4f\" data-element_type=\"widget\" data-e-type=\"widget\" data-widget_type=\"text-editor.default\">\n\t\t\t\t\t\t\t\t\t<p><span style=\"color: #c5ceda;\">Entdecken Sie das einzigartige<strong><a style=\"color: #c5ceda;\" href=\"https:\/\/geersbv.nl\/de\/geers-connection-cable\/\"> Geers Connection Cable<\/a> <\/strong>und unsere ma\u00dfgeschneiderten <strong><a style=\"color: #c5ceda;\" href=\"https:\/\/geersbv.nl\/de\/schaltpaneele\/\">Schaltpaneele<\/a><\/strong> f\u00fcr eine komplette L\u00f6sung.<\/span><\/p>\t\t\t\t\t\t\t\t<\/div>\n\t\t\t\t<\/div>\n\t\t\t\t\t<\/div>\n\t\t\t\t<\/div>\n\t\t<div class=\"elementor-element elementor-element-94adf89 e-flex e-con-boxed e-con e-parent\" data-id=\"94adf89\" data-element_type=\"container\" data-e-type=\"container\">\n\t\t\t\t\t<div class=\"e-con-inner\">\n\t\t<div class=\"elementor-element elementor-element-1569509 e-con-full e-flex e-con e-child\" data-id=\"1569509\" data-element_type=\"container\" data-e-type=\"container\">\n\t\t<div class=\"elementor-element elementor-element-517cafa e-con-full e-flex e-con e-child\" data-id=\"517cafa\" data-element_type=\"container\" data-e-type=\"container\">\n\t\t\t\t<div class=\"elementor-element elementor-element-4378a40 elementor-widget elementor-widget-image\" data-id=\"4378a40\" data-element_type=\"widget\" data-e-type=\"widget\" data-widget_type=\"image.default\">\n\t\t\t\t\t\t\t\t\t\t\t\t\t\t\t<img decoding=\"async\" width=\"2500\" height=\"1668\" src=\"https:\/\/geersbv.nl\/wp-content\/uploads\/2024\/08\/Geers-connection-cable-armaturen-groeilicht.jpg\" class=\"attachment-full size-full wp-image-2014\" alt=\"\" srcset=\"https:\/\/geersbv.nl\/wp-content\/uploads\/2024\/08\/Geers-connection-cable-armaturen-groeilicht.jpg 2500w, https:\/\/geersbv.nl\/wp-content\/uploads\/2024\/08\/Geers-connection-cable-armaturen-groeilicht-300x200.jpg 300w, https:\/\/geersbv.nl\/wp-content\/uploads\/2024\/08\/Geers-connection-cable-armaturen-groeilicht-1024x683.jpg 1024w, https:\/\/geersbv.nl\/wp-content\/uploads\/2024\/08\/Geers-connection-cable-armaturen-groeilicht-768x512.jpg 768w, https:\/\/geersbv.nl\/wp-content\/uploads\/2024\/08\/Geers-connection-cable-armaturen-groeilicht-1536x1025.jpg 1536w, https:\/\/geersbv.nl\/wp-content\/uploads\/2024\/08\/Geers-connection-cable-armaturen-groeilicht-2048x1366.jpg 2048w\" sizes=\"(max-width: 2500px) 100vw, 2500px\" \/>\t\t\t\t\t\t\t\t\t\t\t\t\t\t\t<\/div>\n\t\t<div class=\"elementor-element elementor-element-954e470 e-con-full e-flex e-con e-child\" data-id=\"954e470\" data-element_type=\"container\" data-e-type=\"container\">\n\t\t\t\t<div class=\"elementor-element elementor-element-3948b3d elementor-widget elementor-widget-heading\" data-id=\"3948b3d\" data-element_type=\"widget\" data-e-type=\"widget\" data-widget_type=\"heading.default\">\n\t\t\t\t\t<h3 class=\"elementor-heading-title elementor-size-default\">Geers Connection Cable<\/h3>\t\t\t\t<\/div>\n\t\t\t\t<div class=\"elementor-element elementor-element-7b897da elementor-widget elementor-widget-text-editor\" data-id=\"7b897da\" data-element_type=\"widget\" data-e-type=\"widget\" data-widget_type=\"text-editor.default\">\n\t\t\t\t\t\t\t\t\t<p>Mit dem Geers Connection Cable erhalten Sie ein vorkonfektioniertes Kabel 2.0. Ein absolutes Qualit\u00e4tsprodukt, das im eigenen Haus entwickelt wurde und die strengsten Anforderungen und Normen erf\u00fcllt. Es garantiert eine starke, solide Verbindung.  <\/p>\t\t\t\t\t\t\t\t<\/div>\n\t\t\t\t<\/div>\n\t\t\t\t<\/div>\n\t\t\t\t<div class=\"elementor-element elementor-element-a861e7d elementor-widget elementor-widget-button\" data-id=\"a861e7d\" data-element_type=\"widget\" data-e-type=\"widget\" data-widget_type=\"button.default\">\n\t\t\t\t\t\t\t\t\t\t<a class=\"elementor-button elementor-button-link elementor-size-sm\" href=\"https:\/\/geersbv.nl\/de\/geers-connection-cable\/\">\n\t\t\t\t\t\t<span class=\"elementor-button-content-wrapper\">\n\t\t\t\t\t\t\t\t\t<span class=\"elementor-button-text\">Mehr Informationen<\/span>\n\t\t\t\t\t<\/span>\n\t\t\t\t\t<\/a>\n\t\t\t\t\t\t\t\t<\/div>\n\t\t\t\t<\/div>\n\t\t<div class=\"elementor-element elementor-element-d8c6cba e-con-full e-flex e-con e-child\" data-id=\"d8c6cba\" data-element_type=\"container\" data-e-type=\"container\">\n\t\t<div class=\"elementor-element elementor-element-9d2cac6 e-con-full e-flex e-con e-child\" data-id=\"9d2cac6\" data-element_type=\"container\" data-e-type=\"container\">\n\t\t\t\t<div class=\"elementor-element elementor-element-a3e119c elementor-widget elementor-widget-image\" data-id=\"a3e119c\" data-element_type=\"widget\" data-e-type=\"widget\" data-widget_type=\"image.default\">\n\t\t\t\t\t\t\t\t\t\t\t\t\t\t\t<img decoding=\"async\" width=\"2500\" height=\"1668\" src=\"https:\/\/geersbv.nl\/wp-content\/uploads\/2024\/08\/Schakelpanelen-op-maat-groeilicht-Geers-bv.jpg\" class=\"attachment-full size-full wp-image-2016\" alt=\"\" srcset=\"https:\/\/geersbv.nl\/wp-content\/uploads\/2024\/08\/Schakelpanelen-op-maat-groeilicht-Geers-bv.jpg 2500w, https:\/\/geersbv.nl\/wp-content\/uploads\/2024\/08\/Schakelpanelen-op-maat-groeilicht-Geers-bv-300x200.jpg 300w, https:\/\/geersbv.nl\/wp-content\/uploads\/2024\/08\/Schakelpanelen-op-maat-groeilicht-Geers-bv-1024x683.jpg 1024w, https:\/\/geersbv.nl\/wp-content\/uploads\/2024\/08\/Schakelpanelen-op-maat-groeilicht-Geers-bv-768x512.jpg 768w, https:\/\/geersbv.nl\/wp-content\/uploads\/2024\/08\/Schakelpanelen-op-maat-groeilicht-Geers-bv-1536x1025.jpg 1536w, https:\/\/geersbv.nl\/wp-content\/uploads\/2024\/08\/Schakelpanelen-op-maat-groeilicht-Geers-bv-2048x1366.jpg 2048w\" sizes=\"(max-width: 2500px) 100vw, 2500px\" \/>\t\t\t\t\t\t\t\t\t\t\t\t\t\t\t<\/div>\n\t\t<div class=\"elementor-element elementor-element-17031c5 e-con-full e-flex e-con e-child\" data-id=\"17031c5\" data-element_type=\"container\" data-e-type=\"container\">\n\t\t\t\t<div class=\"elementor-element elementor-element-dd136cd elementor-widget elementor-widget-heading\" data-id=\"dd136cd\" data-element_type=\"widget\" data-e-type=\"widget\" data-widget_type=\"heading.default\">\n\t\t\t\t\t<h3 class=\"elementor-heading-title elementor-size-default\">Schaltpaneele<\/h3>\t\t\t\t<\/div>\n\t\t\t\t<div class=\"elementor-element elementor-element-ffd2526 elementor-widget elementor-widget-text-editor\" data-id=\"ffd2526\" data-element_type=\"widget\" data-e-type=\"widget\" data-widget_type=\"text-editor.default\">\n\t\t\t\t\t\t\t\t\t<p>Wir stellen alle Schaltpaneele selbst in unserer Werkstatt her und verwenden die besten Materialien. Die eigene Produktion erm\u00f6glicht uns eine schnelle und effiziente Ma\u00dfanfertigung. <\/p>\t\t\t\t\t\t\t\t<\/div>\n\t\t\t\t<\/div>\n\t\t\t\t<\/div>\n\t\t\t\t<div class=\"elementor-element elementor-element-6153e88 elementor-widget elementor-widget-button\" data-id=\"6153e88\" data-element_type=\"widget\" data-e-type=\"widget\" data-widget_type=\"button.default\">\n\t\t\t\t\t\t\t\t\t\t<a class=\"elementor-button elementor-button-link elementor-size-sm\" href=\"https:\/\/geersbv.nl\/de\/schaltpaneele\/\">\n\t\t\t\t\t\t<span class=\"elementor-button-content-wrapper\">\n\t\t\t\t\t\t\t\t\t<span class=\"elementor-button-text\">Mehr Informationen<\/span>\n\t\t\t\t\t<\/span>\n\t\t\t\t\t<\/a>\n\t\t\t\t\t\t\t\t<\/div>\n\t\t\t\t<\/div>\n\t\t\t\t\t<\/div>\n\t\t\t\t<\/div>\n\t\t<div class=\"elementor-element elementor-element-c3db1bf e-flex e-con-boxed e-con e-parent\" data-id=\"c3db1bf\" data-element_type=\"container\" data-e-type=\"container\" data-settings=\"{&quot;background_background&quot;:&quot;classic&quot;}\">\n\t\t\t\t\t<div class=\"e-con-inner\">\n\t\t<div class=\"elementor-element elementor-element-4aaaea7 e-con-full e-flex e-con e-child\" data-id=\"4aaaea7\" data-element_type=\"container\" data-e-type=\"container\">\n\t\t\t\t<div class=\"elementor-element elementor-element-3b8e9b6 elementor-widget elementor-widget-text-editor\" data-id=\"3b8e9b6\" data-element_type=\"widget\" data-e-type=\"widget\" data-widget_type=\"text-editor.default\">\n\t\t\t\t\t\t\t\t\tEine unverbindliche Einf\u00fchrung in Geers?  <span style=\"color: #282240;\">Nehmen Sie Kontakt auf und vereinbaren Sie einen Termin.  <\/span>\t\t\t\t\t\t\t\t<\/div>\n\t\t\t\t<div class=\"elementor-element elementor-element-046340e elementor-widget elementor-widget-button\" data-id=\"046340e\" data-element_type=\"widget\" data-e-type=\"widget\" data-widget_type=\"button.default\">\n\t\t\t\t\t\t\t\t\t\t<a class=\"elementor-button elementor-button-link elementor-size-sm\" href=\"https:\/\/geersbv.nl\/de\/kontakt\/\">\n\t\t\t\t\t\t<span class=\"elementor-button-content-wrapper\">\n\t\t\t\t\t\t\t\t\t<span class=\"elementor-button-text\">Kontakt<\/span>\n\t\t\t\t\t<\/span>\n\t\t\t\t\t<\/a>\n\t\t\t\t\t\t\t\t<\/div>\n\t\t\t\t<\/div>\n\t\t\t\t\t<\/div>\n\t\t\t\t<\/div>\n\t\t\t\t<\/div>\n\t\t","protected":false},"excerpt":{"rendered":"<p>Suchen Sie nach geeigneten Leuchten? Geers denkt mit Ihnen. Das richtige Lichtrezept f\u00fcr den h\u00f6chsten Ertrag aus Ihrer Ernte Wir sind auch Ihr zuverl\u00e4ssiger Partner f\u00fcr die Lieferung von Leuchten. Wir liefern nur Leuchten von A-Marken wie Signify, Agrolux, Gavita, Hortilux, Fluence, DLI, MechaTronix und Oreon. Diese Lieferanten haben sich bew\u00e4hrt und liefern hochwertige Produkte. [&hellip;]<\/p>\n","protected":false},"author":1,"featured_media":0,"parent":0,"menu_order":0,"comment_status":"closed","ping_status":"closed","template":"","meta":{"footnotes":""},"class_list":["post-2028","page","type-page","status-publish","hentry"],"yoast_head":"<!-- This site is optimized with the Yoast SEO plugin v27.3 - https:\/\/yoast.com\/product\/yoast-seo-wordpress\/ -->\n<title>Suchen Sie nach geeigneten Leuchten f\u00fcr Ihr Gew\u00e4chshaus? - Geers BV<\/title>\n<meta name=\"description\" content=\"Wir sind auch Ihr zuverl\u00e4ssiger Partner f\u00fcr die Lieferung von Leuchten. Wir liefern nur A-Marken-Leuchten.\" \/>\n<meta name=\"robots\" content=\"index, follow, max-snippet:-1, max-image-preview:large, max-video-preview:-1\" \/>\n<link rel=\"canonical\" href=\"https:\/\/geersbv.nl\/de\/leuchten\/\" \/>\n<meta property=\"og:locale\" content=\"de_DE\" \/>\n<meta property=\"og:type\" content=\"article\" \/>\n<meta property=\"og:title\" content=\"Suchen Sie nach geeigneten Leuchten f\u00fcr Ihr Gew\u00e4chshaus? - Geers BV\" \/>\n<meta property=\"og:description\" content=\"Wir sind auch Ihr zuverl\u00e4ssiger Partner f\u00fcr die Lieferung von Leuchten. Wir liefern nur A-Marken-Leuchten.\" \/>\n<meta property=\"og:url\" content=\"https:\/\/geersbv.nl\/de\/leuchten\/\" \/>\n<meta property=\"og:site_name\" content=\"Geers B.V.\" \/>\n<meta property=\"article:modified_time\" content=\"2026-02-05T09:46:59+00:00\" \/>\n<meta property=\"og:image\" content=\"https:\/\/geersbv.nl\/wp-content\/uploads\/2024\/08\/Armaturen-licht-sierteelt-assimilatiebelichting-groeilicht-geers.jpg\" \/>\n\t<meta property=\"og:image:width\" content=\"2500\" \/>\n\t<meta property=\"og:image:height\" content=\"1668\" \/>\n\t<meta property=\"og:image:type\" content=\"image\/jpeg\" \/>\n<meta name=\"twitter:card\" content=\"summary_large_image\" \/>\n<meta name=\"twitter:label1\" content=\"Gesch\u00e4tzte Lesezeit\" \/>\n\t<meta name=\"twitter:data1\" content=\"1\u00a0Minute\" \/>\n<script type=\"application\/ld+json\" class=\"yoast-schema-graph\">{\"@context\":\"https:\\\/\\\/schema.org\",\"@graph\":[{\"@type\":\"WebPage\",\"@id\":\"https:\\\/\\\/geersbv.nl\\\/de\\\/leuchten\\\/\",\"url\":\"https:\\\/\\\/geersbv.nl\\\/de\\\/leuchten\\\/\",\"name\":\"Suchen Sie nach geeigneten Leuchten f\u00fcr Ihr Gew\u00e4chshaus? - Geers BV\",\"isPartOf\":{\"@id\":\"https:\\\/\\\/geersbv.nl\\\/de\\\/#website\"},\"primaryImageOfPage\":{\"@id\":\"https:\\\/\\\/geersbv.nl\\\/de\\\/leuchten\\\/#primaryimage\"},\"image\":{\"@id\":\"https:\\\/\\\/geersbv.nl\\\/de\\\/leuchten\\\/#primaryimage\"},\"thumbnailUrl\":\"https:\\\/\\\/geersbv.nl\\\/wp-content\\\/uploads\\\/2024\\\/08\\\/Armaturen-licht-sierteelt-assimilatiebelichting-groeilicht-geers.jpg\",\"datePublished\":\"2024-08-06T08:00:50+00:00\",\"dateModified\":\"2026-02-05T09:46:59+00:00\",\"description\":\"Wir sind auch Ihr zuverl\u00e4ssiger Partner f\u00fcr die Lieferung von Leuchten. Wir liefern nur A-Marken-Leuchten.\",\"breadcrumb\":{\"@id\":\"https:\\\/\\\/geersbv.nl\\\/de\\\/leuchten\\\/#breadcrumb\"},\"inLanguage\":\"de\",\"potentialAction\":[{\"@type\":\"ReadAction\",\"target\":[\"https:\\\/\\\/geersbv.nl\\\/de\\\/leuchten\\\/\"]}]},{\"@type\":\"ImageObject\",\"inLanguage\":\"de\",\"@id\":\"https:\\\/\\\/geersbv.nl\\\/de\\\/leuchten\\\/#primaryimage\",\"url\":\"https:\\\/\\\/geersbv.nl\\\/wp-content\\\/uploads\\\/2024\\\/08\\\/Armaturen-licht-sierteelt-assimilatiebelichting-groeilicht-geers.jpg\",\"contentUrl\":\"https:\\\/\\\/geersbv.nl\\\/wp-content\\\/uploads\\\/2024\\\/08\\\/Armaturen-licht-sierteelt-assimilatiebelichting-groeilicht-geers.jpg\"},{\"@type\":\"BreadcrumbList\",\"@id\":\"https:\\\/\\\/geersbv.nl\\\/de\\\/leuchten\\\/#breadcrumb\",\"itemListElement\":[{\"@type\":\"ListItem\",\"position\":1,\"name\":\"Home\",\"item\":\"https:\\\/\\\/geersbv.nl\\\/de\\\/startseite\\\/\"},{\"@type\":\"ListItem\",\"position\":2,\"name\":\"Leuchten\"}]},{\"@type\":\"WebSite\",\"@id\":\"https:\\\/\\\/geersbv.nl\\\/de\\\/#website\",\"url\":\"https:\\\/\\\/geersbv.nl\\\/de\\\/\",\"name\":\"Geers B.V.\",\"description\":\"Assimilatiebelichting specialist\",\"publisher\":{\"@id\":\"https:\\\/\\\/geersbv.nl\\\/de\\\/#organization\"},\"potentialAction\":[{\"@type\":\"SearchAction\",\"target\":{\"@type\":\"EntryPoint\",\"urlTemplate\":\"https:\\\/\\\/geersbv.nl\\\/de\\\/?s={search_term_string}\"},\"query-input\":{\"@type\":\"PropertyValueSpecification\",\"valueRequired\":true,\"valueName\":\"search_term_string\"}}],\"inLanguage\":\"de\"},{\"@type\":\"Organization\",\"@id\":\"https:\\\/\\\/geersbv.nl\\\/de\\\/#organization\",\"name\":\"Geers B.V.\",\"url\":\"https:\\\/\\\/geersbv.nl\\\/de\\\/\",\"logo\":{\"@type\":\"ImageObject\",\"inLanguage\":\"de\",\"@id\":\"https:\\\/\\\/geersbv.nl\\\/de\\\/#\\\/schema\\\/logo\\\/image\\\/\",\"url\":\"https:\\\/\\\/geersbv.nl\\\/wp-content\\\/uploads\\\/2024\\\/08\\\/cropped-Geers-avatar-def.png\",\"contentUrl\":\"https:\\\/\\\/geersbv.nl\\\/wp-content\\\/uploads\\\/2024\\\/08\\\/cropped-Geers-avatar-def.png\",\"width\":512,\"height\":512,\"caption\":\"Geers B.V.\"},\"image\":{\"@id\":\"https:\\\/\\\/geersbv.nl\\\/de\\\/#\\\/schema\\\/logo\\\/image\\\/\"}}]}<\/script>\n<!-- \/ Yoast SEO plugin. -->","yoast_head_json":{"title":"Suchen Sie nach geeigneten Leuchten f\u00fcr Ihr Gew\u00e4chshaus? - Geers BV","description":"Wir sind auch Ihr zuverl\u00e4ssiger Partner f\u00fcr die Lieferung von Leuchten. Wir liefern nur A-Marken-Leuchten.","robots":{"index":"index","follow":"follow","max-snippet":"max-snippet:-1","max-image-preview":"max-image-preview:large","max-video-preview":"max-video-preview:-1"},"canonical":"https:\/\/geersbv.nl\/de\/leuchten\/","og_locale":"de_DE","og_type":"article","og_title":"Suchen Sie nach geeigneten Leuchten f\u00fcr Ihr Gew\u00e4chshaus? - Geers BV","og_description":"Wir sind auch Ihr zuverl\u00e4ssiger Partner f\u00fcr die Lieferung von Leuchten. Wir liefern nur A-Marken-Leuchten.","og_url":"https:\/\/geersbv.nl\/de\/leuchten\/","og_site_name":"Geers B.V.","article_modified_time":"2026-02-05T09:46:59+00:00","og_image":[{"width":2500,"height":1668,"url":"https:\/\/geersbv.nl\/wp-content\/uploads\/2024\/08\/Armaturen-licht-sierteelt-assimilatiebelichting-groeilicht-geers.jpg","type":"image\/jpeg"}],"twitter_card":"summary_large_image","twitter_misc":{"Gesch\u00e4tzte Lesezeit":"1\u00a0Minute"},"schema":{"@context":"https:\/\/schema.org","@graph":[{"@type":"WebPage","@id":"https:\/\/geersbv.nl\/de\/leuchten\/","url":"https:\/\/geersbv.nl\/de\/leuchten\/","name":"Suchen Sie nach geeigneten Leuchten f\u00fcr Ihr Gew\u00e4chshaus? - Geers BV","isPartOf":{"@id":"https:\/\/geersbv.nl\/de\/#website"},"primaryImageOfPage":{"@id":"https:\/\/geersbv.nl\/de\/leuchten\/#primaryimage"},"image":{"@id":"https:\/\/geersbv.nl\/de\/leuchten\/#primaryimage"},"thumbnailUrl":"https:\/\/geersbv.nl\/wp-content\/uploads\/2024\/08\/Armaturen-licht-sierteelt-assimilatiebelichting-groeilicht-geers.jpg","datePublished":"2024-08-06T08:00:50+00:00","dateModified":"2026-02-05T09:46:59+00:00","description":"Wir sind auch Ihr zuverl\u00e4ssiger Partner f\u00fcr die Lieferung von Leuchten. Wir liefern nur A-Marken-Leuchten.","breadcrumb":{"@id":"https:\/\/geersbv.nl\/de\/leuchten\/#breadcrumb"},"inLanguage":"de","potentialAction":[{"@type":"ReadAction","target":["https:\/\/geersbv.nl\/de\/leuchten\/"]}]},{"@type":"ImageObject","inLanguage":"de","@id":"https:\/\/geersbv.nl\/de\/leuchten\/#primaryimage","url":"https:\/\/geersbv.nl\/wp-content\/uploads\/2024\/08\/Armaturen-licht-sierteelt-assimilatiebelichting-groeilicht-geers.jpg","contentUrl":"https:\/\/geersbv.nl\/wp-content\/uploads\/2024\/08\/Armaturen-licht-sierteelt-assimilatiebelichting-groeilicht-geers.jpg"},{"@type":"BreadcrumbList","@id":"https:\/\/geersbv.nl\/de\/leuchten\/#breadcrumb","itemListElement":[{"@type":"ListItem","position":1,"name":"Home","item":"https:\/\/geersbv.nl\/de\/startseite\/"},{"@type":"ListItem","position":2,"name":"Leuchten"}]},{"@type":"WebSite","@id":"https:\/\/geersbv.nl\/de\/#website","url":"https:\/\/geersbv.nl\/de\/","name":"Geers B.V.","description":"Assimilatiebelichting specialist","publisher":{"@id":"https:\/\/geersbv.nl\/de\/#organization"},"potentialAction":[{"@type":"SearchAction","target":{"@type":"EntryPoint","urlTemplate":"https:\/\/geersbv.nl\/de\/?s={search_term_string}"},"query-input":{"@type":"PropertyValueSpecification","valueRequired":true,"valueName":"search_term_string"}}],"inLanguage":"de"},{"@type":"Organization","@id":"https:\/\/geersbv.nl\/de\/#organization","name":"Geers B.V.","url":"https:\/\/geersbv.nl\/de\/","logo":{"@type":"ImageObject","inLanguage":"de","@id":"https:\/\/geersbv.nl\/de\/#\/schema\/logo\/image\/","url":"https:\/\/geersbv.nl\/wp-content\/uploads\/2024\/08\/cropped-Geers-avatar-def.png","contentUrl":"https:\/\/geersbv.nl\/wp-content\/uploads\/2024\/08\/cropped-Geers-avatar-def.png","width":512,"height":512,"caption":"Geers B.V."},"image":{"@id":"https:\/\/geersbv.nl\/de\/#\/schema\/logo\/image\/"}}]}},"_links":{"self":[{"href":"https:\/\/geersbv.nl\/de\/wp-json\/wp\/v2\/pages\/2028","targetHints":{"allow":["GET"]}}],"collection":[{"href":"https:\/\/geersbv.nl\/de\/wp-json\/wp\/v2\/pages"}],"about":[{"href":"https:\/\/geersbv.nl\/de\/wp-json\/wp\/v2\/types\/page"}],"author":[{"embeddable":true,"href":"https:\/\/geersbv.nl\/de\/wp-json\/wp\/v2\/users\/1"}],"replies":[{"embeddable":true,"href":"https:\/\/geersbv.nl\/de\/wp-json\/wp\/v2\/comments?post=2028"}],"version-history":[{"count":5,"href":"https:\/\/geersbv.nl\/de\/wp-json\/wp\/v2\/pages\/2028\/revisions"}],"predecessor-version":[{"id":2180,"href":"https:\/\/geersbv.nl\/de\/wp-json\/wp\/v2\/pages\/2028\/revisions\/2180"}],"wp:attachment":[{"href":"https:\/\/geersbv.nl\/de\/wp-json\/wp\/v2\/media?parent=2028"}],"curies":[{"name":"wp","href":"https:\/\/api.w.org\/{rel}","templated":true}]}}