{"id":2090,"date":"2024-08-06T08:00:58","date_gmt":"2024-08-06T08:00:58","guid":{"rendered":"https:\/\/geersbv.nl\/schaltpaneele\/"},"modified":"2026-02-05T09:46:59","modified_gmt":"2026-02-05T09:46:59","slug":"schaltpaneele","status":"publish","type":"page","link":"https:\/\/geersbv.nl\/de\/schaltpaneele\/","title":{"rendered":"Schaltpaneele"},"content":{"rendered":"\t\t<div data-elementor-type=\"wp-page\" data-elementor-id=\"2090\" class=\"elementor elementor-2090 elementor-45\" data-elementor-post-type=\"page\">\n\t\t\t\t<div class=\"elementor-element elementor-element-c6226a1 e-con-full e-flex e-con e-parent\" data-id=\"c6226a1\" data-element_type=\"container\" data-e-type=\"container\" data-settings=\"{&quot;background_background&quot;:&quot;classic&quot;}\">\n\t\t<div class=\"elementor-element elementor-element-0c2c8d4 e-con-full e-flex elementor-invisible e-con e-child\" data-id=\"0c2c8d4\" data-element_type=\"container\" data-e-type=\"container\" data-settings=\"{&quot;animation&quot;:&quot;fadeInLeft&quot;}\">\n\t\t\t\t<div class=\"elementor-element elementor-element-702cdb7 elementor-widget elementor-widget-heading\" data-id=\"702cdb7\" data-element_type=\"widget\" data-e-type=\"widget\" data-widget_type=\"heading.default\">\n\t\t\t\t\t<h1 class=\"elementor-heading-title elementor-size-default\">Geers Schaltpaneele<\/h1>\t\t\t\t<\/div>\n\t\t\t\t<div class=\"elementor-element elementor-element-9fa099c elementor-widget-divider--view-line elementor-widget elementor-widget-divider\" data-id=\"9fa099c\" data-element_type=\"widget\" data-e-type=\"widget\" data-widget_type=\"divider.default\">\n\t\t\t\t\t\t\t<div class=\"elementor-divider\">\n\t\t\t<span class=\"elementor-divider-separator\">\n\t\t\t\t\t\t<\/span>\n\t\t<\/div>\n\t\t\t\t\t\t<\/div>\n\t\t\t\t<div class=\"elementor-element elementor-element-e708da1 elementor-widget elementor-widget-heading\" data-id=\"e708da1\" data-element_type=\"widget\" data-e-type=\"widget\" data-widget_type=\"heading.default\">\n\t\t\t\t\t<h2 class=\"elementor-heading-title elementor-size-default\">Immer ma\u00dfgeschneidert, immer in A-Qualit\u00e4t.<\/h2>\t\t\t\t<\/div>\n\t\t\t\t<\/div>\n\t\t\t\t<\/div>\n\t\t<div class=\"elementor-element elementor-element-59aa653 e-flex e-con-boxed e-con e-parent\" data-id=\"59aa653\" data-element_type=\"container\" data-e-type=\"container\">\n\t\t\t\t\t<div class=\"e-con-inner\">\n\t\t<div class=\"elementor-element elementor-element-133704d e-con-full e-flex elementor-invisible e-con e-child\" data-id=\"133704d\" data-element_type=\"container\" data-e-type=\"container\" data-settings=\"{&quot;animation&quot;:&quot;fadeInLeft&quot;}\">\n\t\t\t\t<div class=\"elementor-element elementor-element-c124138 elementor-widget elementor-widget-image\" data-id=\"c124138\" data-element_type=\"widget\" data-e-type=\"widget\" data-widget_type=\"image.default\">\n\t\t\t\t\t\t\t\t\t\t\t\t\t\t\t<img fetchpriority=\"high\" decoding=\"async\" width=\"800\" height=\"534\" src=\"https:\/\/geersbv.nl\/wp-content\/uploads\/2024\/08\/Schakelpanelen-testen-assimilatiebelichting-groeilicht-geers-1024x683.jpg\" class=\"attachment-large size-large wp-image-2091\" alt=\"\" srcset=\"https:\/\/geersbv.nl\/wp-content\/uploads\/2024\/08\/Schakelpanelen-testen-assimilatiebelichting-groeilicht-geers-1024x683.jpg 1024w, https:\/\/geersbv.nl\/wp-content\/uploads\/2024\/08\/Schakelpanelen-testen-assimilatiebelichting-groeilicht-geers-300x200.jpg 300w, https:\/\/geersbv.nl\/wp-content\/uploads\/2024\/08\/Schakelpanelen-testen-assimilatiebelichting-groeilicht-geers-768x512.jpg 768w, https:\/\/geersbv.nl\/wp-content\/uploads\/2024\/08\/Schakelpanelen-testen-assimilatiebelichting-groeilicht-geers-1536x1025.jpg 1536w, https:\/\/geersbv.nl\/wp-content\/uploads\/2024\/08\/Schakelpanelen-testen-assimilatiebelichting-groeilicht-geers-2048x1366.jpg 2048w\" sizes=\"(max-width: 800px) 100vw, 800px\" \/>\t\t\t\t\t\t\t\t\t\t\t\t\t\t\t<\/div>\n\t\t\t\t<\/div>\n\t\t<div class=\"elementor-element elementor-element-2a1a17d e-con-full e-flex elementor-invisible e-con e-child\" data-id=\"2a1a17d\" data-element_type=\"container\" data-e-type=\"container\" data-settings=\"{&quot;animation&quot;:&quot;fadeInRight&quot;}\">\n\t\t\t\t<div class=\"elementor-element elementor-element-932cb6d elementor-widget elementor-widget-heading\" data-id=\"932cb6d\" data-element_type=\"widget\" data-e-type=\"widget\" data-widget_type=\"heading.default\">\n\t\t\t\t\t<h2 class=\"elementor-heading-title elementor-size-default\">Sorgf\u00e4ltig getestete Schaltpaneele<\/h2>\t\t\t\t<\/div>\n\t\t\t\t<div class=\"elementor-element elementor-element-ad6faa2 elementor-widget elementor-widget-text-editor\" data-id=\"ad6faa2\" data-element_type=\"widget\" data-e-type=\"widget\" data-widget_type=\"text-editor.default\">\n\t\t\t\t\t\t\t\t\t<p>Ein zuverl\u00e4ssiges Schaltpaneel ist f\u00fcr Ihre Assimilationsbelichtung unverzichtbar. Bei Geers werden diese Schalttafeln in unserer eigenen Werkstatt unter Verwendung der besten Materialien und Komponenten vollst\u00e4ndig nach Ma\u00df gefertigt. Jedes Paneel wird von unseren erfahrenen Produktspezialisten sorgf\u00e4ltig getestet, um h\u00f6chste Qualit\u00e4t zu garantieren. Dank unseres gro\u00dfen Lagerbestands an Ersatzteilen k\u00f6nnen wir Ihnen Ihr Schaltpaneel schnell liefern.   <\/p>\t\t\t\t\t\t\t\t<\/div>\n\t\t\t\t<\/div>\n\t\t\t\t\t<\/div>\n\t\t\t\t<\/div>\n\t\t<div class=\"elementor-element elementor-element-aabad24 e-flex e-con-boxed e-con e-parent\" data-id=\"aabad24\" data-element_type=\"container\" data-e-type=\"container\">\n\t\t\t\t\t<div class=\"e-con-inner\">\n\t\t<div class=\"elementor-element elementor-element-d4f6f15 e-con-full e-flex e-con e-child\" data-id=\"d4f6f15\" data-element_type=\"container\" data-e-type=\"container\">\n\t\t\t\t<div class=\"elementor-element elementor-element-f033d31 elementor-widget elementor-widget-text-editor\" data-id=\"f033d31\" data-element_type=\"widget\" data-e-type=\"widget\" data-widget_type=\"text-editor.default\">\n\t\t\t\t\t\t\t\t\t<p>Verkabelung und Leuchten<\/p>\t\t\t\t\t\t\t\t<\/div>\n\t\t\t\t<div class=\"elementor-element elementor-element-982ef57 elementor-widget elementor-widget-text-editor\" data-id=\"982ef57\" data-element_type=\"widget\" data-e-type=\"widget\" data-widget_type=\"text-editor.default\">\n\t\t\t\t\t\t\t\t\t<p><span style=\"color: #c5ceda;\">Geers bietet Komplettl\u00f6sungen f\u00fcr die Assimilationsbelichtung. Neben Schaltpaneele liefern wir auch das patentierte <strong><a style=\"color: #c5ceda;\" href=\"https:\/\/geersbv.nl\/de\/geers-connection-cable\/\">Geers Connection Cable<\/a><\/strong> und hochwertige <strong><a style=\"color: #c5ceda;\" href=\"https:\/\/geersbv.nl\/de\/leuchten\/\">Leuchten<\/a><\/strong>. <\/span><\/p>\t\t\t\t\t\t\t\t<\/div>\n\t\t\t\t<\/div>\n\t\t\t\t\t<\/div>\n\t\t\t\t<\/div>\n\t\t<div class=\"elementor-element elementor-element-1401c03 e-flex e-con-boxed e-con e-parent\" data-id=\"1401c03\" data-element_type=\"container\" data-e-type=\"container\">\n\t\t\t\t\t<div class=\"e-con-inner\">\n\t\t<div class=\"elementor-element elementor-element-4b23359 e-con-full e-flex elementor-invisible e-con e-child\" data-id=\"4b23359\" data-element_type=\"container\" data-e-type=\"container\" data-settings=\"{&quot;animation&quot;:&quot;fadeInUp&quot;,&quot;animation_delay&quot;:100}\">\n\t\t<div class=\"elementor-element elementor-element-cf06332 e-con-full e-flex e-con e-child\" data-id=\"cf06332\" data-element_type=\"container\" data-e-type=\"container\">\n\t\t\t\t<div class=\"elementor-element elementor-element-bf72ae7 elementor-widget elementor-widget-image\" data-id=\"bf72ae7\" data-element_type=\"widget\" data-e-type=\"widget\" data-widget_type=\"image.default\">\n\t\t\t\t\t\t\t\t\t\t\t\t\t\t\t<img decoding=\"async\" width=\"2500\" height=\"1668\" src=\"https:\/\/geersbv.nl\/wp-content\/uploads\/2024\/08\/Geers-connection-cable-armaturen-groeilicht.jpg\" class=\"attachment-full size-full wp-image-2014\" alt=\"\" srcset=\"https:\/\/geersbv.nl\/wp-content\/uploads\/2024\/08\/Geers-connection-cable-armaturen-groeilicht.jpg 2500w, https:\/\/geersbv.nl\/wp-content\/uploads\/2024\/08\/Geers-connection-cable-armaturen-groeilicht-300x200.jpg 300w, https:\/\/geersbv.nl\/wp-content\/uploads\/2024\/08\/Geers-connection-cable-armaturen-groeilicht-1024x683.jpg 1024w, https:\/\/geersbv.nl\/wp-content\/uploads\/2024\/08\/Geers-connection-cable-armaturen-groeilicht-768x512.jpg 768w, https:\/\/geersbv.nl\/wp-content\/uploads\/2024\/08\/Geers-connection-cable-armaturen-groeilicht-1536x1025.jpg 1536w, https:\/\/geersbv.nl\/wp-content\/uploads\/2024\/08\/Geers-connection-cable-armaturen-groeilicht-2048x1366.jpg 2048w\" sizes=\"(max-width: 2500px) 100vw, 2500px\" \/>\t\t\t\t\t\t\t\t\t\t\t\t\t\t\t<\/div>\n\t\t<div class=\"elementor-element elementor-element-a9e023b e-con-full e-flex e-con e-child\" data-id=\"a9e023b\" data-element_type=\"container\" data-e-type=\"container\">\n\t\t\t\t<div class=\"elementor-element elementor-element-a1de476 elementor-widget elementor-widget-heading\" data-id=\"a1de476\" data-element_type=\"widget\" data-e-type=\"widget\" data-widget_type=\"heading.default\">\n\t\t\t\t\t<h3 class=\"elementor-heading-title elementor-size-default\">Geers Connection Cable<\/h3>\t\t\t\t<\/div>\n\t\t\t\t<div class=\"elementor-element elementor-element-c973958 elementor-widget elementor-widget-text-editor\" data-id=\"c973958\" data-element_type=\"widget\" data-e-type=\"widget\" data-widget_type=\"text-editor.default\">\n\t\t\t\t\t\t\t\t\t<p>Mit dem Geers Connection Cable erhalten Sie ein vorkonfektioniertes Kabel 2.0. Ein absolutes Qualit\u00e4tsprodukt, das im eigenen Haus entwickelt wurde und die strengsten Anforderungen und Normen erf\u00fcllt. Es garantiert eine starke, solide Verbindung.  <\/p>\t\t\t\t\t\t\t\t<\/div>\n\t\t\t\t<\/div>\n\t\t\t\t<\/div>\n\t\t\t\t<div class=\"elementor-element elementor-element-314fc2b elementor-widget elementor-widget-button\" data-id=\"314fc2b\" data-element_type=\"widget\" data-e-type=\"widget\" data-widget_type=\"button.default\">\n\t\t\t\t\t\t\t\t\t\t<a class=\"elementor-button elementor-button-link elementor-size-sm\" href=\"https:\/\/geersbv.nl\/de\/geers-connection-cable\/\">\n\t\t\t\t\t\t<span class=\"elementor-button-content-wrapper\">\n\t\t\t\t\t\t\t\t\t<span class=\"elementor-button-text\">Mehr Informationen<\/span>\n\t\t\t\t\t<\/span>\n\t\t\t\t\t<\/a>\n\t\t\t\t\t\t\t\t<\/div>\n\t\t\t\t<\/div>\n\t\t<div class=\"elementor-element elementor-element-d46c146 e-con-full e-flex elementor-invisible e-con e-child\" data-id=\"d46c146\" data-element_type=\"container\" data-e-type=\"container\" data-settings=\"{&quot;animation&quot;:&quot;fadeInUp&quot;,&quot;animation_delay&quot;:300}\">\n\t\t<div class=\"elementor-element elementor-element-088b823 e-con-full e-flex e-con e-child\" data-id=\"088b823\" data-element_type=\"container\" data-e-type=\"container\">\n\t\t\t\t<div class=\"elementor-element elementor-element-1420459 elementor-widget elementor-widget-image\" data-id=\"1420459\" data-element_type=\"widget\" data-e-type=\"widget\" data-widget_type=\"image.default\">\n\t\t\t\t\t\t\t\t\t\t\t\t\t\t\t<img decoding=\"async\" width=\"2500\" height=\"1668\" src=\"https:\/\/geersbv.nl\/wp-content\/uploads\/2024\/08\/Armaturen-groeilicht-Geers-bv.jpg\" class=\"attachment-full size-full wp-image-2015\" alt=\"\" srcset=\"https:\/\/geersbv.nl\/wp-content\/uploads\/2024\/08\/Armaturen-groeilicht-Geers-bv.jpg 2500w, https:\/\/geersbv.nl\/wp-content\/uploads\/2024\/08\/Armaturen-groeilicht-Geers-bv-300x200.jpg 300w, https:\/\/geersbv.nl\/wp-content\/uploads\/2024\/08\/Armaturen-groeilicht-Geers-bv-1024x683.jpg 1024w, https:\/\/geersbv.nl\/wp-content\/uploads\/2024\/08\/Armaturen-groeilicht-Geers-bv-768x512.jpg 768w, https:\/\/geersbv.nl\/wp-content\/uploads\/2024\/08\/Armaturen-groeilicht-Geers-bv-1536x1025.jpg 1536w, https:\/\/geersbv.nl\/wp-content\/uploads\/2024\/08\/Armaturen-groeilicht-Geers-bv-2048x1366.jpg 2048w\" sizes=\"(max-width: 2500px) 100vw, 2500px\" \/>\t\t\t\t\t\t\t\t\t\t\t\t\t\t\t<\/div>\n\t\t<div class=\"elementor-element elementor-element-890b192 e-con-full e-flex e-con e-child\" data-id=\"890b192\" data-element_type=\"container\" data-e-type=\"container\">\n\t\t\t\t<div class=\"elementor-element elementor-element-1ff9df0 elementor-widget elementor-widget-heading\" data-id=\"1ff9df0\" data-element_type=\"widget\" data-e-type=\"widget\" data-widget_type=\"heading.default\">\n\t\t\t\t\t<h3 class=\"elementor-heading-title elementor-size-default\">Leuchten<\/h3>\t\t\t\t<\/div>\n\t\t\t\t<div class=\"elementor-element elementor-element-2f3dff7 elementor-widget elementor-widget-text-editor\" data-id=\"2f3dff7\" data-element_type=\"widget\" data-e-type=\"widget\" data-widget_type=\"text-editor.default\">\n\t\t\t\t\t\t\t\t\t<p>Wir sind ein unabh\u00e4ngiger Anbieter von hochwertigen Leuchten. Wir w\u00e4hlen nur Produkte aus, die wir voll und ganz unterst\u00fctzen. Haben Sie Zweifel an der richtigen Wahl? Wir beraten Sie gerne.   <\/p>\t\t\t\t\t\t\t\t<\/div>\n\t\t\t\t<\/div>\n\t\t\t\t<\/div>\n\t\t\t\t<div class=\"elementor-element elementor-element-a0b97f2 elementor-widget elementor-widget-button\" data-id=\"a0b97f2\" data-element_type=\"widget\" data-e-type=\"widget\" data-widget_type=\"button.default\">\n\t\t\t\t\t\t\t\t\t\t<a class=\"elementor-button elementor-button-link elementor-size-sm\" href=\"https:\/\/geersbv.nl\/de\/leuchten\/\">\n\t\t\t\t\t\t<span class=\"elementor-button-content-wrapper\">\n\t\t\t\t\t\t\t\t\t<span class=\"elementor-button-text\">Mehr Informationen<\/span>\n\t\t\t\t\t<\/span>\n\t\t\t\t\t<\/a>\n\t\t\t\t\t\t\t\t<\/div>\n\t\t\t\t<\/div>\n\t\t\t\t\t<\/div>\n\t\t\t\t<\/div>\n\t\t<div class=\"elementor-element elementor-element-108e4e8 e-flex e-con-boxed e-con e-parent\" data-id=\"108e4e8\" data-element_type=\"container\" data-e-type=\"container\" data-settings=\"{&quot;background_background&quot;:&quot;classic&quot;}\">\n\t\t\t\t\t<div class=\"e-con-inner\">\n\t\t<div class=\"elementor-element elementor-element-f0d6e11 e-con-full e-flex e-con e-child\" data-id=\"f0d6e11\" data-element_type=\"container\" data-e-type=\"container\">\n\t\t\t\t<div class=\"elementor-element elementor-element-0029e1c elementor-widget elementor-widget-text-editor\" data-id=\"0029e1c\" data-element_type=\"widget\" data-e-type=\"widget\" data-widget_type=\"text-editor.default\">\n\t\t\t\t\t\t\t\t\t<p>W\u00fcnschen Sie eine ma\u00dfgeschneiderte L\u00f6sung f\u00fcr Ihre Wachstumsbeleuchtung?  <span style=\"color: #e5004d;\">Kommen Sie vorbei und finden Sie heraus, was Geers f\u00fcr Sie tun kann.<\/span><\/p>\t\t\t\t\t\t\t\t<\/div>\n\t\t\t\t<div class=\"elementor-element elementor-element-b232e68 elementor-widget elementor-widget-button\" data-id=\"b232e68\" data-element_type=\"widget\" data-e-type=\"widget\" data-widget_type=\"button.default\">\n\t\t\t\t\t\t\t\t\t\t<a class=\"elementor-button elementor-button-link elementor-size-sm\" href=\"https:\/\/geersbv.nl\/de\/kontakt\/\">\n\t\t\t\t\t\t<span class=\"elementor-button-content-wrapper\">\n\t\t\t\t\t\t\t\t\t<span class=\"elementor-button-text\">Kontakt<\/span>\n\t\t\t\t\t<\/span>\n\t\t\t\t\t<\/a>\n\t\t\t\t\t\t\t\t<\/div>\n\t\t\t\t<\/div>\n\t\t\t\t\t<\/div>\n\t\t\t\t<\/div>\n\t\t\t\t<\/div>\n\t\t","protected":false},"excerpt":{"rendered":"<p>Geers Schaltpaneele Immer ma\u00dfgeschneidert, immer in A-Qualit\u00e4t. Sorgf\u00e4ltig getestete Schaltpaneele Ein zuverl\u00e4ssiges Schaltpaneel ist f\u00fcr Ihre Assimilationsbelichtung unverzichtbar. Bei Geers werden diese Schalttafeln in unserer eigenen Werkstatt unter Verwendung der besten Materialien und Komponenten vollst\u00e4ndig nach Ma\u00df gefertigt. Jedes Paneel wird von unseren erfahrenen Produktspezialisten sorgf\u00e4ltig getestet, um h\u00f6chste Qualit\u00e4t zu garantieren. Dank unseres gro\u00dfen [&hellip;]<\/p>\n","protected":false},"author":1,"featured_media":0,"parent":0,"menu_order":0,"comment_status":"closed","ping_status":"closed","template":"","meta":{"footnotes":""},"class_list":["post-2090","page","type-page","status-publish","hentry"],"yoast_head":"<!-- This site is optimized with the Yoast SEO plugin v27.3 - https:\/\/yoast.com\/product\/yoast-seo-wordpress\/ -->\n<title>Schaltpaneele - Geers B.V.<\/title>\n<meta name=\"description\" content=\"Bei Geers werden die Schaltpaneele in unserer eigenen Werkstatt unter Verwendung der besten Materialien und Komponenten vollst\u00e4ndig nach Ma\u00df gefertigt.\" \/>\n<meta name=\"robots\" content=\"index, follow, max-snippet:-1, max-image-preview:large, max-video-preview:-1\" \/>\n<link rel=\"canonical\" href=\"https:\/\/geersbv.nl\/de\/schaltpaneele\/\" \/>\n<meta property=\"og:locale\" content=\"de_DE\" \/>\n<meta property=\"og:type\" content=\"article\" \/>\n<meta property=\"og:title\" content=\"Schaltpaneele - Geers B.V.\" \/>\n<meta property=\"og:description\" content=\"Bei Geers werden die Schaltpaneele in unserer eigenen Werkstatt unter Verwendung der besten Materialien und Komponenten vollst\u00e4ndig nach Ma\u00df gefertigt.\" \/>\n<meta property=\"og:url\" content=\"https:\/\/geersbv.nl\/de\/schaltpaneele\/\" \/>\n<meta property=\"og:site_name\" content=\"Geers B.V.\" \/>\n<meta property=\"article:modified_time\" content=\"2026-02-05T09:46:59+00:00\" \/>\n<meta property=\"og:image\" content=\"https:\/\/geersbv.nl\/wp-content\/uploads\/2024\/08\/Schakelpanelen-testen-assimilatiebelichting-groeilicht-geers.jpg\" \/>\n\t<meta property=\"og:image:width\" content=\"2500\" \/>\n\t<meta property=\"og:image:height\" content=\"1668\" \/>\n\t<meta property=\"og:image:type\" content=\"image\/jpeg\" \/>\n<meta name=\"twitter:card\" content=\"summary_large_image\" \/>\n<meta name=\"twitter:label1\" content=\"Gesch\u00e4tzte Lesezeit\" \/>\n\t<meta name=\"twitter:data1\" content=\"1\u00a0Minute\" \/>\n<script type=\"application\/ld+json\" class=\"yoast-schema-graph\">{\"@context\":\"https:\\\/\\\/schema.org\",\"@graph\":[{\"@type\":\"WebPage\",\"@id\":\"https:\\\/\\\/geersbv.nl\\\/de\\\/schaltpaneele\\\/\",\"url\":\"https:\\\/\\\/geersbv.nl\\\/de\\\/schaltpaneele\\\/\",\"name\":\"Schaltpaneele - Geers B.V.\",\"isPartOf\":{\"@id\":\"https:\\\/\\\/geersbv.nl\\\/de\\\/#website\"},\"primaryImageOfPage\":{\"@id\":\"https:\\\/\\\/geersbv.nl\\\/de\\\/schaltpaneele\\\/#primaryimage\"},\"image\":{\"@id\":\"https:\\\/\\\/geersbv.nl\\\/de\\\/schaltpaneele\\\/#primaryimage\"},\"thumbnailUrl\":\"https:\\\/\\\/geersbv.nl\\\/wp-content\\\/uploads\\\/2024\\\/08\\\/Schakelpanelen-testen-assimilatiebelichting-groeilicht-geers-1024x683.jpg\",\"datePublished\":\"2024-08-06T08:00:58+00:00\",\"dateModified\":\"2026-02-05T09:46:59+00:00\",\"description\":\"Bei Geers werden die Schaltpaneele in unserer eigenen Werkstatt unter Verwendung der besten Materialien und Komponenten vollst\u00e4ndig nach Ma\u00df gefertigt.\",\"breadcrumb\":{\"@id\":\"https:\\\/\\\/geersbv.nl\\\/de\\\/schaltpaneele\\\/#breadcrumb\"},\"inLanguage\":\"de\",\"potentialAction\":[{\"@type\":\"ReadAction\",\"target\":[\"https:\\\/\\\/geersbv.nl\\\/de\\\/schaltpaneele\\\/\"]}]},{\"@type\":\"ImageObject\",\"inLanguage\":\"de\",\"@id\":\"https:\\\/\\\/geersbv.nl\\\/de\\\/schaltpaneele\\\/#primaryimage\",\"url\":\"https:\\\/\\\/geersbv.nl\\\/wp-content\\\/uploads\\\/2024\\\/08\\\/Schakelpanelen-testen-assimilatiebelichting-groeilicht-geers-1024x683.jpg\",\"contentUrl\":\"https:\\\/\\\/geersbv.nl\\\/wp-content\\\/uploads\\\/2024\\\/08\\\/Schakelpanelen-testen-assimilatiebelichting-groeilicht-geers-1024x683.jpg\"},{\"@type\":\"BreadcrumbList\",\"@id\":\"https:\\\/\\\/geersbv.nl\\\/de\\\/schaltpaneele\\\/#breadcrumb\",\"itemListElement\":[{\"@type\":\"ListItem\",\"position\":1,\"name\":\"Home\",\"item\":\"https:\\\/\\\/geersbv.nl\\\/de\\\/startseite\\\/\"},{\"@type\":\"ListItem\",\"position\":2,\"name\":\"Schaltpaneele\"}]},{\"@type\":\"WebSite\",\"@id\":\"https:\\\/\\\/geersbv.nl\\\/de\\\/#website\",\"url\":\"https:\\\/\\\/geersbv.nl\\\/de\\\/\",\"name\":\"Geers B.V.\",\"description\":\"Assimilatiebelichting specialist\",\"publisher\":{\"@id\":\"https:\\\/\\\/geersbv.nl\\\/de\\\/#organization\"},\"potentialAction\":[{\"@type\":\"SearchAction\",\"target\":{\"@type\":\"EntryPoint\",\"urlTemplate\":\"https:\\\/\\\/geersbv.nl\\\/de\\\/?s={search_term_string}\"},\"query-input\":{\"@type\":\"PropertyValueSpecification\",\"valueRequired\":true,\"valueName\":\"search_term_string\"}}],\"inLanguage\":\"de\"},{\"@type\":\"Organization\",\"@id\":\"https:\\\/\\\/geersbv.nl\\\/de\\\/#organization\",\"name\":\"Geers B.V.\",\"url\":\"https:\\\/\\\/geersbv.nl\\\/de\\\/\",\"logo\":{\"@type\":\"ImageObject\",\"inLanguage\":\"de\",\"@id\":\"https:\\\/\\\/geersbv.nl\\\/de\\\/#\\\/schema\\\/logo\\\/image\\\/\",\"url\":\"https:\\\/\\\/geersbv.nl\\\/wp-content\\\/uploads\\\/2024\\\/08\\\/cropped-Geers-avatar-def.png\",\"contentUrl\":\"https:\\\/\\\/geersbv.nl\\\/wp-content\\\/uploads\\\/2024\\\/08\\\/cropped-Geers-avatar-def.png\",\"width\":512,\"height\":512,\"caption\":\"Geers B.V.\"},\"image\":{\"@id\":\"https:\\\/\\\/geersbv.nl\\\/de\\\/#\\\/schema\\\/logo\\\/image\\\/\"}}]}<\/script>\n<!-- \/ Yoast SEO plugin. -->","yoast_head_json":{"title":"Schaltpaneele - Geers B.V.","description":"Bei Geers werden die Schaltpaneele in unserer eigenen Werkstatt unter Verwendung der besten Materialien und Komponenten vollst\u00e4ndig nach Ma\u00df gefertigt.","robots":{"index":"index","follow":"follow","max-snippet":"max-snippet:-1","max-image-preview":"max-image-preview:large","max-video-preview":"max-video-preview:-1"},"canonical":"https:\/\/geersbv.nl\/de\/schaltpaneele\/","og_locale":"de_DE","og_type":"article","og_title":"Schaltpaneele - Geers B.V.","og_description":"Bei Geers werden die Schaltpaneele in unserer eigenen Werkstatt unter Verwendung der besten Materialien und Komponenten vollst\u00e4ndig nach Ma\u00df gefertigt.","og_url":"https:\/\/geersbv.nl\/de\/schaltpaneele\/","og_site_name":"Geers B.V.","article_modified_time":"2026-02-05T09:46:59+00:00","og_image":[{"width":2500,"height":1668,"url":"https:\/\/geersbv.nl\/wp-content\/uploads\/2024\/08\/Schakelpanelen-testen-assimilatiebelichting-groeilicht-geers.jpg","type":"image\/jpeg"}],"twitter_card":"summary_large_image","twitter_misc":{"Gesch\u00e4tzte Lesezeit":"1\u00a0Minute"},"schema":{"@context":"https:\/\/schema.org","@graph":[{"@type":"WebPage","@id":"https:\/\/geersbv.nl\/de\/schaltpaneele\/","url":"https:\/\/geersbv.nl\/de\/schaltpaneele\/","name":"Schaltpaneele - Geers B.V.","isPartOf":{"@id":"https:\/\/geersbv.nl\/de\/#website"},"primaryImageOfPage":{"@id":"https:\/\/geersbv.nl\/de\/schaltpaneele\/#primaryimage"},"image":{"@id":"https:\/\/geersbv.nl\/de\/schaltpaneele\/#primaryimage"},"thumbnailUrl":"https:\/\/geersbv.nl\/wp-content\/uploads\/2024\/08\/Schakelpanelen-testen-assimilatiebelichting-groeilicht-geers-1024x683.jpg","datePublished":"2024-08-06T08:00:58+00:00","dateModified":"2026-02-05T09:46:59+00:00","description":"Bei Geers werden die Schaltpaneele in unserer eigenen Werkstatt unter Verwendung der besten Materialien und Komponenten vollst\u00e4ndig nach Ma\u00df gefertigt.","breadcrumb":{"@id":"https:\/\/geersbv.nl\/de\/schaltpaneele\/#breadcrumb"},"inLanguage":"de","potentialAction":[{"@type":"ReadAction","target":["https:\/\/geersbv.nl\/de\/schaltpaneele\/"]}]},{"@type":"ImageObject","inLanguage":"de","@id":"https:\/\/geersbv.nl\/de\/schaltpaneele\/#primaryimage","url":"https:\/\/geersbv.nl\/wp-content\/uploads\/2024\/08\/Schakelpanelen-testen-assimilatiebelichting-groeilicht-geers-1024x683.jpg","contentUrl":"https:\/\/geersbv.nl\/wp-content\/uploads\/2024\/08\/Schakelpanelen-testen-assimilatiebelichting-groeilicht-geers-1024x683.jpg"},{"@type":"BreadcrumbList","@id":"https:\/\/geersbv.nl\/de\/schaltpaneele\/#breadcrumb","itemListElement":[{"@type":"ListItem","position":1,"name":"Home","item":"https:\/\/geersbv.nl\/de\/startseite\/"},{"@type":"ListItem","position":2,"name":"Schaltpaneele"}]},{"@type":"WebSite","@id":"https:\/\/geersbv.nl\/de\/#website","url":"https:\/\/geersbv.nl\/de\/","name":"Geers B.V.","description":"Assimilatiebelichting specialist","publisher":{"@id":"https:\/\/geersbv.nl\/de\/#organization"},"potentialAction":[{"@type":"SearchAction","target":{"@type":"EntryPoint","urlTemplate":"https:\/\/geersbv.nl\/de\/?s={search_term_string}"},"query-input":{"@type":"PropertyValueSpecification","valueRequired":true,"valueName":"search_term_string"}}],"inLanguage":"de"},{"@type":"Organization","@id":"https:\/\/geersbv.nl\/de\/#organization","name":"Geers B.V.","url":"https:\/\/geersbv.nl\/de\/","logo":{"@type":"ImageObject","inLanguage":"de","@id":"https:\/\/geersbv.nl\/de\/#\/schema\/logo\/image\/","url":"https:\/\/geersbv.nl\/wp-content\/uploads\/2024\/08\/cropped-Geers-avatar-def.png","contentUrl":"https:\/\/geersbv.nl\/wp-content\/uploads\/2024\/08\/cropped-Geers-avatar-def.png","width":512,"height":512,"caption":"Geers B.V."},"image":{"@id":"https:\/\/geersbv.nl\/de\/#\/schema\/logo\/image\/"}}]}},"_links":{"self":[{"href":"https:\/\/geersbv.nl\/de\/wp-json\/wp\/v2\/pages\/2090","targetHints":{"allow":["GET"]}}],"collection":[{"href":"https:\/\/geersbv.nl\/de\/wp-json\/wp\/v2\/pages"}],"about":[{"href":"https:\/\/geersbv.nl\/de\/wp-json\/wp\/v2\/types\/page"}],"author":[{"embeddable":true,"href":"https:\/\/geersbv.nl\/de\/wp-json\/wp\/v2\/users\/1"}],"replies":[{"embeddable":true,"href":"https:\/\/geersbv.nl\/de\/wp-json\/wp\/v2\/comments?post=2090"}],"version-history":[{"count":4,"href":"https:\/\/geersbv.nl\/de\/wp-json\/wp\/v2\/pages\/2090\/revisions"}],"predecessor-version":[{"id":2181,"href":"https:\/\/geersbv.nl\/de\/wp-json\/wp\/v2\/pages\/2090\/revisions\/2181"}],"wp:attachment":[{"href":"https:\/\/geersbv.nl\/de\/wp-json\/wp\/v2\/media?parent=2090"}],"curies":[{"name":"wp","href":"https:\/\/api.w.org\/{rel}","templated":true}]}}