{"id":2170,"date":"2024-08-06T08:02:28","date_gmt":"2024-08-06T08:02:28","guid":{"rendered":"https:\/\/geersbv.nl\/kontakt\/"},"modified":"2026-02-05T09:46:58","modified_gmt":"2026-02-05T09:46:58","slug":"kontakt","status":"publish","type":"page","link":"https:\/\/geersbv.nl\/de\/kontakt\/","title":{"rendered":"Kontakt"},"content":{"rendered":"\t\t<div data-elementor-type=\"wp-page\" data-elementor-id=\"2170\" class=\"elementor elementor-2170 elementor-57\" data-elementor-post-type=\"page\">\n\t\t\t\t<div class=\"elementor-element elementor-element-2c3330f e-flex e-con-boxed e-con e-parent\" data-id=\"2c3330f\" data-element_type=\"container\" data-e-type=\"container\">\n\t\t\t\t\t<div class=\"e-con-inner\">\n\t\t<div class=\"elementor-element elementor-element-440dfe3 e-con-full e-flex elementor-invisible e-con e-child\" data-id=\"440dfe3\" data-element_type=\"container\" data-e-type=\"container\" data-settings=\"{&quot;animation&quot;:&quot;fadeInLeft&quot;}\">\n\t\t\t\t<div class=\"elementor-element elementor-element-d0a7437 elementor-widget elementor-widget-heading\" data-id=\"d0a7437\" data-element_type=\"widget\" data-e-type=\"widget\" data-widget_type=\"heading.default\">\n\t\t\t\t\t<h1 class=\"elementor-heading-title elementor-size-default\">Kontakt<\/h1>\t\t\t\t<\/div>\n\t\t\t\t<div class=\"elementor-element elementor-element-1166ecd elementor-widget elementor-widget-text-editor\" data-id=\"1166ecd\" data-element_type=\"widget\" data-e-type=\"widget\" data-widget_type=\"text-editor.default\">\n\t\t\t\t\t\t\t\t\t<p><span style=\"color: #e5004d;\"><strong>Geers Grow Light Systeme<\/strong><\/span><\/p><p>Buijs Ballotstraat 16,<\/p><p>2693 BE &#8217;s-Gravenzande<\/p><p><span style=\"color: #e5004d;\"><strong>T:<\/strong><\/span><span style=\"color: #ffffff;\"> <a style=\"color: #ffffff;\" href=\"tel:0850730142\">+31(0)85-073 01 42<\/a><\/span><\/p><p><span style=\"color: #e5004d;\"><strong>E:<\/strong><\/span> <span style=\"color: #ffffff;\"><a style=\"color: #ffffff;\" href=\"mailto:info@geersbv.nl\">info@geersbv.nl<\/a><\/span><\/p>\t\t\t\t\t\t\t\t<\/div>\n\t\t\t\t<div class=\"elementor-element elementor-element-2da22ec elementor-widget elementor-widget-text-editor\" data-id=\"2da22ec\" data-element_type=\"widget\" data-e-type=\"widget\" data-widget_type=\"text-editor.default\">\n\t\t\t\t\t\t\t\t\t<p><strong><span style=\"color: #e5004d;\">IBAN<\/span><\/strong> <span style=\"color: #ffffff;\">NL94 INGB 0007 6515 31<\/span><\/p><p><strong><span style=\"color: #e5004d;\">KVK<\/span><\/strong> <span style=\"color: #ffffff;\">55796451<\/span><\/p>\t\t\t\t\t\t\t\t<\/div>\n\t\t\t\t<\/div>\n\t\t<div class=\"elementor-element elementor-element-bba4cc2 e-con-full e-flex elementor-invisible e-con e-child\" data-id=\"bba4cc2\" data-element_type=\"container\" data-e-type=\"container\" data-settings=\"{&quot;animation&quot;:&quot;fadeInRight&quot;,&quot;animation_delay&quot;:300}\">\n\t\t\t\t<div class=\"elementor-element elementor-element-36aa6e6 elementor-widget elementor-widget-google_maps\" data-id=\"36aa6e6\" data-element_type=\"widget\" data-e-type=\"widget\" data-widget_type=\"google_maps.default\">\n\t\t\t\t\t\t\t<div class=\"elementor-custom-embed\">\n\t\t\t<iframe loading=\"lazy\"\n\t\t\t\t\tsrc=\"https:\/\/maps.google.com\/maps?q=Buijs%20Ballotstraat%2016%2C%20%202693%20BE%20%27s-Gravenzande&#038;t=m&#038;z=16&#038;output=embed&#038;iwloc=near\"\n\t\t\t\t\ttitle=\"Buijs Ballotstraat 16,  2693 BE &#039;s-Gravenzande\"\n\t\t\t\t\taria-label=\"Buijs Ballotstraat 16,  2693 BE &#039;s-Gravenzande\"\n\t\t\t><\/iframe>\n\t\t<\/div>\n\t\t\t\t\t\t<\/div>\n\t\t\t\t<\/div>\n\t\t\t\t\t<\/div>\n\t\t\t\t<\/div>\n\t\t<div class=\"elementor-element elementor-element-d57d995 e-flex e-con-boxed e-con e-parent\" data-id=\"d57d995\" data-element_type=\"container\" data-e-type=\"container\" data-settings=\"{&quot;background_background&quot;:&quot;classic&quot;}\">\n\t\t\t\t\t<div class=\"e-con-inner\">\n\t\t<div class=\"elementor-element elementor-element-989b6d4 e-con-full e-flex elementor-invisible e-con e-child\" data-id=\"989b6d4\" data-element_type=\"container\" data-e-type=\"container\" data-settings=\"{&quot;animation&quot;:&quot;fadeIn&quot;}\">\n\t\t\t\t<div class=\"elementor-element elementor-element-109c4cb elementor-widget elementor-widget-heading\" data-id=\"109c4cb\" data-element_type=\"widget\" data-e-type=\"widget\" data-widget_type=\"heading.default\">\n\t\t\t\t\t<h2 class=\"elementor-heading-title elementor-size-default\">Stellen Sie uns Ihre Frage<\/h2>\t\t\t\t<\/div>\n\t\t\t\t<div class=\"elementor-element elementor-element-41eabb9 elementor-widget elementor-widget-text-editor\" data-id=\"41eabb9\" data-element_type=\"widget\" data-e-type=\"widget\" data-widget_type=\"text-editor.default\">\n\t\t\t\t\t\t\t\t\t<p>Wir freuen uns, Sie schnell bedienen zu k\u00f6nnen. F\u00fcllen Sie das Kontaktformular aus und wir werden Ihnen so schnell wie m\u00f6glich antworten.<\/p>\t\t\t\t\t\t\t\t<\/div>\n\t\t\t\t<\/div>\n\t\t<div class=\"elementor-element elementor-element-99975f0 e-con-full e-flex elementor-invisible e-con e-child\" data-id=\"99975f0\" data-element_type=\"container\" data-e-type=\"container\" data-settings=\"{&quot;animation&quot;:&quot;fadeIn&quot;,&quot;animation_delay&quot;:300}\">\n\t\t\t\t<div class=\"elementor-element elementor-element-8f0eca6 elementor-button-align-start elementor-widget elementor-widget-form\" data-id=\"8f0eca6\" data-element_type=\"widget\" data-e-type=\"widget\" data-settings=\"{&quot;step_next_label&quot;:&quot;N\\u00e4chste&quot;,&quot;step_previous_label&quot;:&quot;Vorherige&quot;,&quot;button_width&quot;:&quot;33&quot;,&quot;step_type&quot;:&quot;number_text&quot;,&quot;step_icon_shape&quot;:&quot;circle&quot;}\" data-widget_type=\"form.default\">\n\t\t\t\t\t\t\t<form class=\"elementor-form\" method=\"post\" name=\"Kontakt\" aria-label=\"Kontakt\">\n\t\t\t<input type=\"hidden\" name=\"post_id\" value=\"2170\"\/>\n\t\t\t<input type=\"hidden\" name=\"form_id\" value=\"8f0eca6\"\/>\n\t\t\t<input type=\"hidden\" name=\"referer_title\" value=\"Kontakt - Geers B.V.\" \/>\n\n\t\t\t\t\t\t\t<input type=\"hidden\" name=\"queried_id\" value=\"2170\"\/>\n\t\t\t\n\t\t\t<div class=\"elementor-form-fields-wrapper elementor-labels-\">\n\t\t\t\t\t\t\t\t<div class=\"elementor-field-type-text elementor-field-group elementor-column elementor-field-group-name elementor-col-100\">\n\t\t\t\t\t\t\t\t\t\t\t\t<label for=\"form-field-name\" class=\"elementor-field-label elementor-screen-only\">\n\t\t\t\t\t\t\t\tVorname\t\t\t\t\t\t\t<\/label>\n\t\t\t\t\t\t\t\t\t\t\t\t\t\t<input size=\"1\" type=\"text\" name=\"form_fields[name]\" id=\"form-field-name\" class=\"elementor-field elementor-size-sm  elementor-field-textual\" placeholder=\"  Vorname\">\n\t\t\t\t\t\t\t\t\t\t\t<\/div>\n\t\t\t\t\t\t\t\t<div class=\"elementor-field-type-text elementor-field-group elementor-column elementor-field-group-field_8663c63 elementor-col-100\">\n\t\t\t\t\t\t\t\t\t\t\t\t<label for=\"form-field-field_8663c63\" class=\"elementor-field-label elementor-screen-only\">\n\t\t\t\t\t\t\t\tNachname\t\t\t\t\t\t\t<\/label>\n\t\t\t\t\t\t\t\t\t\t\t\t\t\t<input size=\"1\" type=\"text\" name=\"form_fields[field_8663c63]\" id=\"form-field-field_8663c63\" class=\"elementor-field elementor-size-sm  elementor-field-textual\" placeholder=\"Nachname\">\n\t\t\t\t\t\t\t\t\t\t\t<\/div>\n\t\t\t\t\t\t\t\t<div class=\"elementor-field-type-text elementor-field-group elementor-column elementor-field-group-field_db77d1a elementor-col-100\">\n\t\t\t\t\t\t\t\t\t\t\t\t<label for=\"form-field-field_db77d1a\" class=\"elementor-field-label elementor-screen-only\">\n\t\t\t\t\t\t\t\tName des Unternehmens\t\t\t\t\t\t\t<\/label>\n\t\t\t\t\t\t\t\t\t\t\t\t\t\t<input size=\"1\" type=\"text\" name=\"form_fields[field_db77d1a]\" id=\"form-field-field_db77d1a\" class=\"elementor-field elementor-size-sm  elementor-field-textual\" placeholder=\"Name des Unternehmens\">\n\t\t\t\t\t\t\t\t\t\t\t<\/div>\n\t\t\t\t\t\t\t\t<div class=\"elementor-field-type-email elementor-field-group elementor-column elementor-field-group-email elementor-col-100 elementor-field-required\">\n\t\t\t\t\t\t\t\t\t\t\t\t<label for=\"form-field-email\" class=\"elementor-field-label elementor-screen-only\">\n\t\t\t\t\t\t\t\tE-Mail\t\t\t\t\t\t\t<\/label>\n\t\t\t\t\t\t\t\t\t\t\t\t\t\t<input size=\"1\" type=\"email\" name=\"form_fields[email]\" id=\"form-field-email\" class=\"elementor-field elementor-size-sm  elementor-field-textual\" placeholder=\"E-Mail\" required=\"required\">\n\t\t\t\t\t\t\t\t\t\t\t<\/div>\n\t\t\t\t\t\t\t\t<div class=\"elementor-field-type-tel elementor-field-group elementor-column elementor-field-group-field_638f8d1 elementor-col-100\">\n\t\t\t\t\t\t\t\t\t\t\t\t<label for=\"form-field-field_638f8d1\" class=\"elementor-field-label elementor-screen-only\">\n\t\t\t\t\t\t\t\tRufnummer\t\t\t\t\t\t\t<\/label>\n\t\t\t\t\t\t\t\t<input size=\"1\" type=\"tel\" name=\"form_fields[field_638f8d1]\" id=\"form-field-field_638f8d1\" class=\"elementor-field elementor-size-sm  elementor-field-textual\" placeholder=\"Rufnummer\" pattern=\"[0-9()#&amp;+*-=.]+\" title=\"Nur Nummern oder Telefon-Zeichen (#, -, *, etc) werden akzeptiert.\">\n\n\t\t\t\t\t\t<\/div>\n\t\t\t\t\t\t\t\t<div class=\"elementor-field-type-textarea elementor-field-group elementor-column elementor-field-group-message elementor-col-100\">\n\t\t\t\t\t\t\t\t\t\t\t\t<label for=\"form-field-message\" class=\"elementor-field-label elementor-screen-only\">\n\t\t\t\t\t\t\t\tFrage\/Kommentar\t\t\t\t\t\t\t<\/label>\n\t\t\t\t\t\t<textarea class=\"elementor-field-textual elementor-field  elementor-size-sm\" name=\"form_fields[message]\" id=\"form-field-message\" rows=\"4\" placeholder=\"Frage\/Kommentar\"><\/textarea>\t\t\t\t<\/div>\n\t\t\t\t\t\t\t\t<div class=\"elementor-field-type-recaptcha_v3 elementor-field-group elementor-column elementor-field-group-field_d364014 elementor-col-100 recaptcha_v3-bottomright\">\n\t\t\t\t\t<div class=\"elementor-field\" id=\"form-field-field_d364014\"><div class=\"elementor-g-recaptcha\" data-sitekey=\"6LdMcTYqAAAAAFqQxP15buzk5pypG648oCu3RXPo\" data-type=\"v3\" data-action=\"Form\" data-badge=\"bottomright\" data-size=\"invisible\"><\/div><\/div>\t\t\t\t<\/div>\n\t\t\t\t\t\t\t\t<div class=\"elementor-field-group elementor-column elementor-field-type-submit elementor-col-33 e-form__buttons\">\n\t\t\t\t\t<button class=\"elementor-button elementor-size-sm\" type=\"submit\">\n\t\t\t\t\t\t<span class=\"elementor-button-content-wrapper\">\n\t\t\t\t\t\t\t\t\t\t\t\t\t\t\t\t\t\t\t\t\t\t<span class=\"elementor-button-text\">Versand<\/span>\n\t\t\t\t\t\t\t\t\t\t\t\t\t<\/span>\n\t\t\t\t\t<\/button>\n\t\t\t\t<\/div>\n\t\t\t<\/div>\n\t\t<\/form>\n\t\t\t\t\t\t<\/div>\n\t\t\t\t<\/div>\n\t\t\t\t\t<\/div>\n\t\t\t\t<\/div>\n\t\t\t\t<\/div>\n\t\t","protected":false},"excerpt":{"rendered":"<p>Kontakt Geers Grow Light Systeme Buijs Ballotstraat 16, 2693 BE &#8217;s-Gravenzande T: +31(0)85-073 01 42 E: info@geersbv.nl IBAN NL94 INGB 0007 6515 31 KVK 55796451 Stellen Sie uns Ihre Frage Wir freuen uns, Sie schnell bedienen zu k\u00f6nnen. F\u00fcllen Sie das Kontaktformular aus und wir werden Ihnen so schnell wie m\u00f6glich antworten.<\/p>\n","protected":false},"author":1,"featured_media":0,"parent":0,"menu_order":0,"comment_status":"closed","ping_status":"closed","template":"","meta":{"footnotes":""},"class_list":["post-2170","page","type-page","status-publish","hentry"],"yoast_head":"<!-- This site is optimized with the Yoast SEO plugin v27.3 - https:\/\/yoast.com\/product\/yoast-seo-wordpress\/ -->\n<title>Kontakt - Geers B.V.<\/title>\n<meta name=\"description\" content=\"Mehr Ertrag aus Ihrer Ernte mit ma\u00dfgeschneiderter Assimilationsbelichtung? +31(0)85-0730142 Buijs Ballotstraat 16, 2693 BE &#039;s-Gravenzande\" \/>\n<meta name=\"robots\" content=\"index, follow, max-snippet:-1, max-image-preview:large, max-video-preview:-1\" \/>\n<link rel=\"canonical\" href=\"https:\/\/geersbv.nl\/de\/kontakt\/\" \/>\n<meta property=\"og:locale\" content=\"de_DE\" \/>\n<meta property=\"og:type\" content=\"article\" \/>\n<meta property=\"og:title\" content=\"Kontakt - Geers B.V.\" \/>\n<meta property=\"og:description\" content=\"Mehr Ertrag aus Ihrer Ernte mit ma\u00dfgeschneiderter Assimilationsbelichtung? +31(0)85-0730142 Buijs Ballotstraat 16, 2693 BE &#039;s-Gravenzande\" \/>\n<meta property=\"og:url\" content=\"https:\/\/geersbv.nl\/de\/kontakt\/\" \/>\n<meta property=\"og:site_name\" content=\"Geers B.V.\" \/>\n<meta property=\"article:modified_time\" content=\"2026-02-05T09:46:58+00:00\" \/>\n<meta property=\"og:image\" content=\"https:\/\/geersbv.nl\/wp-content\/uploads\/2024\/08\/Geers-connection-cable-lasverbinding-Geers-bv.jpg\" \/>\n\t<meta property=\"og:image:width\" content=\"2500\" \/>\n\t<meta property=\"og:image:height\" content=\"1668\" \/>\n\t<meta property=\"og:image:type\" content=\"image\/jpeg\" \/>\n<meta name=\"twitter:card\" content=\"summary_large_image\" \/>\n<script type=\"application\/ld+json\" class=\"yoast-schema-graph\">{\"@context\":\"https:\\\/\\\/schema.org\",\"@graph\":[{\"@type\":\"WebPage\",\"@id\":\"https:\\\/\\\/geersbv.nl\\\/de\\\/kontakt\\\/\",\"url\":\"https:\\\/\\\/geersbv.nl\\\/de\\\/kontakt\\\/\",\"name\":\"Kontakt - Geers B.V.\",\"isPartOf\":{\"@id\":\"https:\\\/\\\/geersbv.nl\\\/de\\\/#website\"},\"datePublished\":\"2024-08-06T08:02:28+00:00\",\"dateModified\":\"2026-02-05T09:46:58+00:00\",\"description\":\"Mehr Ertrag aus Ihrer Ernte mit ma\u00dfgeschneiderter Assimilationsbelichtung? +31(0)85-0730142 Buijs Ballotstraat 16, 2693 BE 's-Gravenzande\",\"breadcrumb\":{\"@id\":\"https:\\\/\\\/geersbv.nl\\\/de\\\/kontakt\\\/#breadcrumb\"},\"inLanguage\":\"de\",\"potentialAction\":[{\"@type\":\"ReadAction\",\"target\":[\"https:\\\/\\\/geersbv.nl\\\/de\\\/kontakt\\\/\"]}]},{\"@type\":\"BreadcrumbList\",\"@id\":\"https:\\\/\\\/geersbv.nl\\\/de\\\/kontakt\\\/#breadcrumb\",\"itemListElement\":[{\"@type\":\"ListItem\",\"position\":1,\"name\":\"Home\",\"item\":\"https:\\\/\\\/geersbv.nl\\\/de\\\/startseite\\\/\"},{\"@type\":\"ListItem\",\"position\":2,\"name\":\"Kontakt\"}]},{\"@type\":\"WebSite\",\"@id\":\"https:\\\/\\\/geersbv.nl\\\/de\\\/#website\",\"url\":\"https:\\\/\\\/geersbv.nl\\\/de\\\/\",\"name\":\"Geers B.V.\",\"description\":\"Assimilatiebelichting specialist\",\"publisher\":{\"@id\":\"https:\\\/\\\/geersbv.nl\\\/de\\\/#organization\"},\"potentialAction\":[{\"@type\":\"SearchAction\",\"target\":{\"@type\":\"EntryPoint\",\"urlTemplate\":\"https:\\\/\\\/geersbv.nl\\\/de\\\/?s={search_term_string}\"},\"query-input\":{\"@type\":\"PropertyValueSpecification\",\"valueRequired\":true,\"valueName\":\"search_term_string\"}}],\"inLanguage\":\"de\"},{\"@type\":\"Organization\",\"@id\":\"https:\\\/\\\/geersbv.nl\\\/de\\\/#organization\",\"name\":\"Geers B.V.\",\"url\":\"https:\\\/\\\/geersbv.nl\\\/de\\\/\",\"logo\":{\"@type\":\"ImageObject\",\"inLanguage\":\"de\",\"@id\":\"https:\\\/\\\/geersbv.nl\\\/de\\\/#\\\/schema\\\/logo\\\/image\\\/\",\"url\":\"https:\\\/\\\/geersbv.nl\\\/wp-content\\\/uploads\\\/2024\\\/08\\\/cropped-Geers-avatar-def.png\",\"contentUrl\":\"https:\\\/\\\/geersbv.nl\\\/wp-content\\\/uploads\\\/2024\\\/08\\\/cropped-Geers-avatar-def.png\",\"width\":512,\"height\":512,\"caption\":\"Geers B.V.\"},\"image\":{\"@id\":\"https:\\\/\\\/geersbv.nl\\\/de\\\/#\\\/schema\\\/logo\\\/image\\\/\"}}]}<\/script>\n<!-- \/ Yoast SEO plugin. -->","yoast_head_json":{"title":"Kontakt - Geers B.V.","description":"Mehr Ertrag aus Ihrer Ernte mit ma\u00dfgeschneiderter Assimilationsbelichtung? +31(0)85-0730142 Buijs Ballotstraat 16, 2693 BE 's-Gravenzande","robots":{"index":"index","follow":"follow","max-snippet":"max-snippet:-1","max-image-preview":"max-image-preview:large","max-video-preview":"max-video-preview:-1"},"canonical":"https:\/\/geersbv.nl\/de\/kontakt\/","og_locale":"de_DE","og_type":"article","og_title":"Kontakt - Geers B.V.","og_description":"Mehr Ertrag aus Ihrer Ernte mit ma\u00dfgeschneiderter Assimilationsbelichtung? +31(0)85-0730142 Buijs Ballotstraat 16, 2693 BE 's-Gravenzande","og_url":"https:\/\/geersbv.nl\/de\/kontakt\/","og_site_name":"Geers B.V.","article_modified_time":"2026-02-05T09:46:58+00:00","og_image":[{"width":2500,"height":1668,"url":"https:\/\/geersbv.nl\/wp-content\/uploads\/2024\/08\/Geers-connection-cable-lasverbinding-Geers-bv.jpg","type":"image\/jpeg"}],"twitter_card":"summary_large_image","schema":{"@context":"https:\/\/schema.org","@graph":[{"@type":"WebPage","@id":"https:\/\/geersbv.nl\/de\/kontakt\/","url":"https:\/\/geersbv.nl\/de\/kontakt\/","name":"Kontakt - Geers B.V.","isPartOf":{"@id":"https:\/\/geersbv.nl\/de\/#website"},"datePublished":"2024-08-06T08:02:28+00:00","dateModified":"2026-02-05T09:46:58+00:00","description":"Mehr Ertrag aus Ihrer Ernte mit ma\u00dfgeschneiderter Assimilationsbelichtung? +31(0)85-0730142 Buijs Ballotstraat 16, 2693 BE 's-Gravenzande","breadcrumb":{"@id":"https:\/\/geersbv.nl\/de\/kontakt\/#breadcrumb"},"inLanguage":"de","potentialAction":[{"@type":"ReadAction","target":["https:\/\/geersbv.nl\/de\/kontakt\/"]}]},{"@type":"BreadcrumbList","@id":"https:\/\/geersbv.nl\/de\/kontakt\/#breadcrumb","itemListElement":[{"@type":"ListItem","position":1,"name":"Home","item":"https:\/\/geersbv.nl\/de\/startseite\/"},{"@type":"ListItem","position":2,"name":"Kontakt"}]},{"@type":"WebSite","@id":"https:\/\/geersbv.nl\/de\/#website","url":"https:\/\/geersbv.nl\/de\/","name":"Geers B.V.","description":"Assimilatiebelichting specialist","publisher":{"@id":"https:\/\/geersbv.nl\/de\/#organization"},"potentialAction":[{"@type":"SearchAction","target":{"@type":"EntryPoint","urlTemplate":"https:\/\/geersbv.nl\/de\/?s={search_term_string}"},"query-input":{"@type":"PropertyValueSpecification","valueRequired":true,"valueName":"search_term_string"}}],"inLanguage":"de"},{"@type":"Organization","@id":"https:\/\/geersbv.nl\/de\/#organization","name":"Geers B.V.","url":"https:\/\/geersbv.nl\/de\/","logo":{"@type":"ImageObject","inLanguage":"de","@id":"https:\/\/geersbv.nl\/de\/#\/schema\/logo\/image\/","url":"https:\/\/geersbv.nl\/wp-content\/uploads\/2024\/08\/cropped-Geers-avatar-def.png","contentUrl":"https:\/\/geersbv.nl\/wp-content\/uploads\/2024\/08\/cropped-Geers-avatar-def.png","width":512,"height":512,"caption":"Geers B.V."},"image":{"@id":"https:\/\/geersbv.nl\/de\/#\/schema\/logo\/image\/"}}]}},"_links":{"self":[{"href":"https:\/\/geersbv.nl\/de\/wp-json\/wp\/v2\/pages\/2170","targetHints":{"allow":["GET"]}}],"collection":[{"href":"https:\/\/geersbv.nl\/de\/wp-json\/wp\/v2\/pages"}],"about":[{"href":"https:\/\/geersbv.nl\/de\/wp-json\/wp\/v2\/types\/page"}],"author":[{"embeddable":true,"href":"https:\/\/geersbv.nl\/de\/wp-json\/wp\/v2\/users\/1"}],"replies":[{"embeddable":true,"href":"https:\/\/geersbv.nl\/de\/wp-json\/wp\/v2\/comments?post=2170"}],"version-history":[{"count":2,"href":"https:\/\/geersbv.nl\/de\/wp-json\/wp\/v2\/pages\/2170\/revisions"}],"predecessor-version":[{"id":2177,"href":"https:\/\/geersbv.nl\/de\/wp-json\/wp\/v2\/pages\/2170\/revisions\/2177"}],"wp:attachment":[{"href":"https:\/\/geersbv.nl\/de\/wp-json\/wp\/v2\/media?parent=2170"}],"curies":[{"name":"wp","href":"https:\/\/api.w.org\/{rel}","templated":true}]}}