{"id":2172,"date":"2024-08-06T08:01:59","date_gmt":"2024-08-06T08:01:59","guid":{"rendered":"https:\/\/geersbv.nl\/zweckbau\/"},"modified":"2026-02-05T09:46:56","modified_gmt":"2026-02-05T09:46:56","slug":"zweckbau","status":"publish","type":"page","link":"https:\/\/geersbv.nl\/de\/zweckbau\/","title":{"rendered":"Zweckbau"},"content":{"rendered":"\t\t<div data-elementor-type=\"wp-page\" data-elementor-id=\"2172\" class=\"elementor elementor-2172 elementor-51\" data-elementor-post-type=\"page\">\n\t\t\t\t<div class=\"elementor-element elementor-element-02f6a88 e-con-full e-flex e-con e-parent\" data-id=\"02f6a88\" data-element_type=\"container\" data-e-type=\"container\" data-settings=\"{&quot;background_background&quot;:&quot;classic&quot;}\">\n\t\t<div class=\"elementor-element elementor-element-cb90971 e-con-full e-flex elementor-invisible e-con e-child\" data-id=\"cb90971\" data-element_type=\"container\" data-e-type=\"container\" data-settings=\"{&quot;animation&quot;:&quot;fadeInLeft&quot;}\">\n\t\t\t\t<div class=\"elementor-element elementor-element-232049d elementor-widget elementor-widget-heading\" data-id=\"232049d\" data-element_type=\"widget\" data-e-type=\"widget\" data-widget_type=\"heading.default\">\n\t\t\t\t\t<h1 class=\"elementor-heading-title elementor-size-default\">Funktionelle Beleuchtung im Zweckbau?  <\/h1>\t\t\t\t<\/div>\n\t\t\t\t<div class=\"elementor-element elementor-element-5070e97 elementor-widget-divider--view-line elementor-widget elementor-widget-divider\" data-id=\"5070e97\" data-element_type=\"widget\" data-e-type=\"widget\" data-widget_type=\"divider.default\">\n\t\t\t\t\t\t\t<div class=\"elementor-divider\">\n\t\t\t<span class=\"elementor-divider-separator\">\n\t\t\t\t\t\t<\/span>\n\t\t<\/div>\n\t\t\t\t\t\t<\/div>\n\t\t\t\t<div class=\"elementor-element elementor-element-3fcbbbb elementor-widget elementor-widget-heading\" data-id=\"3fcbbbb\" data-element_type=\"widget\" data-e-type=\"widget\" data-widget_type=\"heading.default\">\n\t\t\t\t\t<h2 class=\"elementor-heading-title elementor-size-default\">Profitieren Sie von unserem Rat, unserem Wissen und unserer Erfahrung.<\/h2>\t\t\t\t<\/div>\n\t\t\t\t<\/div>\n\t\t\t\t<\/div>\n\t\t<div class=\"elementor-element elementor-element-922dde2 e-flex e-con-boxed e-con e-parent\" data-id=\"922dde2\" data-element_type=\"container\" data-e-type=\"container\" data-settings=\"{&quot;background_background&quot;:&quot;classic&quot;}\">\n\t\t\t\t\t<div class=\"e-con-inner\">\n\t\t<div class=\"elementor-element elementor-element-00b2048 e-con-full e-flex elementor-invisible e-con e-child\" data-id=\"00b2048\" data-element_type=\"container\" data-e-type=\"container\" data-settings=\"{&quot;animation&quot;:&quot;fadeInLeft&quot;}\">\n\t\t\t\t<div class=\"elementor-element elementor-element-81f4642 elementor-widget elementor-widget-image\" data-id=\"81f4642\" data-element_type=\"widget\" data-e-type=\"widget\" data-widget_type=\"image.default\">\n\t\t\t\t\t\t\t\t\t\t\t\t\t\t\t<img fetchpriority=\"high\" decoding=\"async\" width=\"2500\" height=\"1668\" src=\"https:\/\/geersbv.nl\/wp-content\/uploads\/2024\/08\/Schakelpanelen-op-maat-1-groeilicht-Geers-bv.jpg\" class=\"attachment-full size-full wp-image-2079\" alt=\"\" srcset=\"https:\/\/geersbv.nl\/wp-content\/uploads\/2024\/08\/Schakelpanelen-op-maat-1-groeilicht-Geers-bv.jpg 2500w, https:\/\/geersbv.nl\/wp-content\/uploads\/2024\/08\/Schakelpanelen-op-maat-1-groeilicht-Geers-bv-300x200.jpg 300w, https:\/\/geersbv.nl\/wp-content\/uploads\/2024\/08\/Schakelpanelen-op-maat-1-groeilicht-Geers-bv-1024x683.jpg 1024w, https:\/\/geersbv.nl\/wp-content\/uploads\/2024\/08\/Schakelpanelen-op-maat-1-groeilicht-Geers-bv-768x512.jpg 768w, https:\/\/geersbv.nl\/wp-content\/uploads\/2024\/08\/Schakelpanelen-op-maat-1-groeilicht-Geers-bv-1536x1025.jpg 1536w, https:\/\/geersbv.nl\/wp-content\/uploads\/2024\/08\/Schakelpanelen-op-maat-1-groeilicht-Geers-bv-2048x1366.jpg 2048w\" sizes=\"(max-width: 2500px) 100vw, 2500px\" \/>\t\t\t\t\t\t\t\t\t\t\t\t\t\t\t<\/div>\n\t\t\t\t<\/div>\n\t\t<div class=\"elementor-element elementor-element-4d38fb9 e-con-full e-flex elementor-invisible e-con e-child\" data-id=\"4d38fb9\" data-element_type=\"container\" data-e-type=\"container\" data-settings=\"{&quot;animation&quot;:&quot;fadeInRight&quot;}\">\n\t\t\t\t<div class=\"elementor-element elementor-element-cef2f80 elementor-widget elementor-widget-text-editor\" data-id=\"cef2f80\" data-element_type=\"widget\" data-e-type=\"widget\" data-widget_type=\"text-editor.default\">\n\t\t\t\t\t\t\t\t\t<p>Eine gro\u00dfe Verteilerhalle, ein gro\u00dfer Wohnkomplex, ein Tunnel: das sind nur einige der Versorgungsprojekte, f\u00fcr die wir unser Wissen, unsere F\u00e4higkeiten und unsere Erfahrung einsetzen. Gemeinsam mit Ihnen, dem Kunden, suchen wir nach einem bezahlbaren und effizienten Beleuchtungssystem. Lassen Sie sich von unserer bodenst\u00e4ndigen Sicht auf Beleuchtungsfragen und unserem praktischen, zielorientierten Ansatz \u00fcberraschen.  <\/p>\t\t\t\t\t\t\t\t<\/div>\n\t\t\t\t<\/div>\n\t\t\t\t\t<\/div>\n\t\t\t\t<\/div>\n\t\t<div class=\"elementor-element elementor-element-1014fd0 e-flex e-con-boxed e-con e-parent\" data-id=\"1014fd0\" data-element_type=\"container\" data-e-type=\"container\">\n\t\t\t\t\t<div class=\"e-con-inner\">\n\t\t<div class=\"elementor-element elementor-element-73db8a7 e-con-full e-flex e-con e-child\" data-id=\"73db8a7\" data-element_type=\"container\" data-e-type=\"container\">\n\t\t\t\t<div class=\"elementor-element elementor-element-2e6d0a9 elementor-widget elementor-widget-text-editor\" data-id=\"2e6d0a9\" data-element_type=\"widget\" data-e-type=\"widget\" data-widget_type=\"text-editor.default\">\n\t\t\t\t\t\t\t\t\t<p>F\u00fcr eine ma\u00dfgeschneiderte Gesamtl\u00f6sung<\/p>\t\t\t\t\t\t\t\t<\/div>\n\t\t\t\t<div class=\"elementor-element elementor-element-0433cab elementor-widget elementor-widget-text-editor\" data-id=\"0433cab\" data-element_type=\"widget\" data-e-type=\"widget\" data-widget_type=\"text-editor.default\">\n\t\t\t\t\t\t\t\t\t<p>Bei Geers erhalten Sie eine Komplettl\u00f6sung: Wir liefern die sicheren und 100% zuverl\u00e4ssigen<strong> <a href=\"https:\/\/geersbv.nl\/de\/geers-connection-cable\/\"><span style=\"color: #c5ceda;\">Geers Connection Cable<\/span><\/a><\/strong>, <strong><a href=\"https:\/\/geersbv.nl\/de\/leuchten\/\"><span style=\"color: #c5ceda;\">Leuchten<\/span><\/a><\/strong> und <a href=\"https:\/\/geersbv.nl\/de\/schaltpaneele\/\"><strong><span style=\"color: #c5ceda;\">Schaltpaneele<\/span><\/strong><\/a>. Wir bieten auch fachm\u00e4nnische Wartung und schnelles Handeln im Falle von St\u00f6rungen. <\/p>\t\t\t\t\t\t\t\t<\/div>\n\t\t\t\t<\/div>\n\t\t\t\t\t<\/div>\n\t\t\t\t<\/div>\n\t\t<div class=\"elementor-element elementor-element-61bca18 e-flex e-con-boxed e-con e-parent\" data-id=\"61bca18\" data-element_type=\"container\" data-e-type=\"container\">\n\t\t\t\t\t<div class=\"e-con-inner\">\n\t\t<div class=\"elementor-element elementor-element-95642c7 e-con-full e-flex elementor-invisible e-con e-child\" data-id=\"95642c7\" data-element_type=\"container\" data-e-type=\"container\" data-settings=\"{&quot;animation&quot;:&quot;fadeInUp&quot;}\">\n\t\t<div class=\"elementor-element elementor-element-cb66aa7 e-con-full e-flex e-con e-child\" data-id=\"cb66aa7\" data-element_type=\"container\" data-e-type=\"container\">\n\t\t\t\t<div class=\"elementor-element elementor-element-aef14fe elementor-widget elementor-widget-image\" data-id=\"aef14fe\" data-element_type=\"widget\" data-e-type=\"widget\" data-widget_type=\"image.default\">\n\t\t\t\t\t\t\t\t\t\t\t\t\t\t\t<img decoding=\"async\" width=\"2500\" height=\"1668\" src=\"https:\/\/geersbv.nl\/wp-content\/uploads\/2024\/08\/Geers-connection-cable-lasverbinding-Geers-bv.jpg\" class=\"attachment-full size-full wp-image-2117\" alt=\"\" srcset=\"https:\/\/geersbv.nl\/wp-content\/uploads\/2024\/08\/Geers-connection-cable-lasverbinding-Geers-bv.jpg 2500w, https:\/\/geersbv.nl\/wp-content\/uploads\/2024\/08\/Geers-connection-cable-lasverbinding-Geers-bv-300x200.jpg 300w, https:\/\/geersbv.nl\/wp-content\/uploads\/2024\/08\/Geers-connection-cable-lasverbinding-Geers-bv-1024x683.jpg 1024w, https:\/\/geersbv.nl\/wp-content\/uploads\/2024\/08\/Geers-connection-cable-lasverbinding-Geers-bv-768x512.jpg 768w, https:\/\/geersbv.nl\/wp-content\/uploads\/2024\/08\/Geers-connection-cable-lasverbinding-Geers-bv-1536x1025.jpg 1536w, https:\/\/geersbv.nl\/wp-content\/uploads\/2024\/08\/Geers-connection-cable-lasverbinding-Geers-bv-2048x1366.jpg 2048w\" sizes=\"(max-width: 2500px) 100vw, 2500px\" \/>\t\t\t\t\t\t\t\t\t\t\t\t\t\t\t<\/div>\n\t\t<div class=\"elementor-element elementor-element-70bc9a2 e-con-full e-flex e-con e-child\" data-id=\"70bc9a2\" data-element_type=\"container\" data-e-type=\"container\">\n\t\t\t\t<div class=\"elementor-element elementor-element-e91f7e6 elementor-widget elementor-widget-heading\" data-id=\"e91f7e6\" data-element_type=\"widget\" data-e-type=\"widget\" data-widget_type=\"heading.default\">\n\t\t\t\t\t<h3 class=\"elementor-heading-title elementor-size-default\">Geers Connection Cable<\/h3>\t\t\t\t<\/div>\n\t\t\t\t<\/div>\n\t\t\t\t<\/div>\n\t\t\t\t<div class=\"elementor-element elementor-element-2154a57 elementor-widget elementor-widget-button\" data-id=\"2154a57\" data-element_type=\"widget\" data-e-type=\"widget\" data-widget_type=\"button.default\">\n\t\t\t\t\t\t\t\t\t\t<a class=\"elementor-button elementor-button-link elementor-size-sm\" href=\"https:\/\/geersbv.nl\/de\/geers-connection-cable\/\">\n\t\t\t\t\t\t<span class=\"elementor-button-content-wrapper\">\n\t\t\t\t\t\t\t\t\t<span class=\"elementor-button-text\">Mehr Informationen<\/span>\n\t\t\t\t\t<\/span>\n\t\t\t\t\t<\/a>\n\t\t\t\t\t\t\t\t<\/div>\n\t\t\t\t<\/div>\n\t\t<div class=\"elementor-element elementor-element-fea5ae6 e-con-full e-flex elementor-invisible e-con e-child\" data-id=\"fea5ae6\" data-element_type=\"container\" data-e-type=\"container\" data-settings=\"{&quot;animation&quot;:&quot;fadeInUp&quot;,&quot;animation_delay&quot;:200}\">\n\t\t<div class=\"elementor-element elementor-element-71563b5 e-con-full e-flex e-con e-child\" data-id=\"71563b5\" data-element_type=\"container\" data-e-type=\"container\">\n\t\t\t\t<div class=\"elementor-element elementor-element-99c26e2 elementor-widget elementor-widget-image\" data-id=\"99c26e2\" data-element_type=\"widget\" data-e-type=\"widget\" data-widget_type=\"image.default\">\n\t\t\t\t\t\t\t\t\t\t\t\t\t\t\t<img decoding=\"async\" width=\"2500\" height=\"1668\" src=\"https:\/\/geersbv.nl\/wp-content\/uploads\/2024\/08\/Armaturen-groeilicht-Geers-bv.jpg\" class=\"attachment-full size-full wp-image-2015\" alt=\"\" srcset=\"https:\/\/geersbv.nl\/wp-content\/uploads\/2024\/08\/Armaturen-groeilicht-Geers-bv.jpg 2500w, https:\/\/geersbv.nl\/wp-content\/uploads\/2024\/08\/Armaturen-groeilicht-Geers-bv-300x200.jpg 300w, https:\/\/geersbv.nl\/wp-content\/uploads\/2024\/08\/Armaturen-groeilicht-Geers-bv-1024x683.jpg 1024w, https:\/\/geersbv.nl\/wp-content\/uploads\/2024\/08\/Armaturen-groeilicht-Geers-bv-768x512.jpg 768w, https:\/\/geersbv.nl\/wp-content\/uploads\/2024\/08\/Armaturen-groeilicht-Geers-bv-1536x1025.jpg 1536w, https:\/\/geersbv.nl\/wp-content\/uploads\/2024\/08\/Armaturen-groeilicht-Geers-bv-2048x1366.jpg 2048w\" sizes=\"(max-width: 2500px) 100vw, 2500px\" \/>\t\t\t\t\t\t\t\t\t\t\t\t\t\t\t<\/div>\n\t\t<div class=\"elementor-element elementor-element-92dbc8f e-con-full e-flex e-con e-child\" data-id=\"92dbc8f\" data-element_type=\"container\" data-e-type=\"container\">\n\t\t\t\t<div class=\"elementor-element elementor-element-a72e135 elementor-widget elementor-widget-heading\" data-id=\"a72e135\" data-element_type=\"widget\" data-e-type=\"widget\" data-widget_type=\"heading.default\">\n\t\t\t\t\t<h3 class=\"elementor-heading-title elementor-size-default\">Leuchten<\/h3>\t\t\t\t<\/div>\n\t\t\t\t<\/div>\n\t\t\t\t<\/div>\n\t\t\t\t<div class=\"elementor-element elementor-element-a47c852 elementor-widget elementor-widget-button\" data-id=\"a47c852\" data-element_type=\"widget\" data-e-type=\"widget\" data-widget_type=\"button.default\">\n\t\t\t\t\t\t\t\t\t\t<a class=\"elementor-button elementor-button-link elementor-size-sm\" href=\"https:\/\/geersbv.nl\/de\/leuchten\/\">\n\t\t\t\t\t\t<span class=\"elementor-button-content-wrapper\">\n\t\t\t\t\t\t\t\t\t<span class=\"elementor-button-text\">Mehr Informationen<\/span>\n\t\t\t\t\t<\/span>\n\t\t\t\t\t<\/a>\n\t\t\t\t\t\t\t\t<\/div>\n\t\t\t\t<\/div>\n\t\t<div class=\"elementor-element elementor-element-f3cf4de e-con-full e-flex elementor-invisible e-con e-child\" data-id=\"f3cf4de\" data-element_type=\"container\" data-e-type=\"container\" data-settings=\"{&quot;animation&quot;:&quot;fadeInUp&quot;,&quot;animation_delay&quot;:400}\">\n\t\t<div class=\"elementor-element elementor-element-dc379d1 e-con-full e-flex e-con e-child\" data-id=\"dc379d1\" data-element_type=\"container\" data-e-type=\"container\">\n\t\t\t\t<div class=\"elementor-element elementor-element-de985fe elementor-widget elementor-widget-image\" data-id=\"de985fe\" data-element_type=\"widget\" data-e-type=\"widget\" data-widget_type=\"image.default\">\n\t\t\t\t\t\t\t\t\t\t\t\t\t\t\t<img loading=\"lazy\" decoding=\"async\" width=\"2500\" height=\"1668\" src=\"https:\/\/geersbv.nl\/wp-content\/uploads\/2024\/08\/Schakelpanelen-testen-assimilatiebelichting-groeilicht-geers.jpg\" class=\"attachment-full size-full wp-image-2091\" alt=\"\" srcset=\"https:\/\/geersbv.nl\/wp-content\/uploads\/2024\/08\/Schakelpanelen-testen-assimilatiebelichting-groeilicht-geers.jpg 2500w, https:\/\/geersbv.nl\/wp-content\/uploads\/2024\/08\/Schakelpanelen-testen-assimilatiebelichting-groeilicht-geers-300x200.jpg 300w, https:\/\/geersbv.nl\/wp-content\/uploads\/2024\/08\/Schakelpanelen-testen-assimilatiebelichting-groeilicht-geers-1024x683.jpg 1024w, https:\/\/geersbv.nl\/wp-content\/uploads\/2024\/08\/Schakelpanelen-testen-assimilatiebelichting-groeilicht-geers-768x512.jpg 768w, https:\/\/geersbv.nl\/wp-content\/uploads\/2024\/08\/Schakelpanelen-testen-assimilatiebelichting-groeilicht-geers-1536x1025.jpg 1536w, https:\/\/geersbv.nl\/wp-content\/uploads\/2024\/08\/Schakelpanelen-testen-assimilatiebelichting-groeilicht-geers-2048x1366.jpg 2048w\" sizes=\"(max-width: 2500px) 100vw, 2500px\" \/>\t\t\t\t\t\t\t\t\t\t\t\t\t\t\t<\/div>\n\t\t<div class=\"elementor-element elementor-element-f0590be e-con-full e-flex e-con e-child\" data-id=\"f0590be\" data-element_type=\"container\" data-e-type=\"container\">\n\t\t\t\t<div class=\"elementor-element elementor-element-19c4246 elementor-widget elementor-widget-heading\" data-id=\"19c4246\" data-element_type=\"widget\" data-e-type=\"widget\" data-widget_type=\"heading.default\">\n\t\t\t\t\t<h3 class=\"elementor-heading-title elementor-size-default\">Schaltpaneele<\/h3>\t\t\t\t<\/div>\n\t\t\t\t<\/div>\n\t\t\t\t<\/div>\n\t\t\t\t<div class=\"elementor-element elementor-element-cb67e04 elementor-widget elementor-widget-button\" data-id=\"cb67e04\" data-element_type=\"widget\" data-e-type=\"widget\" data-widget_type=\"button.default\">\n\t\t\t\t\t\t\t\t\t\t<a class=\"elementor-button elementor-button-link elementor-size-sm\" href=\"https:\/\/geersbv.nl\/de\/schaltpaneele\/\">\n\t\t\t\t\t\t<span class=\"elementor-button-content-wrapper\">\n\t\t\t\t\t\t\t\t\t<span class=\"elementor-button-text\">Mehr Informationen<\/span>\n\t\t\t\t\t<\/span>\n\t\t\t\t\t<\/a>\n\t\t\t\t\t\t\t\t<\/div>\n\t\t\t\t<\/div>\n\t\t\t\t\t<\/div>\n\t\t\t\t<\/div>\n\t\t<div class=\"elementor-element elementor-element-a4f08d5 e-flex e-con-boxed e-con e-parent\" data-id=\"a4f08d5\" data-element_type=\"container\" data-e-type=\"container\" data-settings=\"{&quot;background_background&quot;:&quot;classic&quot;}\">\n\t\t\t\t\t<div class=\"e-con-inner\">\n\t\t<div class=\"elementor-element elementor-element-2763079 e-con-full e-flex e-con e-child\" data-id=\"2763079\" data-element_type=\"container\" data-e-type=\"container\">\n\t\t\t\t<div class=\"elementor-element elementor-element-6e0dd7d elementor-widget elementor-widget-text-editor\" data-id=\"6e0dd7d\" data-element_type=\"widget\" data-e-type=\"widget\" data-widget_type=\"text-editor.default\">\n\t\t\t\t\t\t\t\t\t<p>Kontaktieren Sie <span style=\"color: #e5004d;\">uns<\/span> f\u00fcr eine Gesamtl\u00f6sung f\u00fcr Ihr Versorgungsprojekt und finden Sie heraus, was Geers f\u00fcr Sie tun kann.<\/p>\t\t\t\t\t\t\t\t<\/div>\n\t\t\t\t<div class=\"elementor-element elementor-element-b1e2fdf elementor-widget elementor-widget-button\" data-id=\"b1e2fdf\" data-element_type=\"widget\" data-e-type=\"widget\" data-widget_type=\"button.default\">\n\t\t\t\t\t\t\t\t\t\t<a class=\"elementor-button elementor-button-link elementor-size-sm\" href=\"https:\/\/geersbv.nl\/de\/kontakt\/\">\n\t\t\t\t\t\t<span class=\"elementor-button-content-wrapper\">\n\t\t\t\t\t\t\t\t\t<span class=\"elementor-button-text\">Kontakt<\/span>\n\t\t\t\t\t<\/span>\n\t\t\t\t\t<\/a>\n\t\t\t\t\t\t\t\t<\/div>\n\t\t\t\t<\/div>\n\t\t\t\t\t<\/div>\n\t\t\t\t<\/div>\n\t\t\t\t<\/div>\n\t\t","protected":false},"excerpt":{"rendered":"<p>Funktionelle Beleuchtung im Zweckbau? Profitieren Sie von unserem Rat, unserem Wissen und unserer Erfahrung. Eine gro\u00dfe Verteilerhalle, ein gro\u00dfer Wohnkomplex, ein Tunnel: das sind nur einige der Versorgungsprojekte, f\u00fcr die wir unser Wissen, unsere F\u00e4higkeiten und unsere Erfahrung einsetzen. Gemeinsam mit Ihnen, dem Kunden, suchen wir nach einem bezahlbaren und effizienten Beleuchtungssystem. Lassen Sie sich [&hellip;]<\/p>\n","protected":false},"author":1,"featured_media":0,"parent":0,"menu_order":0,"comment_status":"closed","ping_status":"closed","template":"","meta":{"footnotes":""},"class_list":["post-2172","page","type-page","status-publish","hentry"],"yoast_head":"<!-- This site is optimized with the Yoast SEO plugin v27.3 - https:\/\/yoast.com\/product\/yoast-seo-wordpress\/ -->\n<title>Zweckbau - Geers B.V.<\/title>\n<meta name=\"robots\" content=\"index, follow, max-snippet:-1, max-image-preview:large, max-video-preview:-1\" \/>\n<link rel=\"canonical\" href=\"https:\/\/geersbv.nl\/de\/zweckbau\/\" \/>\n<meta property=\"og:locale\" content=\"de_DE\" \/>\n<meta property=\"og:type\" content=\"article\" \/>\n<meta property=\"og:title\" content=\"Zweckbau - Geers B.V.\" \/>\n<meta property=\"og:description\" content=\"Funktionelle Beleuchtung im Zweckbau? Profitieren Sie von unserem Rat, unserem Wissen und unserer Erfahrung. Eine gro\u00dfe Verteilerhalle, ein gro\u00dfer Wohnkomplex, ein Tunnel: das sind nur einige der Versorgungsprojekte, f\u00fcr die wir unser Wissen, unsere F\u00e4higkeiten und unsere Erfahrung einsetzen. Gemeinsam mit Ihnen, dem Kunden, suchen wir nach einem bezahlbaren und effizienten Beleuchtungssystem. Lassen Sie sich [&hellip;]\" \/>\n<meta property=\"og:url\" content=\"https:\/\/geersbv.nl\/de\/zweckbau\/\" \/>\n<meta property=\"og:site_name\" content=\"Geers B.V.\" \/>\n<meta property=\"article:modified_time\" content=\"2026-02-05T09:46:56+00:00\" \/>\n<meta property=\"og:image\" content=\"https:\/\/geersbv.nl\/wp-content\/uploads\/2024\/08\/Schakelpanelen-op-maat-1-groeilicht-Geers-bv.jpg\" \/>\n\t<meta property=\"og:image:width\" content=\"2500\" \/>\n\t<meta property=\"og:image:height\" content=\"1668\" \/>\n\t<meta property=\"og:image:type\" content=\"image\/jpeg\" \/>\n<meta name=\"twitter:card\" content=\"summary_large_image\" \/>\n<meta name=\"twitter:label1\" content=\"Gesch\u00e4tzte Lesezeit\" \/>\n\t<meta name=\"twitter:data1\" content=\"1\u00a0Minute\" \/>\n<script type=\"application\/ld+json\" class=\"yoast-schema-graph\">{\"@context\":\"https:\\\/\\\/schema.org\",\"@graph\":[{\"@type\":\"WebPage\",\"@id\":\"https:\\\/\\\/geersbv.nl\\\/de\\\/zweckbau\\\/\",\"url\":\"https:\\\/\\\/geersbv.nl\\\/de\\\/zweckbau\\\/\",\"name\":\"Zweckbau - Geers B.V.\",\"isPartOf\":{\"@id\":\"https:\\\/\\\/geersbv.nl\\\/de\\\/#website\"},\"primaryImageOfPage\":{\"@id\":\"https:\\\/\\\/geersbv.nl\\\/de\\\/zweckbau\\\/#primaryimage\"},\"image\":{\"@id\":\"https:\\\/\\\/geersbv.nl\\\/de\\\/zweckbau\\\/#primaryimage\"},\"thumbnailUrl\":\"https:\\\/\\\/geersbv.nl\\\/wp-content\\\/uploads\\\/2024\\\/08\\\/Schakelpanelen-op-maat-1-groeilicht-Geers-bv.jpg\",\"datePublished\":\"2024-08-06T08:01:59+00:00\",\"dateModified\":\"2026-02-05T09:46:56+00:00\",\"breadcrumb\":{\"@id\":\"https:\\\/\\\/geersbv.nl\\\/de\\\/zweckbau\\\/#breadcrumb\"},\"inLanguage\":\"de\",\"potentialAction\":[{\"@type\":\"ReadAction\",\"target\":[\"https:\\\/\\\/geersbv.nl\\\/de\\\/zweckbau\\\/\"]}]},{\"@type\":\"ImageObject\",\"inLanguage\":\"de\",\"@id\":\"https:\\\/\\\/geersbv.nl\\\/de\\\/zweckbau\\\/#primaryimage\",\"url\":\"https:\\\/\\\/geersbv.nl\\\/wp-content\\\/uploads\\\/2024\\\/08\\\/Schakelpanelen-op-maat-1-groeilicht-Geers-bv.jpg\",\"contentUrl\":\"https:\\\/\\\/geersbv.nl\\\/wp-content\\\/uploads\\\/2024\\\/08\\\/Schakelpanelen-op-maat-1-groeilicht-Geers-bv.jpg\"},{\"@type\":\"BreadcrumbList\",\"@id\":\"https:\\\/\\\/geersbv.nl\\\/de\\\/zweckbau\\\/#breadcrumb\",\"itemListElement\":[{\"@type\":\"ListItem\",\"position\":1,\"name\":\"Home\",\"item\":\"https:\\\/\\\/geersbv.nl\\\/de\\\/startseite\\\/\"},{\"@type\":\"ListItem\",\"position\":2,\"name\":\"Zweckbau\"}]},{\"@type\":\"WebSite\",\"@id\":\"https:\\\/\\\/geersbv.nl\\\/de\\\/#website\",\"url\":\"https:\\\/\\\/geersbv.nl\\\/de\\\/\",\"name\":\"Geers B.V.\",\"description\":\"Assimilatiebelichting specialist\",\"publisher\":{\"@id\":\"https:\\\/\\\/geersbv.nl\\\/de\\\/#organization\"},\"potentialAction\":[{\"@type\":\"SearchAction\",\"target\":{\"@type\":\"EntryPoint\",\"urlTemplate\":\"https:\\\/\\\/geersbv.nl\\\/de\\\/?s={search_term_string}\"},\"query-input\":{\"@type\":\"PropertyValueSpecification\",\"valueRequired\":true,\"valueName\":\"search_term_string\"}}],\"inLanguage\":\"de\"},{\"@type\":\"Organization\",\"@id\":\"https:\\\/\\\/geersbv.nl\\\/de\\\/#organization\",\"name\":\"Geers B.V.\",\"url\":\"https:\\\/\\\/geersbv.nl\\\/de\\\/\",\"logo\":{\"@type\":\"ImageObject\",\"inLanguage\":\"de\",\"@id\":\"https:\\\/\\\/geersbv.nl\\\/de\\\/#\\\/schema\\\/logo\\\/image\\\/\",\"url\":\"https:\\\/\\\/geersbv.nl\\\/wp-content\\\/uploads\\\/2024\\\/08\\\/cropped-Geers-avatar-def.png\",\"contentUrl\":\"https:\\\/\\\/geersbv.nl\\\/wp-content\\\/uploads\\\/2024\\\/08\\\/cropped-Geers-avatar-def.png\",\"width\":512,\"height\":512,\"caption\":\"Geers B.V.\"},\"image\":{\"@id\":\"https:\\\/\\\/geersbv.nl\\\/de\\\/#\\\/schema\\\/logo\\\/image\\\/\"}}]}<\/script>\n<!-- \/ Yoast SEO plugin. -->","yoast_head_json":{"title":"Zweckbau - Geers B.V.","robots":{"index":"index","follow":"follow","max-snippet":"max-snippet:-1","max-image-preview":"max-image-preview:large","max-video-preview":"max-video-preview:-1"},"canonical":"https:\/\/geersbv.nl\/de\/zweckbau\/","og_locale":"de_DE","og_type":"article","og_title":"Zweckbau - Geers B.V.","og_description":"Funktionelle Beleuchtung im Zweckbau? Profitieren Sie von unserem Rat, unserem Wissen und unserer Erfahrung. Eine gro\u00dfe Verteilerhalle, ein gro\u00dfer Wohnkomplex, ein Tunnel: das sind nur einige der Versorgungsprojekte, f\u00fcr die wir unser Wissen, unsere F\u00e4higkeiten und unsere Erfahrung einsetzen. Gemeinsam mit Ihnen, dem Kunden, suchen wir nach einem bezahlbaren und effizienten Beleuchtungssystem. Lassen Sie sich [&hellip;]","og_url":"https:\/\/geersbv.nl\/de\/zweckbau\/","og_site_name":"Geers B.V.","article_modified_time":"2026-02-05T09:46:56+00:00","og_image":[{"width":2500,"height":1668,"url":"https:\/\/geersbv.nl\/wp-content\/uploads\/2024\/08\/Schakelpanelen-op-maat-1-groeilicht-Geers-bv.jpg","type":"image\/jpeg"}],"twitter_card":"summary_large_image","twitter_misc":{"Gesch\u00e4tzte Lesezeit":"1\u00a0Minute"},"schema":{"@context":"https:\/\/schema.org","@graph":[{"@type":"WebPage","@id":"https:\/\/geersbv.nl\/de\/zweckbau\/","url":"https:\/\/geersbv.nl\/de\/zweckbau\/","name":"Zweckbau - Geers B.V.","isPartOf":{"@id":"https:\/\/geersbv.nl\/de\/#website"},"primaryImageOfPage":{"@id":"https:\/\/geersbv.nl\/de\/zweckbau\/#primaryimage"},"image":{"@id":"https:\/\/geersbv.nl\/de\/zweckbau\/#primaryimage"},"thumbnailUrl":"https:\/\/geersbv.nl\/wp-content\/uploads\/2024\/08\/Schakelpanelen-op-maat-1-groeilicht-Geers-bv.jpg","datePublished":"2024-08-06T08:01:59+00:00","dateModified":"2026-02-05T09:46:56+00:00","breadcrumb":{"@id":"https:\/\/geersbv.nl\/de\/zweckbau\/#breadcrumb"},"inLanguage":"de","potentialAction":[{"@type":"ReadAction","target":["https:\/\/geersbv.nl\/de\/zweckbau\/"]}]},{"@type":"ImageObject","inLanguage":"de","@id":"https:\/\/geersbv.nl\/de\/zweckbau\/#primaryimage","url":"https:\/\/geersbv.nl\/wp-content\/uploads\/2024\/08\/Schakelpanelen-op-maat-1-groeilicht-Geers-bv.jpg","contentUrl":"https:\/\/geersbv.nl\/wp-content\/uploads\/2024\/08\/Schakelpanelen-op-maat-1-groeilicht-Geers-bv.jpg"},{"@type":"BreadcrumbList","@id":"https:\/\/geersbv.nl\/de\/zweckbau\/#breadcrumb","itemListElement":[{"@type":"ListItem","position":1,"name":"Home","item":"https:\/\/geersbv.nl\/de\/startseite\/"},{"@type":"ListItem","position":2,"name":"Zweckbau"}]},{"@type":"WebSite","@id":"https:\/\/geersbv.nl\/de\/#website","url":"https:\/\/geersbv.nl\/de\/","name":"Geers B.V.","description":"Assimilatiebelichting specialist","publisher":{"@id":"https:\/\/geersbv.nl\/de\/#organization"},"potentialAction":[{"@type":"SearchAction","target":{"@type":"EntryPoint","urlTemplate":"https:\/\/geersbv.nl\/de\/?s={search_term_string}"},"query-input":{"@type":"PropertyValueSpecification","valueRequired":true,"valueName":"search_term_string"}}],"inLanguage":"de"},{"@type":"Organization","@id":"https:\/\/geersbv.nl\/de\/#organization","name":"Geers B.V.","url":"https:\/\/geersbv.nl\/de\/","logo":{"@type":"ImageObject","inLanguage":"de","@id":"https:\/\/geersbv.nl\/de\/#\/schema\/logo\/image\/","url":"https:\/\/geersbv.nl\/wp-content\/uploads\/2024\/08\/cropped-Geers-avatar-def.png","contentUrl":"https:\/\/geersbv.nl\/wp-content\/uploads\/2024\/08\/cropped-Geers-avatar-def.png","width":512,"height":512,"caption":"Geers B.V."},"image":{"@id":"https:\/\/geersbv.nl\/de\/#\/schema\/logo\/image\/"}}]}},"_links":{"self":[{"href":"https:\/\/geersbv.nl\/de\/wp-json\/wp\/v2\/pages\/2172","targetHints":{"allow":["GET"]}}],"collection":[{"href":"https:\/\/geersbv.nl\/de\/wp-json\/wp\/v2\/pages"}],"about":[{"href":"https:\/\/geersbv.nl\/de\/wp-json\/wp\/v2\/types\/page"}],"author":[{"embeddable":true,"href":"https:\/\/geersbv.nl\/de\/wp-json\/wp\/v2\/users\/1"}],"replies":[{"embeddable":true,"href":"https:\/\/geersbv.nl\/de\/wp-json\/wp\/v2\/comments?post=2172"}],"version-history":[{"count":1,"href":"https:\/\/geersbv.nl\/de\/wp-json\/wp\/v2\/pages\/2172\/revisions"}],"predecessor-version":[{"id":2174,"href":"https:\/\/geersbv.nl\/de\/wp-json\/wp\/v2\/pages\/2172\/revisions\/2174"}],"wp:attachment":[{"href":"https:\/\/geersbv.nl\/de\/wp-json\/wp\/v2\/media?parent=2172"}],"curies":[{"name":"wp","href":"https:\/\/api.w.org\/{rel}","templated":true}]}}