{"id":2217,"date":"2026-02-23T11:08:24","date_gmt":"2026-02-23T11:08:24","guid":{"rendered":"https:\/\/geersbv.nl\/beleuchtung-und-energie\/"},"modified":"2026-02-23T15:20:08","modified_gmt":"2026-02-23T15:20:08","slug":"beleuchtung-und-energie","status":"publish","type":"page","link":"https:\/\/geersbv.nl\/de\/beleuchtung-und-energie\/","title":{"rendered":"Beleuchtung und Energie"},"content":{"rendered":"\t\t<div data-elementor-type=\"wp-page\" data-elementor-id=\"2217\" class=\"elementor elementor-2217 elementor-2202\" data-elementor-post-type=\"page\">\n\t\t\t\t<div class=\"elementor-element elementor-element-9015911 e-con-full e-flex e-con e-parent\" data-id=\"9015911\" data-element_type=\"container\" data-e-type=\"container\" data-settings=\"{&quot;background_background&quot;:&quot;classic&quot;}\">\n\t\t<div class=\"elementor-element elementor-element-c47a28b e-con-full e-flex elementor-invisible e-con e-child\" data-id=\"c47a28b\" data-element_type=\"container\" data-e-type=\"container\" data-settings=\"{&quot;animation&quot;:&quot;fadeInLeft&quot;}\">\n\t\t\t\t<div class=\"elementor-element elementor-element-b4014cf elementor-widget elementor-widget-heading\" data-id=\"b4014cf\" data-element_type=\"widget\" data-e-type=\"widget\" data-widget_type=\"heading.default\">\n\t\t\t\t\t<h1 class=\"elementor-heading-title elementor-size-default\">Intelligente Belichtung,<br>stabile Produktion<\/h1>\t\t\t\t<\/div>\n\t\t\t\t<div class=\"elementor-element elementor-element-dd2261f elementor-widget-divider--view-line elementor-widget elementor-widget-divider\" data-id=\"dd2261f\" data-element_type=\"widget\" data-e-type=\"widget\" data-widget_type=\"divider.default\">\n\t\t\t\t\t\t\t<div class=\"elementor-divider\">\n\t\t\t<span class=\"elementor-divider-separator\">\n\t\t\t\t\t\t<\/span>\n\t\t<\/div>\n\t\t\t\t\t\t<\/div>\n\t\t\t\t<div class=\"elementor-element elementor-element-6d86168 elementor-widget elementor-widget-heading\" data-id=\"6d86168\" data-element_type=\"widget\" data-e-type=\"widget\" data-widget_type=\"heading.default\">\n\t\t\t\t\t<h2 class=\"elementor-heading-title elementor-size-default\">Kontrolle, Effizienz und Zuverl\u00e4ssigkeit bei der Beleuchtung<\/h2>\t\t\t\t<\/div>\n\t\t\t\t<\/div>\n\t\t\t\t<\/div>\n\t\t<div class=\"elementor-element elementor-element-a50b659 e-flex e-con-boxed e-con e-parent\" data-id=\"a50b659\" data-element_type=\"container\" data-e-type=\"container\">\n\t\t\t\t\t<div class=\"e-con-inner\">\n\t\t<div class=\"elementor-element elementor-element-2a06f83 e-con-full e-flex elementor-invisible e-con e-child\" data-id=\"2a06f83\" data-element_type=\"container\" data-e-type=\"container\" data-settings=\"{&quot;animation&quot;:&quot;fadeInLeft&quot;,&quot;animation_delay&quot;:200}\">\n\t\t\t\t<div class=\"elementor-element elementor-element-438c117 elementor-widget elementor-widget-image\" data-id=\"438c117\" data-element_type=\"widget\" data-e-type=\"widget\" data-widget_type=\"image.default\">\n\t\t\t\t\t\t\t\t\t\t\t\t\t\t\t<img fetchpriority=\"high\" decoding=\"async\" width=\"2500\" height=\"1668\" src=\"https:\/\/geersbv.nl\/wp-content\/uploads\/2024\/08\/Geers-connection-cable-armaturen-1-groeilicht-Geers-bv.jpg\" class=\"attachment-full size-full wp-image-2019\" alt=\"\" srcset=\"https:\/\/geersbv.nl\/wp-content\/uploads\/2024\/08\/Geers-connection-cable-armaturen-1-groeilicht-Geers-bv.jpg 2500w, https:\/\/geersbv.nl\/wp-content\/uploads\/2024\/08\/Geers-connection-cable-armaturen-1-groeilicht-Geers-bv-300x200.jpg 300w, https:\/\/geersbv.nl\/wp-content\/uploads\/2024\/08\/Geers-connection-cable-armaturen-1-groeilicht-Geers-bv-1024x683.jpg 1024w, https:\/\/geersbv.nl\/wp-content\/uploads\/2024\/08\/Geers-connection-cable-armaturen-1-groeilicht-Geers-bv-768x512.jpg 768w, https:\/\/geersbv.nl\/wp-content\/uploads\/2024\/08\/Geers-connection-cable-armaturen-1-groeilicht-Geers-bv-1536x1025.jpg 1536w, https:\/\/geersbv.nl\/wp-content\/uploads\/2024\/08\/Geers-connection-cable-armaturen-1-groeilicht-Geers-bv-2048x1366.jpg 2048w\" sizes=\"(max-width: 2500px) 100vw, 2500px\" \/>\t\t\t\t\t\t\t\t\t\t\t\t\t\t\t<\/div>\n\t\t\t\t<div class=\"elementor-element elementor-element-22a9c2e elementor-widget elementor-widget-image\" data-id=\"22a9c2e\" data-element_type=\"widget\" data-e-type=\"widget\" data-widget_type=\"image.default\">\n\t\t\t\t\t\t\t\t\t\t\t\t\t\t\t<img decoding=\"async\" width=\"800\" height=\"534\" src=\"https:\/\/geersbv.nl\/wp-content\/uploads\/2024\/08\/Geers-connection-cable-lasverbinding-Geers-bv-1024x683.jpg\" class=\"attachment-large size-large wp-image-2117\" alt=\"\" srcset=\"https:\/\/geersbv.nl\/wp-content\/uploads\/2024\/08\/Geers-connection-cable-lasverbinding-Geers-bv-1024x683.jpg 1024w, https:\/\/geersbv.nl\/wp-content\/uploads\/2024\/08\/Geers-connection-cable-lasverbinding-Geers-bv-300x200.jpg 300w, https:\/\/geersbv.nl\/wp-content\/uploads\/2024\/08\/Geers-connection-cable-lasverbinding-Geers-bv-768x512.jpg 768w, https:\/\/geersbv.nl\/wp-content\/uploads\/2024\/08\/Geers-connection-cable-lasverbinding-Geers-bv-1536x1025.jpg 1536w, https:\/\/geersbv.nl\/wp-content\/uploads\/2024\/08\/Geers-connection-cable-lasverbinding-Geers-bv-2048x1366.jpg 2048w\" sizes=\"(max-width: 800px) 100vw, 800px\" \/>\t\t\t\t\t\t\t\t\t\t\t\t\t\t\t<\/div>\n\t\t\t\t<\/div>\n\t\t<div class=\"elementor-element elementor-element-64e4c89 e-con-full e-flex elementor-invisible e-con e-child\" data-id=\"64e4c89\" data-element_type=\"container\" data-e-type=\"container\" data-settings=\"{&quot;animation&quot;:&quot;fadeInRight&quot;,&quot;animation_delay&quot;:300}\">\n\t\t\t\t<div class=\"elementor-element elementor-element-4fdaf7f elementor-widget elementor-widget-heading\" data-id=\"4fdaf7f\" data-element_type=\"widget\" data-e-type=\"widget\" data-widget_type=\"heading.default\">\n\t\t\t\t\t<h2 class=\"elementor-heading-title elementor-size-default\">Assimilationsbelichtung im gew\u00e4chshaus-horticulture<\/h2>\t\t\t\t<\/div>\n\t\t\t\t<div class=\"elementor-element elementor-element-6cf5872 elementor-widget elementor-widget-text-editor\" data-id=\"6cf5872\" data-element_type=\"widget\" data-e-type=\"widget\" data-widget_type=\"text-editor.default\">\n\t\t\t\t\t\t\t\t\t<p>Die Wachstumsbeleuchtung ist ein wesentlicher Bestandteil der modernen Gew\u00e4chshauskultur. Zus\u00e4tzliches Licht h\u00e4lt den Wachstumsprozess aktiv, wenn das nat\u00fcrliche Tageslicht ausf\u00e4llt. Die richtige Assimilationsbelichtung sorgt f\u00fcr eine stabile Pflanzenentwicklung und eine vorhersehbare Produktion.  <\/p><p>Geers entwirft Assimilationsbeleuchtungssysteme aus der Praxis. Nicht aus Standardl\u00f6sungen, sondern ma\u00dfgeschneidert f\u00fcr Gew\u00e4chshaus, Kultur und Anbaustrategie. Der Schwerpunkt liegt auf dem Lichtniveau, der Gleichm\u00e4\u00dfigkeit, den Brennstunden und dem Energieverbrauch\/den Energieeinsparungen.  <\/p><p>Da die wachstumsbeleuchtung einen gro\u00dfen Einfluss auf den Gesamtenergieverbrauch hat, liegt der Fokus immer auf Effizienz und Zuverl\u00e4ssigkeit. Dank bewusster Entscheidungen bei Technik und Material, wie der Verwendung der Geers Connection mit einer Kupfer-Kupfer-Verbindung und einem massiven Kunststoffmantel, funktioniert die Installation jahrelang st\u00f6rungsfrei. Die Geers Connection hat sich nach vielen Jahren in der Praxis eindeutig bew\u00e4hrt.  <\/p><p>Geers arbeitet mit verschiedenen Arten von Assimilationsbelichtung. In der Praxis wird oft LED gew\u00e4hlt, aber auch konventionelle Systeme kommen zum Einsatz, wenn dies der Situation besser entspricht. Die Wahl h\u00e4ngt von dem gew\u00fcnschten Ergebnis, der verf\u00fcgbaren Leistung und den Anforderungen des Kunden ab.  <\/p>\t\t\t\t\t\t\t\t<\/div>\n\t\t\t\t<\/div>\n\t\t\t\t\t<\/div>\n\t\t\t\t<\/div>\n\t\t<div class=\"elementor-element elementor-element-d535426 e-con-full e-flex e-con e-parent\" data-id=\"d535426\" data-element_type=\"container\" data-e-type=\"container\">\n\t\t<div class=\"elementor-element elementor-element-16f058c e-con-full e-flex e-con e-child\" data-id=\"16f058c\" data-element_type=\"container\" data-e-type=\"container\" data-settings=\"{&quot;background_background&quot;:&quot;classic&quot;}\">\n\t\t<div class=\"elementor-element elementor-element-2c3dc6d e-con-full e-flex e-con e-child\" data-id=\"2c3dc6d\" data-element_type=\"container\" data-e-type=\"container\">\n\t\t\t\t<div class=\"elementor-element elementor-element-10b40a1 elementor-widget elementor-widget-heading\" data-id=\"10b40a1\" data-element_type=\"widget\" data-e-type=\"widget\" data-widget_type=\"heading.default\">\n\t\t\t\t\t<h2 class=\"elementor-heading-title elementor-size-default\">LED-Beleuchtung f\u00fcr den Gartenbau<\/h2>\t\t\t\t<\/div>\n\t\t\t\t<div class=\"elementor-element elementor-element-f565ea2 elementor-widget elementor-widget-text-editor\" data-id=\"f565ea2\" data-element_type=\"widget\" data-e-type=\"widget\" data-widget_type=\"text-editor.default\">\n\t\t\t\t\t\t\t\t\t<p>Die LED-Beleuchtung spielt im Gartenbau eine immer gr\u00f6\u00dfere Rolle. Die LED-Wachstumsbeleuchtung erm\u00f6glicht es, das Licht gezielt einzusetzen (Spektrumssteuerung) und es besser auf die Bed\u00fcrfnisse der Pflanzen abzustimmen. Dies f\u00fchrt zu mehr Kontrolle \u00fcber Wachstum und Energieverbrauch.  <\/p><p>Bei der Umstellung auf LED-Beleuchtung betrachtet Geers nicht nur die Leuchten. Das gesamte System wird ber\u00fccksichtigt: von der Lichtverteilung bis zur Verkabelung und Installation. Durch die Verwendung einer <strong>Kupfer-Kupfer-Verbindung und eines massiven Kunststoffmantels<\/strong> entsteht eine Installation, die 100 % zuverl\u00e4ssig und treibhausbest\u00e4ndig ist.  <\/p><p>LED-Beleuchtung verbraucht weniger Energie und hat eine l\u00e4ngere Lebensdauer als herk\u00f6mmliche wachstumsbeleuchtung. In Verbindung mit einer sorgf\u00e4ltigen Installation f\u00fchrt dies zu niedrigeren Kosten und einem zuverl\u00e4ssigen Beleuchtungssystem. <\/p><p>Geers bietet unabh\u00e4ngige Beratung zu LED-Beleuchtung und begleitet den Prozess von der Planung bis zur Inbetriebnahme.<\/p>\t\t\t\t\t\t\t\t<\/div>\n\t\t\t\t<div class=\"elementor-element elementor-element-e505168 elementor-widget elementor-widget-menu-anchor\" data-id=\"e505168\" data-element_type=\"widget\" data-e-type=\"widget\" data-widget_type=\"menu-anchor.default\">\n\t\t\t\t\t\t\t<div class=\"elementor-menu-anchor\" id=\"offeneStellen\"><\/div>\n\t\t\t\t\t\t<\/div>\n\t\t\t\t<\/div>\n\t\t\t\t<\/div>\n\t\t<div class=\"elementor-element elementor-element-bf9887e e-con-full e-flex e-con e-child\" data-id=\"bf9887e\" data-element_type=\"container\" data-e-type=\"container\" data-settings=\"{&quot;background_background&quot;:&quot;classic&quot;}\">\n\t\t\t\t<div class=\"elementor-element elementor-element-cd1224a elementor-widget elementor-widget-spacer\" data-id=\"cd1224a\" data-element_type=\"widget\" data-e-type=\"widget\" data-widget_type=\"spacer.default\">\n\t\t\t\t\t\t\t<div class=\"elementor-spacer\">\n\t\t\t<div class=\"elementor-spacer-inner\"><\/div>\n\t\t<\/div>\n\t\t\t\t\t\t<\/div>\n\t\t\t\t<\/div>\n\t\t\t\t<\/div>\n\t\t<div class=\"elementor-element elementor-element-b797439 e-flex e-con-boxed e-con e-parent\" data-id=\"b797439\" data-element_type=\"container\" data-e-type=\"container\">\n\t\t\t\t\t<div class=\"e-con-inner\">\n\t\t<div class=\"elementor-element elementor-element-91ae363 e-con-full e-flex elementor-invisible e-con e-child\" data-id=\"91ae363\" data-element_type=\"container\" data-e-type=\"container\" data-settings=\"{&quot;animation&quot;:&quot;fadeInLeft&quot;,&quot;animation_delay&quot;:200}\">\n\t\t\t\t<div class=\"elementor-element elementor-element-a228d6b elementor-widget elementor-widget-image\" data-id=\"a228d6b\" data-element_type=\"widget\" data-e-type=\"widget\" data-widget_type=\"image.default\">\n\t\t\t\t\t\t\t\t\t\t\t\t\t\t\t<img decoding=\"async\" width=\"2200\" height=\"1467\" src=\"https:\/\/geersbv.nl\/wp-content\/uploads\/2024\/08\/Geers-groeilicht-innovaties-indoor-vertical-farming.jpg\" class=\"attachment-full size-full wp-image-2146\" alt=\"\" srcset=\"https:\/\/geersbv.nl\/wp-content\/uploads\/2024\/08\/Geers-groeilicht-innovaties-indoor-vertical-farming.jpg 2200w, https:\/\/geersbv.nl\/wp-content\/uploads\/2024\/08\/Geers-groeilicht-innovaties-indoor-vertical-farming-300x200.jpg 300w, https:\/\/geersbv.nl\/wp-content\/uploads\/2024\/08\/Geers-groeilicht-innovaties-indoor-vertical-farming-1024x683.jpg 1024w, https:\/\/geersbv.nl\/wp-content\/uploads\/2024\/08\/Geers-groeilicht-innovaties-indoor-vertical-farming-768x512.jpg 768w, https:\/\/geersbv.nl\/wp-content\/uploads\/2024\/08\/Geers-groeilicht-innovaties-indoor-vertical-farming-1536x1024.jpg 1536w, https:\/\/geersbv.nl\/wp-content\/uploads\/2024\/08\/Geers-groeilicht-innovaties-indoor-vertical-farming-2048x1366.jpg 2048w\" sizes=\"(max-width: 2200px) 100vw, 2200px\" \/>\t\t\t\t\t\t\t\t\t\t\t\t\t\t\t<\/div>\n\t\t\t\t<\/div>\n\t\t<div class=\"elementor-element elementor-element-3167615 e-con-full e-flex elementor-invisible e-con e-child\" data-id=\"3167615\" data-element_type=\"container\" data-e-type=\"container\" data-settings=\"{&quot;animation&quot;:&quot;fadeInRight&quot;,&quot;animation_delay&quot;:300}\">\n\t\t\t\t<div class=\"elementor-element elementor-element-f2da9af elementor-widget elementor-widget-heading\" data-id=\"f2da9af\" data-element_type=\"widget\" data-e-type=\"widget\" data-widget_type=\"heading.default\">\n\t\t\t\t\t<h2 class=\"elementor-heading-title elementor-size-default\">Energieeffiziente wachstumsbeleuchtung in Gew\u00e4chsh\u00e4usern<\/h2>\t\t\t\t<\/div>\n\t\t\t\t<div class=\"elementor-element elementor-element-e6d6f66 elementor-widget elementor-widget-text-editor\" data-id=\"e6d6f66\" data-element_type=\"widget\" data-e-type=\"widget\" data-widget_type=\"text-editor.default\">\n\t\t\t\t\t\t\t\t\t<p>Eine energieeffiziente wachstumsbeleuchtung ist unerl\u00e4sslich, um den Anbau rentabel zu halten. Ein gutes Verh\u00e4ltnis zwischen Lichtleistung und Energieverbrauch h\u00e4lt das Produktionsniveau hoch, selbst bei steigenden Energiepreisen. <\/p><p>Geers betrachtet das gesamte System. Nicht nur die Leuchte beeinflusst den Verbrauch, sondern auch die Qualit\u00e4t der Installation und der Anschl\u00fcsse. Die Verwendung der besten Komponenten und eine gut durchdachte technische Umsetzung verhindern unn\u00f6tige Verluste und sorgen daf\u00fcr, dass die Installation zuverl\u00e4ssig funktioniert.  <\/p>\t\t\t\t\t\t\t\t<\/div>\n\t\t\t\t<\/div>\n\t\t\t\t\t<\/div>\n\t\t\t\t<\/div>\n\t\t<div class=\"elementor-element elementor-element-c709dea e-flex e-con-boxed e-con e-parent\" data-id=\"c709dea\" data-element_type=\"container\" data-e-type=\"container\" data-settings=\"{&quot;background_background&quot;:&quot;classic&quot;}\">\n\t\t\t\t\t<div class=\"e-con-inner\">\n\t\t<div class=\"elementor-element elementor-element-87b6e17 e-con-full e-flex e-con e-child\" data-id=\"87b6e17\" data-element_type=\"container\" data-e-type=\"container\">\n\t\t\t\t<div class=\"elementor-element elementor-element-c82541e elementor-widget elementor-widget-text-editor\" data-id=\"c82541e\" data-element_type=\"widget\" data-e-type=\"widget\" data-widget_type=\"text-editor.default\">\n\t\t\t\t\t\t\t\t\t<p>M\u00f6chten Sie die Wachstumsbeleuchtung in Ihrem Betrieb optimal nutzen?  <span style=\"color: #e5004d;\">Kontaktieren Sie uns noch heute.<\/span><\/p>\t\t\t\t\t\t\t\t<\/div>\n\t\t\t\t<div class=\"elementor-element elementor-element-19c8472 elementor-widget elementor-widget-button\" data-id=\"19c8472\" data-element_type=\"widget\" data-e-type=\"widget\" data-widget_type=\"button.default\">\n\t\t\t\t\t\t\t\t\t\t<a class=\"elementor-button elementor-button-link elementor-size-sm\" href=\"https:\/\/geersbv.nl\/de\/kontakt\/\">\n\t\t\t\t\t\t<span class=\"elementor-button-content-wrapper\">\n\t\t\t\t\t\t\t\t\t<span class=\"elementor-button-text\">Kontakt<\/span>\n\t\t\t\t\t<\/span>\n\t\t\t\t\t<\/a>\n\t\t\t\t\t\t\t\t<\/div>\n\t\t\t\t<\/div>\n\t\t\t\t\t<\/div>\n\t\t\t\t<\/div>\n\t\t\t\t<\/div>\n\t\t","protected":false},"excerpt":{"rendered":"<p>Intelligente Belichtung,stabile Produktion Kontrolle, Effizienz und Zuverl\u00e4ssigkeit bei der Beleuchtung Assimilationsbelichtung im gew\u00e4chshaus-horticulture Die Wachstumsbeleuchtung ist ein wesentlicher Bestandteil der modernen Gew\u00e4chshauskultur. Zus\u00e4tzliches Licht h\u00e4lt den Wachstumsprozess aktiv, wenn das nat\u00fcrliche Tageslicht ausf\u00e4llt. Die richtige Assimilationsbelichtung sorgt f\u00fcr eine stabile Pflanzenentwicklung und eine vorhersehbare Produktion. Geers entwirft Assimilationsbeleuchtungssysteme aus der Praxis. Nicht aus Standardl\u00f6sungen, sondern [&hellip;]<\/p>\n","protected":false},"author":1,"featured_media":0,"parent":0,"menu_order":0,"comment_status":"closed","ping_status":"closed","template":"","meta":{"footnotes":""},"class_list":["post-2217","page","type-page","status-publish","hentry"],"yoast_head":"<!-- This site is optimized with the Yoast SEO plugin v27.2 - https:\/\/yoast.com\/product\/yoast-seo-wordpress\/ -->\n<title>Beleuchtung und Energie - Geers B.V.<\/title>\n<meta name=\"robots\" content=\"index, follow, max-snippet:-1, max-image-preview:large, max-video-preview:-1\" \/>\n<link rel=\"canonical\" href=\"https:\/\/geersbv.nl\/de\/beleuchtung-und-energie\/\" \/>\n<meta property=\"og:locale\" content=\"de_DE\" \/>\n<meta property=\"og:type\" content=\"article\" \/>\n<meta property=\"og:title\" content=\"Beleuchtung und Energie - Geers B.V.\" \/>\n<meta property=\"og:description\" content=\"Intelligente Belichtung,stabile Produktion Kontrolle, Effizienz und Zuverl\u00e4ssigkeit bei der Beleuchtung Assimilationsbelichtung im gew\u00e4chshaus-horticulture Die Wachstumsbeleuchtung ist ein wesentlicher Bestandteil der modernen Gew\u00e4chshauskultur. Zus\u00e4tzliches Licht h\u00e4lt den Wachstumsprozess aktiv, wenn das nat\u00fcrliche Tageslicht ausf\u00e4llt. Die richtige Assimilationsbelichtung sorgt f\u00fcr eine stabile Pflanzenentwicklung und eine vorhersehbare Produktion. Geers entwirft Assimilationsbeleuchtungssysteme aus der Praxis. Nicht aus Standardl\u00f6sungen, sondern [&hellip;]\" \/>\n<meta property=\"og:url\" content=\"https:\/\/geersbv.nl\/de\/beleuchtung-und-energie\/\" \/>\n<meta property=\"og:site_name\" content=\"Geers B.V.\" \/>\n<meta property=\"article:modified_time\" content=\"2026-02-23T15:20:08+00:00\" \/>\n<meta property=\"og:image\" content=\"https:\/\/geersbv.nl\/wp-content\/uploads\/2024\/08\/Geers-connection-cable-armaturen-1-groeilicht-Geers-bv.jpg\" \/>\n\t<meta property=\"og:image:width\" content=\"2500\" \/>\n\t<meta property=\"og:image:height\" content=\"1668\" \/>\n\t<meta property=\"og:image:type\" content=\"image\/jpeg\" \/>\n<meta name=\"twitter:card\" content=\"summary_large_image\" \/>\n<meta name=\"twitter:label1\" content=\"Gesch\u00e4tzte Lesezeit\" \/>\n\t<meta name=\"twitter:data1\" content=\"2\u00a0Minuten\" \/>\n<script type=\"application\/ld+json\" class=\"yoast-schema-graph\">{\"@context\":\"https:\/\/schema.org\",\"@graph\":[{\"@type\":\"WebPage\",\"@id\":\"https:\/\/geersbv.nl\/de\/beleuchtung-und-energie\/\",\"url\":\"https:\/\/geersbv.nl\/de\/beleuchtung-und-energie\/\",\"name\":\"Beleuchtung und Energie - Geers B.V.\",\"isPartOf\":{\"@id\":\"https:\/\/geersbv.nl\/de\/#website\"},\"primaryImageOfPage\":{\"@id\":\"https:\/\/geersbv.nl\/de\/beleuchtung-und-energie\/#primaryimage\"},\"image\":{\"@id\":\"https:\/\/geersbv.nl\/de\/beleuchtung-und-energie\/#primaryimage\"},\"thumbnailUrl\":\"https:\/\/geersbv.nl\/wp-content\/uploads\/2024\/08\/Geers-connection-cable-armaturen-1-groeilicht-Geers-bv.jpg\",\"datePublished\":\"2026-02-23T11:08:24+00:00\",\"dateModified\":\"2026-02-23T15:20:08+00:00\",\"breadcrumb\":{\"@id\":\"https:\/\/geersbv.nl\/de\/beleuchtung-und-energie\/#breadcrumb\"},\"inLanguage\":\"de\",\"potentialAction\":[{\"@type\":\"ReadAction\",\"target\":[\"https:\/\/geersbv.nl\/de\/beleuchtung-und-energie\/\"]}]},{\"@type\":\"ImageObject\",\"inLanguage\":\"de\",\"@id\":\"https:\/\/geersbv.nl\/de\/beleuchtung-und-energie\/#primaryimage\",\"url\":\"https:\/\/geersbv.nl\/wp-content\/uploads\/2024\/08\/Geers-connection-cable-armaturen-1-groeilicht-Geers-bv.jpg\",\"contentUrl\":\"https:\/\/geersbv.nl\/wp-content\/uploads\/2024\/08\/Geers-connection-cable-armaturen-1-groeilicht-Geers-bv.jpg\"},{\"@type\":\"BreadcrumbList\",\"@id\":\"https:\/\/geersbv.nl\/de\/beleuchtung-und-energie\/#breadcrumb\",\"itemListElement\":[{\"@type\":\"ListItem\",\"position\":1,\"name\":\"Home\",\"item\":\"https:\/\/geersbv.nl\/de\/startseite\/\"},{\"@type\":\"ListItem\",\"position\":2,\"name\":\"Beleuchtung und Energie\"}]},{\"@type\":\"WebSite\",\"@id\":\"https:\/\/geersbv.nl\/de\/#website\",\"url\":\"https:\/\/geersbv.nl\/de\/\",\"name\":\"Geers B.V.\",\"description\":\"Assimilatiebelichting specialist\",\"publisher\":{\"@id\":\"https:\/\/geersbv.nl\/de\/#organization\"},\"potentialAction\":[{\"@type\":\"SearchAction\",\"target\":{\"@type\":\"EntryPoint\",\"urlTemplate\":\"https:\/\/geersbv.nl\/de\/?s={search_term_string}\"},\"query-input\":{\"@type\":\"PropertyValueSpecification\",\"valueRequired\":true,\"valueName\":\"search_term_string\"}}],\"inLanguage\":\"de\"},{\"@type\":\"Organization\",\"@id\":\"https:\/\/geersbv.nl\/de\/#organization\",\"name\":\"Geers B.V.\",\"url\":\"https:\/\/geersbv.nl\/de\/\",\"logo\":{\"@type\":\"ImageObject\",\"inLanguage\":\"de\",\"@id\":\"https:\/\/geersbv.nl\/de\/#\/schema\/logo\/image\/\",\"url\":\"https:\/\/geersbv.nl\/wp-content\/uploads\/2024\/08\/cropped-Geers-avatar-def.png\",\"contentUrl\":\"https:\/\/geersbv.nl\/wp-content\/uploads\/2024\/08\/cropped-Geers-avatar-def.png\",\"width\":512,\"height\":512,\"caption\":\"Geers B.V.\"},\"image\":{\"@id\":\"https:\/\/geersbv.nl\/de\/#\/schema\/logo\/image\/\"}}]}<\/script>\n<!-- \/ Yoast SEO plugin. -->","yoast_head_json":{"title":"Beleuchtung und Energie - Geers B.V.","robots":{"index":"index","follow":"follow","max-snippet":"max-snippet:-1","max-image-preview":"max-image-preview:large","max-video-preview":"max-video-preview:-1"},"canonical":"https:\/\/geersbv.nl\/de\/beleuchtung-und-energie\/","og_locale":"de_DE","og_type":"article","og_title":"Beleuchtung und Energie - Geers B.V.","og_description":"Intelligente Belichtung,stabile Produktion Kontrolle, Effizienz und Zuverl\u00e4ssigkeit bei der Beleuchtung Assimilationsbelichtung im gew\u00e4chshaus-horticulture Die Wachstumsbeleuchtung ist ein wesentlicher Bestandteil der modernen Gew\u00e4chshauskultur. Zus\u00e4tzliches Licht h\u00e4lt den Wachstumsprozess aktiv, wenn das nat\u00fcrliche Tageslicht ausf\u00e4llt. Die richtige Assimilationsbelichtung sorgt f\u00fcr eine stabile Pflanzenentwicklung und eine vorhersehbare Produktion. Geers entwirft Assimilationsbeleuchtungssysteme aus der Praxis. Nicht aus Standardl\u00f6sungen, sondern [&hellip;]","og_url":"https:\/\/geersbv.nl\/de\/beleuchtung-und-energie\/","og_site_name":"Geers B.V.","article_modified_time":"2026-02-23T15:20:08+00:00","og_image":[{"width":2500,"height":1668,"url":"https:\/\/geersbv.nl\/wp-content\/uploads\/2024\/08\/Geers-connection-cable-armaturen-1-groeilicht-Geers-bv.jpg","type":"image\/jpeg"}],"twitter_card":"summary_large_image","twitter_misc":{"Gesch\u00e4tzte Lesezeit":"2\u00a0Minuten"},"schema":{"@context":"https:\/\/schema.org","@graph":[{"@type":"WebPage","@id":"https:\/\/geersbv.nl\/de\/beleuchtung-und-energie\/","url":"https:\/\/geersbv.nl\/de\/beleuchtung-und-energie\/","name":"Beleuchtung und Energie - Geers B.V.","isPartOf":{"@id":"https:\/\/geersbv.nl\/de\/#website"},"primaryImageOfPage":{"@id":"https:\/\/geersbv.nl\/de\/beleuchtung-und-energie\/#primaryimage"},"image":{"@id":"https:\/\/geersbv.nl\/de\/beleuchtung-und-energie\/#primaryimage"},"thumbnailUrl":"https:\/\/geersbv.nl\/wp-content\/uploads\/2024\/08\/Geers-connection-cable-armaturen-1-groeilicht-Geers-bv.jpg","datePublished":"2026-02-23T11:08:24+00:00","dateModified":"2026-02-23T15:20:08+00:00","breadcrumb":{"@id":"https:\/\/geersbv.nl\/de\/beleuchtung-und-energie\/#breadcrumb"},"inLanguage":"de","potentialAction":[{"@type":"ReadAction","target":["https:\/\/geersbv.nl\/de\/beleuchtung-und-energie\/"]}]},{"@type":"ImageObject","inLanguage":"de","@id":"https:\/\/geersbv.nl\/de\/beleuchtung-und-energie\/#primaryimage","url":"https:\/\/geersbv.nl\/wp-content\/uploads\/2024\/08\/Geers-connection-cable-armaturen-1-groeilicht-Geers-bv.jpg","contentUrl":"https:\/\/geersbv.nl\/wp-content\/uploads\/2024\/08\/Geers-connection-cable-armaturen-1-groeilicht-Geers-bv.jpg"},{"@type":"BreadcrumbList","@id":"https:\/\/geersbv.nl\/de\/beleuchtung-und-energie\/#breadcrumb","itemListElement":[{"@type":"ListItem","position":1,"name":"Home","item":"https:\/\/geersbv.nl\/de\/startseite\/"},{"@type":"ListItem","position":2,"name":"Beleuchtung und Energie"}]},{"@type":"WebSite","@id":"https:\/\/geersbv.nl\/de\/#website","url":"https:\/\/geersbv.nl\/de\/","name":"Geers B.V.","description":"Assimilatiebelichting specialist","publisher":{"@id":"https:\/\/geersbv.nl\/de\/#organization"},"potentialAction":[{"@type":"SearchAction","target":{"@type":"EntryPoint","urlTemplate":"https:\/\/geersbv.nl\/de\/?s={search_term_string}"},"query-input":{"@type":"PropertyValueSpecification","valueRequired":true,"valueName":"search_term_string"}}],"inLanguage":"de"},{"@type":"Organization","@id":"https:\/\/geersbv.nl\/de\/#organization","name":"Geers B.V.","url":"https:\/\/geersbv.nl\/de\/","logo":{"@type":"ImageObject","inLanguage":"de","@id":"https:\/\/geersbv.nl\/de\/#\/schema\/logo\/image\/","url":"https:\/\/geersbv.nl\/wp-content\/uploads\/2024\/08\/cropped-Geers-avatar-def.png","contentUrl":"https:\/\/geersbv.nl\/wp-content\/uploads\/2024\/08\/cropped-Geers-avatar-def.png","width":512,"height":512,"caption":"Geers B.V."},"image":{"@id":"https:\/\/geersbv.nl\/de\/#\/schema\/logo\/image\/"}}]}},"_links":{"self":[{"href":"https:\/\/geersbv.nl\/de\/wp-json\/wp\/v2\/pages\/2217","targetHints":{"allow":["GET"]}}],"collection":[{"href":"https:\/\/geersbv.nl\/de\/wp-json\/wp\/v2\/pages"}],"about":[{"href":"https:\/\/geersbv.nl\/de\/wp-json\/wp\/v2\/types\/page"}],"author":[{"embeddable":true,"href":"https:\/\/geersbv.nl\/de\/wp-json\/wp\/v2\/users\/1"}],"replies":[{"embeddable":true,"href":"https:\/\/geersbv.nl\/de\/wp-json\/wp\/v2\/comments?post=2217"}],"version-history":[{"count":9,"href":"https:\/\/geersbv.nl\/de\/wp-json\/wp\/v2\/pages\/2217\/revisions"}],"predecessor-version":[{"id":2303,"href":"https:\/\/geersbv.nl\/de\/wp-json\/wp\/v2\/pages\/2217\/revisions\/2303"}],"wp:attachment":[{"href":"https:\/\/geersbv.nl\/de\/wp-json\/wp\/v2\/media?parent=2217"}],"curies":[{"name":"wp","href":"https:\/\/api.w.org\/{rel}","templated":true}]}}