{"id":2250,"date":"2026-02-23T13:32:36","date_gmt":"2026-02-23T13:32:36","guid":{"rendered":"https:\/\/geersbv.nl\/ertrag-und-anbauergebnisse\/"},"modified":"2026-02-23T15:19:08","modified_gmt":"2026-02-23T15:19:08","slug":"ertrag-und-anbauergebnisse","status":"publish","type":"page","link":"https:\/\/geersbv.nl\/de\/ertrag-und-anbauergebnisse\/","title":{"rendered":"Ertrag und Anbauergebnisse"},"content":{"rendered":"\t\t<div data-elementor-type=\"wp-page\" data-elementor-id=\"2250\" class=\"elementor elementor-2250 elementor-2243\" data-elementor-post-type=\"page\">\n\t\t\t\t<div class=\"elementor-element elementor-element-dd38c30 e-con-full e-flex e-con e-parent\" data-id=\"dd38c30\" data-element_type=\"container\" data-e-type=\"container\" data-settings=\"{&quot;background_background&quot;:&quot;classic&quot;}\">\n\t\t<div class=\"elementor-element elementor-element-98cf885 e-con-full e-flex elementor-invisible e-con e-child\" data-id=\"98cf885\" data-element_type=\"container\" data-e-type=\"container\" data-settings=\"{&quot;animation&quot;:&quot;fadeInLeft&quot;}\">\n\t\t\t\t<div class=\"elementor-element elementor-element-3a0e5ef elementor-widget elementor-widget-heading\" data-id=\"3a0e5ef\" data-element_type=\"widget\" data-e-type=\"widget\" data-widget_type=\"heading.default\">\n\t\t\t\t\t<h1 class=\"elementor-heading-title elementor-size-default\">Effizienz, die mit Ihrem Engagement w\u00e4chst<\/h1>\t\t\t\t<\/div>\n\t\t\t\t<div class=\"elementor-element elementor-element-71c08b4 elementor-widget-divider--view-line elementor-widget elementor-widget-divider\" data-id=\"71c08b4\" data-element_type=\"widget\" data-e-type=\"widget\" data-widget_type=\"divider.default\">\n\t\t\t\t\t\t\t<div class=\"elementor-divider\">\n\t\t\t<span class=\"elementor-divider-separator\">\n\t\t\t\t\t\t<\/span>\n\t\t<\/div>\n\t\t\t\t\t\t<\/div>\n\t\t\t\t<div class=\"elementor-element elementor-element-f48f867 elementor-widget elementor-widget-heading\" data-id=\"f48f867\" data-element_type=\"widget\" data-e-type=\"widget\" data-widget_type=\"heading.default\">\n\t\t\t\t\t<h2 class=\"elementor-heading-title elementor-size-default\">Mehr Ergebnisse pro Quadratmeter<\/h2>\t\t\t\t<\/div>\n\t\t\t\t<\/div>\n\t\t\t\t<\/div>\n\t\t<div class=\"elementor-element elementor-element-5b42a59 e-flex e-con-boxed e-con e-parent\" data-id=\"5b42a59\" data-element_type=\"container\" data-e-type=\"container\">\n\t\t\t\t\t<div class=\"e-con-inner\">\n\t\t<div class=\"elementor-element elementor-element-eb24e84 e-con-full e-flex elementor-invisible e-con e-child\" data-id=\"eb24e84\" data-element_type=\"container\" data-e-type=\"container\" data-settings=\"{&quot;animation&quot;:&quot;fadeInLeft&quot;,&quot;animation_delay&quot;:200}\">\n\t\t\t\t<div class=\"elementor-element elementor-element-85f1185 elementor-widget elementor-widget-image\" data-id=\"85f1185\" data-element_type=\"widget\" data-e-type=\"widget\" data-widget_type=\"image.default\">\n\t\t\t\t\t\t\t\t\t\t\t\t\t\t\t<img fetchpriority=\"high\" decoding=\"async\" width=\"2500\" height=\"1667\" src=\"https:\/\/geersbv.nl\/wp-content\/uploads\/2024\/08\/geers-groeilicht-1-optimale-belichting-sier-teelt.jpg\" class=\"attachment-full size-full wp-image-2025\" alt=\"\" srcset=\"https:\/\/geersbv.nl\/wp-content\/uploads\/2024\/08\/geers-groeilicht-1-optimale-belichting-sier-teelt.jpg 2500w, https:\/\/geersbv.nl\/wp-content\/uploads\/2024\/08\/geers-groeilicht-1-optimale-belichting-sier-teelt-300x200.jpg 300w, https:\/\/geersbv.nl\/wp-content\/uploads\/2024\/08\/geers-groeilicht-1-optimale-belichting-sier-teelt-1024x683.jpg 1024w, https:\/\/geersbv.nl\/wp-content\/uploads\/2024\/08\/geers-groeilicht-1-optimale-belichting-sier-teelt-768x512.jpg 768w, https:\/\/geersbv.nl\/wp-content\/uploads\/2024\/08\/geers-groeilicht-1-optimale-belichting-sier-teelt-1536x1024.jpg 1536w, https:\/\/geersbv.nl\/wp-content\/uploads\/2024\/08\/geers-groeilicht-1-optimale-belichting-sier-teelt-2048x1366.jpg 2048w\" sizes=\"(max-width: 2500px) 100vw, 2500px\" \/>\t\t\t\t\t\t\t\t\t\t\t\t\t\t\t<\/div>\n\t\t\t\t<\/div>\n\t\t<div class=\"elementor-element elementor-element-57f97c8 e-con-full e-flex elementor-invisible e-con e-child\" data-id=\"57f97c8\" data-element_type=\"container\" data-e-type=\"container\" data-settings=\"{&quot;animation&quot;:&quot;fadeInRight&quot;,&quot;animation_delay&quot;:300}\">\n\t\t\t\t<div class=\"elementor-element elementor-element-e6bd0eb elementor-widget elementor-widget-heading\" data-id=\"e6bd0eb\" data-element_type=\"widget\" data-e-type=\"widget\" data-widget_type=\"heading.default\">\n\t\t\t\t\t<h2 class=\"elementor-heading-title elementor-size-default\">Wachstumsbeleuchtung f\u00fcr Pflanzen und maximalen Ertrag<\/h2>\t\t\t\t<\/div>\n\t\t\t\t<div class=\"elementor-element elementor-element-69be93b elementor-widget elementor-widget-text-editor\" data-id=\"69be93b\" data-element_type=\"widget\" data-e-type=\"widget\" data-widget_type=\"text-editor.default\">\n\t\t\t\t\t\t\t\t\t<p>Die Wachstumsbeleuchtung hat einen direkten Einfluss auf die Entwicklung und den Ertrag der Pflanzen. Licht steuert die Photosynthese und bestimmt, wie effizient eine Pflanze Energie in Wachstum umwandelt. <\/p><p>Die genaue Abstimmung der wachstumsbeleuchtung auf die Pflanzen und die Wachstumsphasen f\u00fchrt zu einer gleichm\u00e4\u00dfigen Entwicklung und h\u00f6heren Ertr\u00e4gen pro Quadratmeter. Geers setzt Anbauziele in praktische Beleuchtungsl\u00f6sungen um, die im Gew\u00e4chshaus funktionieren. <\/p><p>Jede Kultur erfordert ihre eigene Beleuchtungsstrategie. Deshalb achtet Geers auf die Lichtintensit\u00e4t, das Spektrum und den Zeitpunkt, die auf die spezifischen Bedingungen zugeschnitten sind. Das Ergebnis ist ein stabiles Wachstum und gleichbleibende Qualit\u00e4t.  <\/p>\t\t\t\t\t\t\t\t<\/div>\n\t\t\t\t<\/div>\n\t\t\t\t\t<\/div>\n\t\t\t\t<\/div>\n\t\t<div class=\"elementor-element elementor-element-ddbe34f e-flex e-con-boxed e-con e-parent\" data-id=\"ddbe34f\" data-element_type=\"container\" data-e-type=\"container\">\n\t\t\t\t\t<div class=\"e-con-inner\">\n\t\t<div class=\"elementor-element elementor-element-0faa69b e-con-full e-flex elementor-invisible e-con e-child\" data-id=\"0faa69b\" data-element_type=\"container\" data-e-type=\"container\" data-settings=\"{&quot;animation&quot;:&quot;fadeInLeft&quot;,&quot;animation_delay&quot;:300}\">\n\t\t\t\t<div class=\"elementor-element elementor-element-79da3a2 elementor-widget elementor-widget-heading\" data-id=\"79da3a2\" data-element_type=\"widget\" data-e-type=\"widget\" data-widget_type=\"heading.default\">\n\t\t\t\t\t<h2 class=\"elementor-heading-title elementor-size-default\">Effizienzsteigerung durch moderne Beleuchtung<\/h2>\t\t\t\t<\/div>\n\t\t\t\t<div class=\"elementor-element elementor-element-b72cc56 elementor-widget elementor-widget-text-editor\" data-id=\"b72cc56\" data-element_type=\"widget\" data-e-type=\"widget\" data-widget_type=\"text-editor.default\">\n\t\t\t\t\t\t\t\t\t<p>Moderne Beleuchtung tr\u00e4gt zu einer besseren Effizienz bei. Effizientere Systeme und zuverl\u00e4ssige Technik reduzieren den Energieverbrauch, w\u00e4hrend das Lichtniveau erhalten bleibt. <\/p><p>Geers konzentriert sich auf die Verbesserung der Effizienz durch Optimierung des gesamten Beleuchtungssystems. Nicht nur die Lichtquelle, sondern auch Installation, Verkabelung und Wartung spielen dabei eine wichtige Rolle. <\/p><p>Durch die Wahl langlebiger Komponenten und einer Installationsmethode mit <strong>Kupfer-Kupfer-Verbindungen und einem massiven Kunststoffmantel<\/strong> entsteht ein System, das weniger Ausf\u00e4lle aufweist und weniger Wartung erfordert. Dies erh\u00f6ht die Zuverl\u00e4ssigkeit und damit die langfristige Effizienz. <\/p>\t\t\t\t\t\t\t\t<\/div>\n\t\t\t\t<\/div>\n\t\t<div class=\"elementor-element elementor-element-eae32d6 e-con-full e-flex elementor-invisible e-con e-child\" data-id=\"eae32d6\" data-element_type=\"container\" data-e-type=\"container\" data-settings=\"{&quot;animation&quot;:&quot;fadeInRight&quot;,&quot;animation_delay&quot;:200}\">\n\t\t\t\t<div class=\"elementor-element elementor-element-a260e70 elementor-invisible elementor-widget elementor-widget-image\" data-id=\"a260e70\" data-element_type=\"widget\" data-e-type=\"widget\" data-settings=\"{&quot;_animation&quot;:&quot;fadeIn&quot;}\" data-widget_type=\"image.default\">\n\t\t\t\t\t\t\t\t\t\t\t\t\t\t\t<img decoding=\"async\" width=\"2500\" height=\"1668\" src=\"https:\/\/geersbv.nl\/wp-content\/uploads\/2024\/08\/Dit-zijn-gebr-Geers-groeilicht-Geers-bv.jpg\" class=\"attachment-full size-full wp-image-2017\" alt=\"\" srcset=\"https:\/\/geersbv.nl\/wp-content\/uploads\/2024\/08\/Dit-zijn-gebr-Geers-groeilicht-Geers-bv.jpg 2500w, https:\/\/geersbv.nl\/wp-content\/uploads\/2024\/08\/Dit-zijn-gebr-Geers-groeilicht-Geers-bv-300x200.jpg 300w, https:\/\/geersbv.nl\/wp-content\/uploads\/2024\/08\/Dit-zijn-gebr-Geers-groeilicht-Geers-bv-1024x683.jpg 1024w, https:\/\/geersbv.nl\/wp-content\/uploads\/2024\/08\/Dit-zijn-gebr-Geers-groeilicht-Geers-bv-768x512.jpg 768w, https:\/\/geersbv.nl\/wp-content\/uploads\/2024\/08\/Dit-zijn-gebr-Geers-groeilicht-Geers-bv-1536x1025.jpg 1536w, https:\/\/geersbv.nl\/wp-content\/uploads\/2024\/08\/Dit-zijn-gebr-Geers-groeilicht-Geers-bv-2048x1366.jpg 2048w\" sizes=\"(max-width: 2500px) 100vw, 2500px\" \/>\t\t\t\t\t\t\t\t\t\t\t\t\t\t\t<\/div>\n\t\t\t\t<\/div>\n\t\t\t\t\t<\/div>\n\t\t\t\t<\/div>\n\t\t<div class=\"elementor-element elementor-element-0483cbd e-flex e-con-boxed e-con e-parent\" data-id=\"0483cbd\" data-element_type=\"container\" data-e-type=\"container\" data-settings=\"{&quot;background_background&quot;:&quot;classic&quot;}\">\n\t\t\t\t\t<div class=\"e-con-inner\">\n\t\t<div class=\"elementor-element elementor-element-f919e23 e-con-full e-flex e-con e-child\" data-id=\"f919e23\" data-element_type=\"container\" data-e-type=\"container\">\n\t\t\t\t<div class=\"elementor-element elementor-element-d463fc4 elementor-widget elementor-widget-text-editor\" data-id=\"d463fc4\" data-element_type=\"widget\" data-e-type=\"widget\" data-widget_type=\"text-editor.default\">\n\t\t\t\t\t\t\t\t\t<p>M\u00f6chten Sie die Wachstumsbeleuchtung in Ihrem Betrieb optimal nutzen?  <span style=\"color: #e5004d;\">Kontaktieren Sie uns noch heute.<\/span><\/p>\t\t\t\t\t\t\t\t<\/div>\n\t\t\t\t<div class=\"elementor-element elementor-element-c6ef29e elementor-widget elementor-widget-button\" data-id=\"c6ef29e\" data-element_type=\"widget\" data-e-type=\"widget\" data-widget_type=\"button.default\">\n\t\t\t\t\t\t\t\t\t\t<a class=\"elementor-button elementor-button-link elementor-size-sm\" href=\"https:\/\/geersbv.nl\/de\/kontakt\/\">\n\t\t\t\t\t\t<span class=\"elementor-button-content-wrapper\">\n\t\t\t\t\t\t\t\t\t<span class=\"elementor-button-text\">Kontakt<\/span>\n\t\t\t\t\t<\/span>\n\t\t\t\t\t<\/a>\n\t\t\t\t\t\t\t\t<\/div>\n\t\t\t\t<\/div>\n\t\t\t\t\t<\/div>\n\t\t\t\t<\/div>\n\t\t\t\t<\/div>\n\t\t","protected":false},"excerpt":{"rendered":"<p>Effizienz, die mit Ihrem Engagement w\u00e4chst Mehr Ergebnisse pro Quadratmeter Wachstumsbeleuchtung f\u00fcr Pflanzen und maximalen Ertrag Die Wachstumsbeleuchtung hat einen direkten Einfluss auf die Entwicklung und den Ertrag der Pflanzen. Licht steuert die Photosynthese und bestimmt, wie effizient eine Pflanze Energie in Wachstum umwandelt. Die genaue Abstimmung der wachstumsbeleuchtung auf die Pflanzen und die Wachstumsphasen [&hellip;]<\/p>\n","protected":false},"author":1,"featured_media":0,"parent":0,"menu_order":0,"comment_status":"closed","ping_status":"closed","template":"","meta":{"footnotes":""},"class_list":["post-2250","page","type-page","status-publish","hentry"],"yoast_head":"<!-- This site is optimized with the Yoast SEO plugin v27.3 - https:\/\/yoast.com\/product\/yoast-seo-wordpress\/ -->\n<title>Ertrag und Anbauergebnisse - Geers B.V.<\/title>\n<meta name=\"robots\" content=\"index, follow, max-snippet:-1, max-image-preview:large, max-video-preview:-1\" \/>\n<link rel=\"canonical\" href=\"https:\/\/geersbv.nl\/de\/ertrag-und-anbauergebnisse\/\" \/>\n<meta property=\"og:locale\" content=\"de_DE\" \/>\n<meta property=\"og:type\" content=\"article\" \/>\n<meta property=\"og:title\" content=\"Ertrag und Anbauergebnisse - Geers B.V.\" \/>\n<meta property=\"og:description\" content=\"Effizienz, die mit Ihrem Engagement w\u00e4chst Mehr Ergebnisse pro Quadratmeter Wachstumsbeleuchtung f\u00fcr Pflanzen und maximalen Ertrag Die Wachstumsbeleuchtung hat einen direkten Einfluss auf die Entwicklung und den Ertrag der Pflanzen. Licht steuert die Photosynthese und bestimmt, wie effizient eine Pflanze Energie in Wachstum umwandelt. Die genaue Abstimmung der wachstumsbeleuchtung auf die Pflanzen und die Wachstumsphasen [&hellip;]\" \/>\n<meta property=\"og:url\" content=\"https:\/\/geersbv.nl\/de\/ertrag-und-anbauergebnisse\/\" \/>\n<meta property=\"og:site_name\" content=\"Geers B.V.\" \/>\n<meta property=\"article:modified_time\" content=\"2026-02-23T15:19:08+00:00\" \/>\n<meta property=\"og:image\" content=\"https:\/\/geersbv.nl\/wp-content\/uploads\/2024\/08\/geers-groeilicht-1-optimale-belichting-sier-teelt.jpg\" \/>\n\t<meta property=\"og:image:width\" content=\"2500\" \/>\n\t<meta property=\"og:image:height\" content=\"1667\" \/>\n\t<meta property=\"og:image:type\" content=\"image\/jpeg\" \/>\n<meta name=\"twitter:card\" content=\"summary_large_image\" \/>\n<meta name=\"twitter:label1\" content=\"Gesch\u00e4tzte Lesezeit\" \/>\n\t<meta name=\"twitter:data1\" content=\"1\u00a0Minute\" \/>\n<script type=\"application\/ld+json\" class=\"yoast-schema-graph\">{\"@context\":\"https:\\\/\\\/schema.org\",\"@graph\":[{\"@type\":\"WebPage\",\"@id\":\"https:\\\/\\\/geersbv.nl\\\/de\\\/ertrag-und-anbauergebnisse\\\/\",\"url\":\"https:\\\/\\\/geersbv.nl\\\/de\\\/ertrag-und-anbauergebnisse\\\/\",\"name\":\"Ertrag und Anbauergebnisse - Geers B.V.\",\"isPartOf\":{\"@id\":\"https:\\\/\\\/geersbv.nl\\\/de\\\/#website\"},\"primaryImageOfPage\":{\"@id\":\"https:\\\/\\\/geersbv.nl\\\/de\\\/ertrag-und-anbauergebnisse\\\/#primaryimage\"},\"image\":{\"@id\":\"https:\\\/\\\/geersbv.nl\\\/de\\\/ertrag-und-anbauergebnisse\\\/#primaryimage\"},\"thumbnailUrl\":\"https:\\\/\\\/geersbv.nl\\\/wp-content\\\/uploads\\\/2024\\\/08\\\/geers-groeilicht-1-optimale-belichting-sier-teelt.jpg\",\"datePublished\":\"2026-02-23T13:32:36+00:00\",\"dateModified\":\"2026-02-23T15:19:08+00:00\",\"breadcrumb\":{\"@id\":\"https:\\\/\\\/geersbv.nl\\\/de\\\/ertrag-und-anbauergebnisse\\\/#breadcrumb\"},\"inLanguage\":\"de\",\"potentialAction\":[{\"@type\":\"ReadAction\",\"target\":[\"https:\\\/\\\/geersbv.nl\\\/de\\\/ertrag-und-anbauergebnisse\\\/\"]}]},{\"@type\":\"ImageObject\",\"inLanguage\":\"de\",\"@id\":\"https:\\\/\\\/geersbv.nl\\\/de\\\/ertrag-und-anbauergebnisse\\\/#primaryimage\",\"url\":\"https:\\\/\\\/geersbv.nl\\\/wp-content\\\/uploads\\\/2024\\\/08\\\/geers-groeilicht-1-optimale-belichting-sier-teelt.jpg\",\"contentUrl\":\"https:\\\/\\\/geersbv.nl\\\/wp-content\\\/uploads\\\/2024\\\/08\\\/geers-groeilicht-1-optimale-belichting-sier-teelt.jpg\"},{\"@type\":\"BreadcrumbList\",\"@id\":\"https:\\\/\\\/geersbv.nl\\\/de\\\/ertrag-und-anbauergebnisse\\\/#breadcrumb\",\"itemListElement\":[{\"@type\":\"ListItem\",\"position\":1,\"name\":\"Home\",\"item\":\"https:\\\/\\\/geersbv.nl\\\/de\\\/startseite\\\/\"},{\"@type\":\"ListItem\",\"position\":2,\"name\":\"Ertrag und Anbauergebnisse\"}]},{\"@type\":\"WebSite\",\"@id\":\"https:\\\/\\\/geersbv.nl\\\/de\\\/#website\",\"url\":\"https:\\\/\\\/geersbv.nl\\\/de\\\/\",\"name\":\"Geers B.V.\",\"description\":\"Assimilatiebelichting specialist\",\"publisher\":{\"@id\":\"https:\\\/\\\/geersbv.nl\\\/de\\\/#organization\"},\"potentialAction\":[{\"@type\":\"SearchAction\",\"target\":{\"@type\":\"EntryPoint\",\"urlTemplate\":\"https:\\\/\\\/geersbv.nl\\\/de\\\/?s={search_term_string}\"},\"query-input\":{\"@type\":\"PropertyValueSpecification\",\"valueRequired\":true,\"valueName\":\"search_term_string\"}}],\"inLanguage\":\"de\"},{\"@type\":\"Organization\",\"@id\":\"https:\\\/\\\/geersbv.nl\\\/de\\\/#organization\",\"name\":\"Geers B.V.\",\"url\":\"https:\\\/\\\/geersbv.nl\\\/de\\\/\",\"logo\":{\"@type\":\"ImageObject\",\"inLanguage\":\"de\",\"@id\":\"https:\\\/\\\/geersbv.nl\\\/de\\\/#\\\/schema\\\/logo\\\/image\\\/\",\"url\":\"https:\\\/\\\/geersbv.nl\\\/wp-content\\\/uploads\\\/2024\\\/08\\\/cropped-Geers-avatar-def.png\",\"contentUrl\":\"https:\\\/\\\/geersbv.nl\\\/wp-content\\\/uploads\\\/2024\\\/08\\\/cropped-Geers-avatar-def.png\",\"width\":512,\"height\":512,\"caption\":\"Geers B.V.\"},\"image\":{\"@id\":\"https:\\\/\\\/geersbv.nl\\\/de\\\/#\\\/schema\\\/logo\\\/image\\\/\"}}]}<\/script>\n<!-- \/ Yoast SEO plugin. -->","yoast_head_json":{"title":"Ertrag und Anbauergebnisse - Geers B.V.","robots":{"index":"index","follow":"follow","max-snippet":"max-snippet:-1","max-image-preview":"max-image-preview:large","max-video-preview":"max-video-preview:-1"},"canonical":"https:\/\/geersbv.nl\/de\/ertrag-und-anbauergebnisse\/","og_locale":"de_DE","og_type":"article","og_title":"Ertrag und Anbauergebnisse - Geers B.V.","og_description":"Effizienz, die mit Ihrem Engagement w\u00e4chst Mehr Ergebnisse pro Quadratmeter Wachstumsbeleuchtung f\u00fcr Pflanzen und maximalen Ertrag Die Wachstumsbeleuchtung hat einen direkten Einfluss auf die Entwicklung und den Ertrag der Pflanzen. Licht steuert die Photosynthese und bestimmt, wie effizient eine Pflanze Energie in Wachstum umwandelt. Die genaue Abstimmung der wachstumsbeleuchtung auf die Pflanzen und die Wachstumsphasen [&hellip;]","og_url":"https:\/\/geersbv.nl\/de\/ertrag-und-anbauergebnisse\/","og_site_name":"Geers B.V.","article_modified_time":"2026-02-23T15:19:08+00:00","og_image":[{"width":2500,"height":1667,"url":"https:\/\/geersbv.nl\/wp-content\/uploads\/2024\/08\/geers-groeilicht-1-optimale-belichting-sier-teelt.jpg","type":"image\/jpeg"}],"twitter_card":"summary_large_image","twitter_misc":{"Gesch\u00e4tzte Lesezeit":"1\u00a0Minute"},"schema":{"@context":"https:\/\/schema.org","@graph":[{"@type":"WebPage","@id":"https:\/\/geersbv.nl\/de\/ertrag-und-anbauergebnisse\/","url":"https:\/\/geersbv.nl\/de\/ertrag-und-anbauergebnisse\/","name":"Ertrag und Anbauergebnisse - Geers B.V.","isPartOf":{"@id":"https:\/\/geersbv.nl\/de\/#website"},"primaryImageOfPage":{"@id":"https:\/\/geersbv.nl\/de\/ertrag-und-anbauergebnisse\/#primaryimage"},"image":{"@id":"https:\/\/geersbv.nl\/de\/ertrag-und-anbauergebnisse\/#primaryimage"},"thumbnailUrl":"https:\/\/geersbv.nl\/wp-content\/uploads\/2024\/08\/geers-groeilicht-1-optimale-belichting-sier-teelt.jpg","datePublished":"2026-02-23T13:32:36+00:00","dateModified":"2026-02-23T15:19:08+00:00","breadcrumb":{"@id":"https:\/\/geersbv.nl\/de\/ertrag-und-anbauergebnisse\/#breadcrumb"},"inLanguage":"de","potentialAction":[{"@type":"ReadAction","target":["https:\/\/geersbv.nl\/de\/ertrag-und-anbauergebnisse\/"]}]},{"@type":"ImageObject","inLanguage":"de","@id":"https:\/\/geersbv.nl\/de\/ertrag-und-anbauergebnisse\/#primaryimage","url":"https:\/\/geersbv.nl\/wp-content\/uploads\/2024\/08\/geers-groeilicht-1-optimale-belichting-sier-teelt.jpg","contentUrl":"https:\/\/geersbv.nl\/wp-content\/uploads\/2024\/08\/geers-groeilicht-1-optimale-belichting-sier-teelt.jpg"},{"@type":"BreadcrumbList","@id":"https:\/\/geersbv.nl\/de\/ertrag-und-anbauergebnisse\/#breadcrumb","itemListElement":[{"@type":"ListItem","position":1,"name":"Home","item":"https:\/\/geersbv.nl\/de\/startseite\/"},{"@type":"ListItem","position":2,"name":"Ertrag und Anbauergebnisse"}]},{"@type":"WebSite","@id":"https:\/\/geersbv.nl\/de\/#website","url":"https:\/\/geersbv.nl\/de\/","name":"Geers B.V.","description":"Assimilatiebelichting specialist","publisher":{"@id":"https:\/\/geersbv.nl\/de\/#organization"},"potentialAction":[{"@type":"SearchAction","target":{"@type":"EntryPoint","urlTemplate":"https:\/\/geersbv.nl\/de\/?s={search_term_string}"},"query-input":{"@type":"PropertyValueSpecification","valueRequired":true,"valueName":"search_term_string"}}],"inLanguage":"de"},{"@type":"Organization","@id":"https:\/\/geersbv.nl\/de\/#organization","name":"Geers B.V.","url":"https:\/\/geersbv.nl\/de\/","logo":{"@type":"ImageObject","inLanguage":"de","@id":"https:\/\/geersbv.nl\/de\/#\/schema\/logo\/image\/","url":"https:\/\/geersbv.nl\/wp-content\/uploads\/2024\/08\/cropped-Geers-avatar-def.png","contentUrl":"https:\/\/geersbv.nl\/wp-content\/uploads\/2024\/08\/cropped-Geers-avatar-def.png","width":512,"height":512,"caption":"Geers B.V."},"image":{"@id":"https:\/\/geersbv.nl\/de\/#\/schema\/logo\/image\/"}}]}},"_links":{"self":[{"href":"https:\/\/geersbv.nl\/de\/wp-json\/wp\/v2\/pages\/2250","targetHints":{"allow":["GET"]}}],"collection":[{"href":"https:\/\/geersbv.nl\/de\/wp-json\/wp\/v2\/pages"}],"about":[{"href":"https:\/\/geersbv.nl\/de\/wp-json\/wp\/v2\/types\/page"}],"author":[{"embeddable":true,"href":"https:\/\/geersbv.nl\/de\/wp-json\/wp\/v2\/users\/1"}],"replies":[{"embeddable":true,"href":"https:\/\/geersbv.nl\/de\/wp-json\/wp\/v2\/comments?post=2250"}],"version-history":[{"count":5,"href":"https:\/\/geersbv.nl\/de\/wp-json\/wp\/v2\/pages\/2250\/revisions"}],"predecessor-version":[{"id":2287,"href":"https:\/\/geersbv.nl\/de\/wp-json\/wp\/v2\/pages\/2250\/revisions\/2287"}],"wp:attachment":[{"href":"https:\/\/geersbv.nl\/de\/wp-json\/wp\/v2\/media?parent=2250"}],"curies":[{"name":"wp","href":"https:\/\/api.w.org\/{rel}","templated":true}]}}