{"id":2267,"date":"2026-02-23T13:50:33","date_gmt":"2026-02-23T13:50:33","guid":{"rendered":"https:\/\/geersbv.nl\/stoerungen-und-wartung\/"},"modified":"2026-02-23T15:18:51","modified_gmt":"2026-02-23T15:18:51","slug":"stoerungen-und-wartung","status":"publish","type":"page","link":"https:\/\/geersbv.nl\/de\/stoerungen-und-wartung\/","title":{"rendered":"St\u00f6rungen und Wartung"},"content":{"rendered":"\t\t<div data-elementor-type=\"wp-page\" data-elementor-id=\"2267\" class=\"elementor elementor-2267 elementor-2259\" data-elementor-post-type=\"page\">\n\t\t\t\t<div class=\"elementor-element elementor-element-2e1f731 e-con-full e-flex e-con e-parent\" data-id=\"2e1f731\" data-element_type=\"container\" data-e-type=\"container\" data-settings=\"{&quot;background_background&quot;:&quot;classic&quot;}\">\n\t\t<div class=\"elementor-element elementor-element-f97c02d e-con-full e-flex elementor-invisible e-con e-child\" data-id=\"f97c02d\" data-element_type=\"container\" data-e-type=\"container\" data-settings=\"{&quot;animation&quot;:&quot;fadeInLeft&quot;}\">\n\t\t\t\t<div class=\"elementor-element elementor-element-3a1df70 elementor-widget elementor-widget-heading\" data-id=\"3a1df70\" data-element_type=\"widget\" data-e-type=\"widget\" data-widget_type=\"heading.default\">\n\t\t\t\t\t<h1 class=\"elementor-heading-title elementor-size-default\">Kontrolle \u00fcber Ausf\u00e4lle, Sicherheit in der Produktion<\/h1>\t\t\t\t<\/div>\n\t\t\t\t<div class=\"elementor-element elementor-element-5d23dfa elementor-widget-divider--view-line elementor-widget elementor-widget-divider\" data-id=\"5d23dfa\" data-element_type=\"widget\" data-e-type=\"widget\" data-widget_type=\"divider.default\">\n\t\t\t\t\t\t\t<div class=\"elementor-divider\">\n\t\t\t<span class=\"elementor-divider-separator\">\n\t\t\t\t\t\t<\/span>\n\t\t<\/div>\n\t\t\t\t\t\t<\/div>\n\t\t\t\t<div class=\"elementor-element elementor-element-004db5b elementor-widget elementor-widget-heading\" data-id=\"004db5b\" data-element_type=\"widget\" data-e-type=\"widget\" data-widget_type=\"heading.default\">\n\t\t\t\t\t<h2 class=\"elementor-heading-title elementor-size-default\">Immer sicheres Licht<\/h2>\t\t\t\t<\/div>\n\t\t\t\t<\/div>\n\t\t\t\t<\/div>\n\t\t<div class=\"elementor-element elementor-element-79f9939 e-flex e-con-boxed e-con e-parent\" data-id=\"79f9939\" data-element_type=\"container\" data-e-type=\"container\">\n\t\t\t\t\t<div class=\"e-con-inner\">\n\t\t<div class=\"elementor-element elementor-element-af097ef e-con-full e-flex elementor-invisible e-con e-child\" data-id=\"af097ef\" data-element_type=\"container\" data-e-type=\"container\" data-settings=\"{&quot;animation&quot;:&quot;fadeInLeft&quot;,&quot;animation_delay&quot;:200}\">\n\t\t\t\t<div class=\"elementor-element elementor-element-b663e4f elementor-widget elementor-widget-image\" data-id=\"b663e4f\" data-element_type=\"widget\" data-e-type=\"widget\" data-widget_type=\"image.default\">\n\t\t\t\t\t\t\t\t\t\t\t\t\t\t\t<img fetchpriority=\"high\" decoding=\"async\" width=\"2500\" height=\"1667\" src=\"https:\/\/geersbv.nl\/wp-content\/uploads\/2024\/08\/Geers-connection-1-cable-lasverbinding-Geers-bv.jpg\" class=\"attachment-full size-full wp-image-2118\" alt=\"\" srcset=\"https:\/\/geersbv.nl\/wp-content\/uploads\/2024\/08\/Geers-connection-1-cable-lasverbinding-Geers-bv.jpg 2500w, https:\/\/geersbv.nl\/wp-content\/uploads\/2024\/08\/Geers-connection-1-cable-lasverbinding-Geers-bv-300x200.jpg 300w, https:\/\/geersbv.nl\/wp-content\/uploads\/2024\/08\/Geers-connection-1-cable-lasverbinding-Geers-bv-1024x683.jpg 1024w, https:\/\/geersbv.nl\/wp-content\/uploads\/2024\/08\/Geers-connection-1-cable-lasverbinding-Geers-bv-768x512.jpg 768w, https:\/\/geersbv.nl\/wp-content\/uploads\/2024\/08\/Geers-connection-1-cable-lasverbinding-Geers-bv-1536x1024.jpg 1536w, https:\/\/geersbv.nl\/wp-content\/uploads\/2024\/08\/Geers-connection-1-cable-lasverbinding-Geers-bv-2048x1366.jpg 2048w\" sizes=\"(max-width: 2500px) 100vw, 2500px\" \/>\t\t\t\t\t\t\t\t\t\t\t\t\t\t\t<\/div>\n\t\t\t\t<\/div>\n\t\t<div class=\"elementor-element elementor-element-7adafdd e-con-full e-flex elementor-invisible e-con e-child\" data-id=\"7adafdd\" data-element_type=\"container\" data-e-type=\"container\" data-settings=\"{&quot;animation&quot;:&quot;fadeInRight&quot;,&quot;animation_delay&quot;:300}\">\n\t\t\t\t<div class=\"elementor-element elementor-element-d3a5a82 elementor-widget elementor-widget-heading\" data-id=\"d3a5a82\" data-element_type=\"widget\" data-e-type=\"widget\" data-widget_type=\"heading.default\">\n\t\t\t\t\t<h2 class=\"elementor-heading-title elementor-size-default\">Fehler in Beleuchtungssystemen<\/h2>\t\t\t\t<\/div>\n\t\t\t\t<div class=\"elementor-element elementor-element-ab1ce8a elementor-widget elementor-widget-text-editor\" data-id=\"ab1ce8a\" data-element_type=\"widget\" data-e-type=\"widget\" data-widget_type=\"text-editor.default\">\n\t\t\t\t\t\t\t\t\t<p>St\u00f6rungen in Beleuchtungsinstallationen wirken sich direkt auf Wachstum und Ertrag aus. Ausf\u00e4lle der Assimilationsbelichtung oder der Wachstumsbeleuchtung st\u00f6ren den Anbauprozess und erfordern schnelles Handeln. <\/p><p>Viele Ausf\u00e4lle werden durch schlechte oder veraltete Verbindungen verursacht. Deshalb entscheidet sich Geers bewusst f\u00fcr eine Installationstechnik mit <strong>Kupfer-zu-Kupfer-Verbindungen und einem massiven Kunststoffmantel<\/strong>. Dieser Ansatz gew\u00e4hrleistet eine stabile Installation und reduziert das Risiko von Ausf\u00e4llen erheblich.  <\/p><p>Dank der praktischen Erfahrung und der kurzen Kommunikationswege kann Geers St\u00f6rungen schnell diagnostizieren und beheben. Dar\u00fcber hinaus verhindert die vorbeugende Wartung unerwartete Ausf\u00e4lle und verl\u00e4ngert die Lebensdauer der Installation. <\/p><p>Wenn eine Installation veraltet ist und nicht mehr richtig funktioniert, ber\u00e4t Geers ehrlich, ob ein Austausch oder eine Aufr\u00fcstung die beste L\u00f6sung ist, damit die Installation wieder den Anforderungen der Feuerversicherung entspricht.<\/p>\t\t\t\t\t\t\t\t<\/div>\n\t\t\t\t<\/div>\n\t\t\t\t\t<\/div>\n\t\t\t\t<\/div>\n\t\t<div class=\"elementor-element elementor-element-0102c3d e-flex e-con-boxed e-con e-parent\" data-id=\"0102c3d\" data-element_type=\"container\" data-e-type=\"container\">\n\t\t\t\t\t<div class=\"e-con-inner\">\n\t\t<div class=\"elementor-element elementor-element-042879b e-con-full e-flex elementor-invisible e-con e-child\" data-id=\"042879b\" data-element_type=\"container\" data-e-type=\"container\" data-settings=\"{&quot;animation&quot;:&quot;fadeInLeft&quot;,&quot;animation_delay&quot;:300}\">\n\t\t\t\t<div class=\"elementor-element elementor-element-0e38c5d elementor-widget elementor-widget-heading\" data-id=\"0e38c5d\" data-element_type=\"widget\" data-e-type=\"widget\" data-widget_type=\"heading.default\">\n\t\t\t\t\t<h2 class=\"elementor-heading-title elementor-size-default\">Sicherheit und Zuverl\u00e4ssigkeit von Beleuchtungsanlagen<\/h2>\t\t\t\t<\/div>\n\t\t\t\t<div class=\"elementor-element elementor-element-f82cb22 elementor-widget elementor-widget-text-editor\" data-id=\"f82cb22\" data-element_type=\"widget\" data-e-type=\"widget\" data-widget_type=\"text-editor.default\">\n\t\t\t\t\t\t\t\t\t<p>Sicherheit und Zuverl\u00e4ssigkeit sind im Gew\u00e4chshausgartenbau von entscheidender Bedeutung. Eine Beleuchtungsinstallation muss tagein, tagaus unter harten Bedingungen arbeiten. <\/p><p>Geers inspiziert und wartet Beleuchtungsanlagen mit dem Schwerpunkt auf Technik, Sicherheit und Kontinuit\u00e4t. Durch die Verwendung robuster Materialien und zuverl\u00e4ssiger Verbindungen bleibt die Installation sicher und stabil im Einsatz. <\/p><p>Alle Arbeiten werden gem\u00e4\u00df den geltenden Normen und mit einem Auge f\u00fcr Praktikabilit\u00e4t ausgef\u00fchrt. Im Ergebnis k\u00f6nnen sich die Z\u00fcchter auf eine Installation verlassen, die das tut, was sie tun soll, die sicher, zuverl\u00e4ssig und verl\u00e4sslich ist und die Anforderungen der Feuerversicherung erf\u00fcllt. <\/p>\t\t\t\t\t\t\t\t<\/div>\n\t\t\t\t<\/div>\n\t\t<div class=\"elementor-element elementor-element-26bb918 e-con-full e-flex elementor-invisible e-con e-child\" data-id=\"26bb918\" data-element_type=\"container\" data-e-type=\"container\" data-settings=\"{&quot;animation&quot;:&quot;fadeInRight&quot;,&quot;animation_delay&quot;:200}\">\n\t\t\t\t<div class=\"elementor-element elementor-element-9728a0d elementor-invisible elementor-widget elementor-widget-image\" data-id=\"9728a0d\" data-element_type=\"widget\" data-e-type=\"widget\" data-settings=\"{&quot;_animation&quot;:&quot;fadeIn&quot;}\" data-widget_type=\"image.default\">\n\t\t\t\t\t\t\t\t\t\t\t\t\t\t\t<img decoding=\"async\" width=\"2500\" height=\"1667\" src=\"https:\/\/geersbv.nl\/wp-content\/uploads\/2024\/08\/Armaturen-assimilatiebelichting-groeilicht-geers.jpg\" class=\"attachment-full size-full wp-image-2029\" alt=\"\" srcset=\"https:\/\/geersbv.nl\/wp-content\/uploads\/2024\/08\/Armaturen-assimilatiebelichting-groeilicht-geers.jpg 2500w, https:\/\/geersbv.nl\/wp-content\/uploads\/2024\/08\/Armaturen-assimilatiebelichting-groeilicht-geers-300x200.jpg 300w, https:\/\/geersbv.nl\/wp-content\/uploads\/2024\/08\/Armaturen-assimilatiebelichting-groeilicht-geers-1024x683.jpg 1024w, https:\/\/geersbv.nl\/wp-content\/uploads\/2024\/08\/Armaturen-assimilatiebelichting-groeilicht-geers-768x512.jpg 768w, https:\/\/geersbv.nl\/wp-content\/uploads\/2024\/08\/Armaturen-assimilatiebelichting-groeilicht-geers-1536x1024.jpg 1536w, https:\/\/geersbv.nl\/wp-content\/uploads\/2024\/08\/Armaturen-assimilatiebelichting-groeilicht-geers-2048x1366.jpg 2048w\" sizes=\"(max-width: 2500px) 100vw, 2500px\" \/>\t\t\t\t\t\t\t\t\t\t\t\t\t\t\t<\/div>\n\t\t\t\t<\/div>\n\t\t\t\t\t<\/div>\n\t\t\t\t<\/div>\n\t\t<div class=\"elementor-element elementor-element-9c6a197 e-flex e-con-boxed e-con e-parent\" data-id=\"9c6a197\" data-element_type=\"container\" data-e-type=\"container\" data-settings=\"{&quot;background_background&quot;:&quot;classic&quot;}\">\n\t\t\t\t\t<div class=\"e-con-inner\">\n\t\t<div class=\"elementor-element elementor-element-cf94a9e e-con-full e-flex e-con e-child\" data-id=\"cf94a9e\" data-element_type=\"container\" data-e-type=\"container\">\n\t\t\t\t<div class=\"elementor-element elementor-element-9a843c3 elementor-widget elementor-widget-text-editor\" data-id=\"9a843c3\" data-element_type=\"widget\" data-e-type=\"widget\" data-widget_type=\"text-editor.default\">\n\t\t\t\t\t\t\t\t\t<p>M\u00f6chten Sie die Wachstumsbeleuchtung in Ihrem Betrieb optimal nutzen?  <span style=\"color: #e5004d;\">Kontaktieren Sie uns noch heute.<\/span><\/p>\t\t\t\t\t\t\t\t<\/div>\n\t\t\t\t<div class=\"elementor-element elementor-element-58f3791 elementor-widget elementor-widget-button\" data-id=\"58f3791\" data-element_type=\"widget\" data-e-type=\"widget\" data-widget_type=\"button.default\">\n\t\t\t\t\t\t\t\t\t\t<a class=\"elementor-button elementor-button-link elementor-size-sm\" href=\"https:\/\/geersbv.nl\/de\/kontakt\/\">\n\t\t\t\t\t\t<span class=\"elementor-button-content-wrapper\">\n\t\t\t\t\t\t\t\t\t<span class=\"elementor-button-text\">Kontakt<\/span>\n\t\t\t\t\t<\/span>\n\t\t\t\t\t<\/a>\n\t\t\t\t\t\t\t\t<\/div>\n\t\t\t\t<\/div>\n\t\t\t\t\t<\/div>\n\t\t\t\t<\/div>\n\t\t\t\t<\/div>\n\t\t","protected":false},"excerpt":{"rendered":"<p>Kontrolle \u00fcber Ausf\u00e4lle, Sicherheit in der Produktion Immer sicheres Licht Fehler in Beleuchtungssystemen St\u00f6rungen in Beleuchtungsinstallationen wirken sich direkt auf Wachstum und Ertrag aus. Ausf\u00e4lle der Assimilationsbelichtung oder der Wachstumsbeleuchtung st\u00f6ren den Anbauprozess und erfordern schnelles Handeln. Viele Ausf\u00e4lle werden durch schlechte oder veraltete Verbindungen verursacht. Deshalb entscheidet sich Geers bewusst f\u00fcr eine Installationstechnik mit [&hellip;]<\/p>\n","protected":false},"author":1,"featured_media":0,"parent":0,"menu_order":0,"comment_status":"closed","ping_status":"closed","template":"","meta":{"footnotes":""},"class_list":["post-2267","page","type-page","status-publish","hentry"],"yoast_head":"<!-- This site is optimized with the Yoast SEO plugin v27.3 - https:\/\/yoast.com\/product\/yoast-seo-wordpress\/ -->\n<title>St\u00f6rungen und Wartung - Geers B.V.<\/title>\n<meta name=\"robots\" content=\"index, follow, max-snippet:-1, max-image-preview:large, max-video-preview:-1\" \/>\n<link rel=\"canonical\" href=\"https:\/\/geersbv.nl\/de\/stoerungen-und-wartung\/\" \/>\n<meta property=\"og:locale\" content=\"de_DE\" \/>\n<meta property=\"og:type\" content=\"article\" \/>\n<meta property=\"og:title\" content=\"St\u00f6rungen und Wartung - Geers B.V.\" \/>\n<meta property=\"og:description\" content=\"Kontrolle \u00fcber Ausf\u00e4lle, Sicherheit in der Produktion Immer sicheres Licht Fehler in Beleuchtungssystemen St\u00f6rungen in Beleuchtungsinstallationen wirken sich direkt auf Wachstum und Ertrag aus. Ausf\u00e4lle der Assimilationsbelichtung oder der Wachstumsbeleuchtung st\u00f6ren den Anbauprozess und erfordern schnelles Handeln. Viele Ausf\u00e4lle werden durch schlechte oder veraltete Verbindungen verursacht. Deshalb entscheidet sich Geers bewusst f\u00fcr eine Installationstechnik mit [&hellip;]\" \/>\n<meta property=\"og:url\" content=\"https:\/\/geersbv.nl\/de\/stoerungen-und-wartung\/\" \/>\n<meta property=\"og:site_name\" content=\"Geers B.V.\" \/>\n<meta property=\"article:modified_time\" content=\"2026-02-23T15:18:51+00:00\" \/>\n<meta property=\"og:image\" content=\"https:\/\/geersbv.nl\/wp-content\/uploads\/2024\/08\/Geers-connection-1-cable-lasverbinding-Geers-bv.jpg\" \/>\n\t<meta property=\"og:image:width\" content=\"2500\" \/>\n\t<meta property=\"og:image:height\" content=\"1667\" \/>\n\t<meta property=\"og:image:type\" content=\"image\/jpeg\" \/>\n<meta name=\"twitter:card\" content=\"summary_large_image\" \/>\n<meta name=\"twitter:label1\" content=\"Gesch\u00e4tzte Lesezeit\" \/>\n\t<meta name=\"twitter:data1\" content=\"1\u00a0Minute\" \/>\n<script type=\"application\/ld+json\" class=\"yoast-schema-graph\">{\"@context\":\"https:\\\/\\\/schema.org\",\"@graph\":[{\"@type\":\"WebPage\",\"@id\":\"https:\\\/\\\/geersbv.nl\\\/de\\\/stoerungen-und-wartung\\\/\",\"url\":\"https:\\\/\\\/geersbv.nl\\\/de\\\/stoerungen-und-wartung\\\/\",\"name\":\"St\u00f6rungen und Wartung - Geers B.V.\",\"isPartOf\":{\"@id\":\"https:\\\/\\\/geersbv.nl\\\/de\\\/#website\"},\"primaryImageOfPage\":{\"@id\":\"https:\\\/\\\/geersbv.nl\\\/de\\\/stoerungen-und-wartung\\\/#primaryimage\"},\"image\":{\"@id\":\"https:\\\/\\\/geersbv.nl\\\/de\\\/stoerungen-und-wartung\\\/#primaryimage\"},\"thumbnailUrl\":\"https:\\\/\\\/geersbv.nl\\\/wp-content\\\/uploads\\\/2024\\\/08\\\/Geers-connection-1-cable-lasverbinding-Geers-bv.jpg\",\"datePublished\":\"2026-02-23T13:50:33+00:00\",\"dateModified\":\"2026-02-23T15:18:51+00:00\",\"breadcrumb\":{\"@id\":\"https:\\\/\\\/geersbv.nl\\\/de\\\/stoerungen-und-wartung\\\/#breadcrumb\"},\"inLanguage\":\"de\",\"potentialAction\":[{\"@type\":\"ReadAction\",\"target\":[\"https:\\\/\\\/geersbv.nl\\\/de\\\/stoerungen-und-wartung\\\/\"]}]},{\"@type\":\"ImageObject\",\"inLanguage\":\"de\",\"@id\":\"https:\\\/\\\/geersbv.nl\\\/de\\\/stoerungen-und-wartung\\\/#primaryimage\",\"url\":\"https:\\\/\\\/geersbv.nl\\\/wp-content\\\/uploads\\\/2024\\\/08\\\/Geers-connection-1-cable-lasverbinding-Geers-bv.jpg\",\"contentUrl\":\"https:\\\/\\\/geersbv.nl\\\/wp-content\\\/uploads\\\/2024\\\/08\\\/Geers-connection-1-cable-lasverbinding-Geers-bv.jpg\"},{\"@type\":\"BreadcrumbList\",\"@id\":\"https:\\\/\\\/geersbv.nl\\\/de\\\/stoerungen-und-wartung\\\/#breadcrumb\",\"itemListElement\":[{\"@type\":\"ListItem\",\"position\":1,\"name\":\"Home\",\"item\":\"https:\\\/\\\/geersbv.nl\\\/de\\\/startseite\\\/\"},{\"@type\":\"ListItem\",\"position\":2,\"name\":\"St\u00f6rungen und Wartung\"}]},{\"@type\":\"WebSite\",\"@id\":\"https:\\\/\\\/geersbv.nl\\\/de\\\/#website\",\"url\":\"https:\\\/\\\/geersbv.nl\\\/de\\\/\",\"name\":\"Geers B.V.\",\"description\":\"Assimilatiebelichting specialist\",\"publisher\":{\"@id\":\"https:\\\/\\\/geersbv.nl\\\/de\\\/#organization\"},\"potentialAction\":[{\"@type\":\"SearchAction\",\"target\":{\"@type\":\"EntryPoint\",\"urlTemplate\":\"https:\\\/\\\/geersbv.nl\\\/de\\\/?s={search_term_string}\"},\"query-input\":{\"@type\":\"PropertyValueSpecification\",\"valueRequired\":true,\"valueName\":\"search_term_string\"}}],\"inLanguage\":\"de\"},{\"@type\":\"Organization\",\"@id\":\"https:\\\/\\\/geersbv.nl\\\/de\\\/#organization\",\"name\":\"Geers B.V.\",\"url\":\"https:\\\/\\\/geersbv.nl\\\/de\\\/\",\"logo\":{\"@type\":\"ImageObject\",\"inLanguage\":\"de\",\"@id\":\"https:\\\/\\\/geersbv.nl\\\/de\\\/#\\\/schema\\\/logo\\\/image\\\/\",\"url\":\"https:\\\/\\\/geersbv.nl\\\/wp-content\\\/uploads\\\/2024\\\/08\\\/cropped-Geers-avatar-def.png\",\"contentUrl\":\"https:\\\/\\\/geersbv.nl\\\/wp-content\\\/uploads\\\/2024\\\/08\\\/cropped-Geers-avatar-def.png\",\"width\":512,\"height\":512,\"caption\":\"Geers B.V.\"},\"image\":{\"@id\":\"https:\\\/\\\/geersbv.nl\\\/de\\\/#\\\/schema\\\/logo\\\/image\\\/\"}}]}<\/script>\n<!-- \/ Yoast SEO plugin. -->","yoast_head_json":{"title":"St\u00f6rungen und Wartung - Geers B.V.","robots":{"index":"index","follow":"follow","max-snippet":"max-snippet:-1","max-image-preview":"max-image-preview:large","max-video-preview":"max-video-preview:-1"},"canonical":"https:\/\/geersbv.nl\/de\/stoerungen-und-wartung\/","og_locale":"de_DE","og_type":"article","og_title":"St\u00f6rungen und Wartung - Geers B.V.","og_description":"Kontrolle \u00fcber Ausf\u00e4lle, Sicherheit in der Produktion Immer sicheres Licht Fehler in Beleuchtungssystemen St\u00f6rungen in Beleuchtungsinstallationen wirken sich direkt auf Wachstum und Ertrag aus. Ausf\u00e4lle der Assimilationsbelichtung oder der Wachstumsbeleuchtung st\u00f6ren den Anbauprozess und erfordern schnelles Handeln. Viele Ausf\u00e4lle werden durch schlechte oder veraltete Verbindungen verursacht. Deshalb entscheidet sich Geers bewusst f\u00fcr eine Installationstechnik mit [&hellip;]","og_url":"https:\/\/geersbv.nl\/de\/stoerungen-und-wartung\/","og_site_name":"Geers B.V.","article_modified_time":"2026-02-23T15:18:51+00:00","og_image":[{"width":2500,"height":1667,"url":"https:\/\/geersbv.nl\/wp-content\/uploads\/2024\/08\/Geers-connection-1-cable-lasverbinding-Geers-bv.jpg","type":"image\/jpeg"}],"twitter_card":"summary_large_image","twitter_misc":{"Gesch\u00e4tzte Lesezeit":"1\u00a0Minute"},"schema":{"@context":"https:\/\/schema.org","@graph":[{"@type":"WebPage","@id":"https:\/\/geersbv.nl\/de\/stoerungen-und-wartung\/","url":"https:\/\/geersbv.nl\/de\/stoerungen-und-wartung\/","name":"St\u00f6rungen und Wartung - Geers B.V.","isPartOf":{"@id":"https:\/\/geersbv.nl\/de\/#website"},"primaryImageOfPage":{"@id":"https:\/\/geersbv.nl\/de\/stoerungen-und-wartung\/#primaryimage"},"image":{"@id":"https:\/\/geersbv.nl\/de\/stoerungen-und-wartung\/#primaryimage"},"thumbnailUrl":"https:\/\/geersbv.nl\/wp-content\/uploads\/2024\/08\/Geers-connection-1-cable-lasverbinding-Geers-bv.jpg","datePublished":"2026-02-23T13:50:33+00:00","dateModified":"2026-02-23T15:18:51+00:00","breadcrumb":{"@id":"https:\/\/geersbv.nl\/de\/stoerungen-und-wartung\/#breadcrumb"},"inLanguage":"de","potentialAction":[{"@type":"ReadAction","target":["https:\/\/geersbv.nl\/de\/stoerungen-und-wartung\/"]}]},{"@type":"ImageObject","inLanguage":"de","@id":"https:\/\/geersbv.nl\/de\/stoerungen-und-wartung\/#primaryimage","url":"https:\/\/geersbv.nl\/wp-content\/uploads\/2024\/08\/Geers-connection-1-cable-lasverbinding-Geers-bv.jpg","contentUrl":"https:\/\/geersbv.nl\/wp-content\/uploads\/2024\/08\/Geers-connection-1-cable-lasverbinding-Geers-bv.jpg"},{"@type":"BreadcrumbList","@id":"https:\/\/geersbv.nl\/de\/stoerungen-und-wartung\/#breadcrumb","itemListElement":[{"@type":"ListItem","position":1,"name":"Home","item":"https:\/\/geersbv.nl\/de\/startseite\/"},{"@type":"ListItem","position":2,"name":"St\u00f6rungen und Wartung"}]},{"@type":"WebSite","@id":"https:\/\/geersbv.nl\/de\/#website","url":"https:\/\/geersbv.nl\/de\/","name":"Geers B.V.","description":"Assimilatiebelichting specialist","publisher":{"@id":"https:\/\/geersbv.nl\/de\/#organization"},"potentialAction":[{"@type":"SearchAction","target":{"@type":"EntryPoint","urlTemplate":"https:\/\/geersbv.nl\/de\/?s={search_term_string}"},"query-input":{"@type":"PropertyValueSpecification","valueRequired":true,"valueName":"search_term_string"}}],"inLanguage":"de"},{"@type":"Organization","@id":"https:\/\/geersbv.nl\/de\/#organization","name":"Geers B.V.","url":"https:\/\/geersbv.nl\/de\/","logo":{"@type":"ImageObject","inLanguage":"de","@id":"https:\/\/geersbv.nl\/de\/#\/schema\/logo\/image\/","url":"https:\/\/geersbv.nl\/wp-content\/uploads\/2024\/08\/cropped-Geers-avatar-def.png","contentUrl":"https:\/\/geersbv.nl\/wp-content\/uploads\/2024\/08\/cropped-Geers-avatar-def.png","width":512,"height":512,"caption":"Geers B.V."},"image":{"@id":"https:\/\/geersbv.nl\/de\/#\/schema\/logo\/image\/"}}]}},"_links":{"self":[{"href":"https:\/\/geersbv.nl\/de\/wp-json\/wp\/v2\/pages\/2267","targetHints":{"allow":["GET"]}}],"collection":[{"href":"https:\/\/geersbv.nl\/de\/wp-json\/wp\/v2\/pages"}],"about":[{"href":"https:\/\/geersbv.nl\/de\/wp-json\/wp\/v2\/types\/page"}],"author":[{"embeddable":true,"href":"https:\/\/geersbv.nl\/de\/wp-json\/wp\/v2\/users\/1"}],"replies":[{"embeddable":true,"href":"https:\/\/geersbv.nl\/de\/wp-json\/wp\/v2\/comments?post=2267"}],"version-history":[{"count":5,"href":"https:\/\/geersbv.nl\/de\/wp-json\/wp\/v2\/pages\/2267\/revisions"}],"predecessor-version":[{"id":2295,"href":"https:\/\/geersbv.nl\/de\/wp-json\/wp\/v2\/pages\/2267\/revisions\/2295"}],"wp:attachment":[{"href":"https:\/\/geersbv.nl\/de\/wp-json\/wp\/v2\/media?parent=2267"}],"curies":[{"name":"wp","href":"https:\/\/api.w.org\/{rel}","templated":true}]}}